{"id":2227,"date":"2024-07-22T14:19:04","date_gmt":"2024-07-22T14:19:04","guid":{"rendered":"https:\/\/membraneswitchmfg.com\/manufacturer\/silicone-gasket\/"},"modified":"2024-07-25T06:04:54","modified_gmt":"2024-07-25T06:04:54","slug":"silicone-gasket","status":"publish","type":"product","link":"https:\/\/membraneswitchmfg.com\/it\/manufacturer\/silicone-gasket\/","title":{"rendered":"Guarnizione in silicone"},"content":{"rendered":"<h2><strong>Caratteristiche principali:<\/strong><\/h2>\n<p>1.Resistenza alle alte temperature: Le nostre guarnizioni in silicone sono in grado di resistere a temperature estreme, da -60\u00b0C a 230\u00b0C, rendendole adatte sia agli ambienti ad alta temperatura che a quelli di congelamento.<\/p>\n<p>2. Eccellente flessibilit\u00e0 ed elasticit\u00e0: La flessibilit\u00e0 intrinseca del silicone consente alle nostre guarnizioni di conformarsi alle superfici irregolari, assicurando una tenuta ermetica e affidabile anche in presenza di pressioni elevate.<\/p>\n<p>3. Resistenza chimica superiore: Resistenti a un'ampia gamma di sostanze chimiche, oli e solventi, le nostre guarnizioni in silicone mantengono la loro integrit\u00e0 e le loro prestazioni anche negli ambienti pi\u00f9 difficili.<\/p>\n<p>4. Durata nel tempo: Progettate per durare a lungo, queste guarnizioni resistono all'invecchiamento, agli agenti atmosferici e all'esposizione ai raggi UV, garantendo una durata prolungata con una manutenzione minima.<\/p>\n<p>5. Opzioni di grado FDA e medico: Disponibili nelle opzioni di grado alimentare e medico, le nostre guarnizioni in silicone sono sicure per l'uso in applicazioni alimentari, farmaceutiche e sanitarie.<\/p>\n<h2><strong>Guarnizione in silicone Applicazioni:<\/strong><\/h2>\n<p>1.Automotive: Ideale per motori, trasmissioni e sistemi di scarico, garantisce una tenuta affidabile in condizioni estreme.<\/p>\n<p>2. Apparecchiature industriali: Adatta a pompe, compressori e macchinari, previene le perdite e garantisce un funzionamento efficiente.<\/p>\n<p>3. Alimenti e bevande: Perfetto per sigillare le apparecchiature di lavorazione degli alimenti, garantendo standard di igiene e sicurezza.<\/p>\n<p>4. Dispositivi medici: Sicuro per l'uso in dispositivi e apparecchiature mediche, garantisce una tenuta affidabile in applicazioni critiche.<\/p>\n<p>5.Elettronica: Efficace per la sigillatura di involucri elettronici, per proteggere i componenti sensibili dall'umidit\u00e0 e dalla polvere.<\/p>","protected":false},"excerpt":{"rendered":"<p>Scoprite la soluzione di tenuta definitiva con le nostre guarnizioni in silicone di alta qualit\u00e0. Progettate per fornire prestazioni eccezionali, queste guarnizioni sono progettate per soddisfare le rigorose esigenze di vari settori industriali, garantendo una tenuta perfetta ogni volta. Che si tratti di migliorare la durata delle apparecchiature o di garantire un ambiente a prova di perdite, le nostre guarnizioni in silicone sono la scelta ideale. Il nostro impegno per la qualit\u00e0 e l'innovazione garantisce che le nostre guarnizioni in silicone soddisfino i pi\u00f9 elevati standard industriali. Offriamo un'ampia gamma di dimensioni, forme e opzioni personalizzate per soddisfare le vostre esigenze specifiche. Grazie al nostro team di esperti e ai processi di produzione avanzati, forniamo guarnizioni che garantiscono prestazioni e affidabilit\u00e0 costanti.<\/p>","protected":false},"featured_media":2216,"template":"","meta":[],"product_brand":[],"product_cat":[39],"product_tag":[],"class_list":{"0":"post-2227","1":"product","2":"type-product","3":"status-publish","4":"has-post-thumbnail","6":"product_cat-silicone-rubber","8":"first","9":"instock","10":"shipping-taxable","11":"product-type-simple"},"_links":{"self":[{"href":"https:\/\/membraneswitchmfg.com\/it\/wp-json\/wp\/v2\/product\/2227","targetHints":{"allow":["GET"]}}],"collection":[{"href":"https:\/\/membraneswitchmfg.com\/it\/wp-json\/wp\/v2\/product"}],"about":[{"href":"https:\/\/membraneswitchmfg.com\/it\/wp-json\/wp\/v2\/types\/product"}],"wp:featuredmedia":[{"embeddable":true,"href":"https:\/\/membraneswitchmfg.com\/it\/wp-json\/wp\/v2\/media\/2216"}],"wp:attachment":[{"href":"https:\/\/membraneswitchmfg.com\/it\/wp-json\/wp\/v2\/media?parent=2227"}],"wp:term":[{"taxonomy":"product_brand","embeddable":true,"href":"https:\/\/membraneswitchmfg.com\/it\/wp-json\/wp\/v2\/product_brand?post=2227"},{"taxonomy":"product_cat","embeddable":true,"href":"https:\/\/membraneswitchmfg.com\/it\/wp-json\/wp\/v2\/product_cat?post=2227"},{"taxonomy":"product_tag","embeddable":true,"href":"https:\/\/membraneswitchmfg.com\/it\/wp-json\/wp\/v2\/product_tag?post=2227"}],"curies":[{"name":"wp","href":"https:\/\/api.w.org\/{rel}","templated":true}]}}