{"id":2438,"date":"2024-09-20T06:37:42","date_gmt":"2024-09-20T06:37:42","guid":{"rendered":"https:\/\/membraneswitchmfg.com\/?post_type=product&#038;p=2438"},"modified":"2024-09-20T06:40:01","modified_gmt":"2024-09-20T06:40:01","slug":"in-mold-electronics-ime","status":"publish","type":"product","link":"https:\/\/membraneswitchmfg.com\/it\/manufacturer\/in-mold-electronics-ime\/","title":{"rendered":"Elettronica In-Mold (IME)"},"content":{"rendered":"<h2>Elettronica In-Mold (IME): Una Tecnologia Rivoluzionaria<\/h2>\n<h3 data-sourcepos=\"5:1-5:24\">Vantaggi Chiave dell'Elettronica In-Mold<strong>:<\/strong><\/h3>\n<ul>\n<li><span class=\"citation-2 recitation\">Costi di Assemblaggio Ridotti:<\/span><span class=\"citation-2 recitation citation-end-2\"> Integrando i componenti elettronici direttamente nella parte in plastica, IME elimina la necessit\u00e0 di fasi di assemblaggio separate, riducendo significativamente i costi di produzione.<\/span><\/li>\n<li>Durata Migliorata: <span class=\"citation-3 recitation citation-end-3\">IME crea un forte legame tra i componenti elettronici e la parte in plastica, migliorando la durata e la resistenza ai fattori ambientali.<\/span><\/li>\n<li>Fattore di Forma Pi\u00f9 Piccolo: <span class=\"citation-4 recitation citation-end-4\">IME consente la creazione di dispositivi elettronici pi\u00f9 sottili e compatti, rendendoli pi\u00f9 portatili ed esteticamente gradevoli.<\/span><\/li>\n<li>Estetica Migliorata: IME pu\u00f2 essere utilizzato per creare design fluidi e visivamente accattivanti, integrando i componenti elettronici senza soluzione di continuit\u00e0 nell'aspetto generale del prodotto.<\/li>\n<li>Affidabilit\u00e0 Migliorata: <span class=\"citation-5 recitation citation-end-5\">Eliminando connessioni esterne e fasi di assemblaggio, IME pu\u00f2 migliorare l'affidabilit\u00e0 e la longevit\u00e0 dei prodotti elettronici.<\/span><\/li>\n<\/ul>\n<h3 data-sourcepos=\"13:1-13:24\">Applicazioni dell'Elettronica In-Mold:<\/h3>\n<ul data-sourcepos=\"15:1-19:0\">\n<li data-sourcepos=\"15:1-15:100\">Elettronica di Consumo: Tastiere, telecomandi, cruscotti automobilistici e dispositivi indossabili.<\/li>\n<li data-sourcepos=\"16:1-16:110\">Dispositivi Medici: <span class=\"citation-6 recitation citation-end-6\">Apparecchiature diagnostiche, sistemi di monitoraggio dei pazienti e dispositivi impiantabili.<\/span><\/li>\n<li data-sourcepos=\"16:1-16:110\">Settore Automobilistico: <span class=\"citation-7 recitation citation-end-7\">Pannelli di controllo, quadri strumenti e pannelli delle portiere.<\/span><\/li>\n<li data-sourcepos=\"16:1-16:110\">Automazione Industriale: Pannelli di controllo, sensori e altri componenti di automazione.<\/li>\n<\/ul>","protected":false},"excerpt":{"rendered":"<p><span class=\"citation-0 recitation\">Elettronica In-Mold (IME)<\/span><span class=\"citation-0 recitation citation-end-0\"> \u00e8 un processo di produzione che integra componenti elettronici direttamente in parti in plastica durante il processo di stampaggio.<\/span> <span class=\"citation-1 recitation citation-end-1\">Questa tecnica innovativa offre numerosi vantaggi rispetto ai metodi di assemblaggio tradizionali, rendendola una scelta popolare per vari settori.<\/span><\/p>\n<p><span class=\"citation-8 recitation citation-end-8\">IME \u00e8 una tecnologia all'avanguardia che offre vantaggi significativi in termini di costi, durata, design e affidabilit\u00e0.<\/span> Man mano che la tecnologia continua ad evolversi, possiamo aspettarci di vedere applicazioni ancora pi\u00f9 innovative in futuro.<\/p>","protected":false},"featured_media":2439,"template":"","meta":[],"product_brand":[],"product_cat":[40],"product_tag":[],"class_list":{"0":"post-2438","1":"product","2":"type-product","3":"status-publish","4":"has-post-thumbnail","6":"product_cat-membrane-switch","8":"first","9":"instock","10":"shipping-taxable","11":"product-type-simple"},"_links":{"self":[{"href":"https:\/\/membraneswitchmfg.com\/it\/wp-json\/wp\/v2\/product\/2438","targetHints":{"allow":["GET"]}}],"collection":[{"href":"https:\/\/membraneswitchmfg.com\/it\/wp-json\/wp\/v2\/product"}],"about":[{"href":"https:\/\/membraneswitchmfg.com\/it\/wp-json\/wp\/v2\/types\/product"}],"wp:featuredmedia":[{"embeddable":true,"href":"https:\/\/membraneswitchmfg.com\/it\/wp-json\/wp\/v2\/media\/2439"}],"wp:attachment":[{"href":"https:\/\/membraneswitchmfg.com\/it\/wp-json\/wp\/v2\/media?parent=2438"}],"wp:term":[{"taxonomy":"product_brand","embeddable":true,"href":"https:\/\/membraneswitchmfg.com\/it\/wp-json\/wp\/v2\/product_brand?post=2438"},{"taxonomy":"product_cat","embeddable":true,"href":"https:\/\/membraneswitchmfg.com\/it\/wp-json\/wp\/v2\/product_cat?post=2438"},{"taxonomy":"product_tag","embeddable":true,"href":"https:\/\/membraneswitchmfg.com\/it\/wp-json\/wp\/v2\/product_tag?post=2438"}],"curies":[{"name":"wp","href":"https:\/\/api.w.org\/{rel}","templated":true}]}}