{"id":1686,"date":"2024-06-22T14:56:03","date_gmt":"2024-06-22T14:56:03","guid":{"rendered":"https:\/\/membraneswitchmfg.com\/manufacturer\/ul-high-temperature-resistant-certification-label\/"},"modified":"2024-06-26T00:55:30","modified_gmt":"2024-06-26T00:55:30","slug":"ul-high-temperature-resistant-certification-label","status":"publish","type":"product","link":"https:\/\/membraneswitchmfg.com\/lt\/manufacturer\/ul-high-temperature-resistant-certification-label\/","title":{"rendered":"UL atsparumo auk\u0161tai temperat\u016brai sertifikavimo etiket\u0117"},"content":{"rendered":"<h2 class=\"\" data-sourcepos=\"1:1-1:109\">UL atsparumo auk\u0161tai temperat\u016brai sertifikavimo etiket\u0117s: Saugos ir ilgaam\u017ei\u0161kumo u\u017etikrinimas ekstremalioje aplinkoje<\/h2>\n<p data-sourcepos=\"3:1-3:104\">Apsaugokite savo gaminius ir prek\u0117s \u017eenkl\u0105 naudodami UL sertifikuotas auk\u0161tai temperat\u016brai atsparias etiketes, kurios atlaiko at\u0161iaurias s\u0105lygas.<\/p>\n<p data-sourcepos=\"5:1-5:49\"><strong>Neprilygstamas patvarumas ekstremaliose s\u0105lygose<\/strong><\/p>\n<p data-sourcepos=\"7:1-7:155\">M\u016bs\u0173 UL sertifikuotos auk\u0161tai temperat\u016brai atsparios etiket\u0117s yra pagamintos i\u0161 auk\u0161\u010diausios kokyb\u0117s med\u017eiag\u0173, galin\u010di\u0173 atlaikyti nuolatin\u012f nuo -40 \u00b0C iki 500 \u00b0C temperat\u016bros poveik\u012f. Jos atsparios blukimui, ply\u0161imui ir cheminiam irimui, tod\u0117l idealiai tinka naudoti \u012fvairiose srityse.<\/p>\n<p data-sourcepos=\"9:1-9:38\"><strong>UL sertifikatas u\u017etikrina ramyb\u0119<\/strong><\/p>\n<p data-sourcepos=\"11:1-11:62\">M\u016bs\u0173 UL auk\u0161tai temperat\u016brai atsparias etiketes grie\u017etai testuoja ir sertifikuoja \"Underwriters Laboratories\" (UL) - visame pasaulyje pripa\u017einta saugos standart\u0173 lyder\u0117. \u0160is sertifikatas u\u017etikrina, kad m\u016bs\u0173 etiket\u0117s atitinka auk\u0161\u010diausius patvarumo, eksploatacini\u0173 savybi\u0173 ir saugos standartus.<\/p>\n<p data-sourcepos=\"13:1-13:89\"><strong>Bendradarbiaukite su Kinijos etike\u010di\u0173 br\u016bk\u0161nini\u0173 kod\u0173 spausdintuv\u0173 tiek\u0117jais, kad u\u017etikrintum\u0117te auk\u0161\u010diausi\u0105 kokyb\u0119 ir kompetencij\u0105<\/strong><\/p>\n<p data-sourcepos=\"15:1-15:207\">Kinijos etike\u010di\u0173 br\u016bk\u0161nini\u0173 kod\u0173 spausdintuv\u0173 tiek\u0117jai siekia savo klientams teikti auk\u0161\u010diausios kokyb\u0117s UL auk\u0161tai temperat\u016brai atsparias etiketes ir patirt\u012f, kad patenkint\u0173 j\u0173 konkre\u010dius taikymo poreikius.<\/p>\n<p data-sourcepos=\"17:1-17:82\"><strong>Susisiekite su mumis \u0161iandien<\/strong> nor\u0117dami su\u017einoti daugiau apie m\u016bs\u0173 UL auk\u0161tai temperat\u016brai atsparias etiketes.<\/p>","protected":false},"excerpt":{"rendered":"<p>UL atsparumo auk\u0161tai temperat\u016brai sertifikavimo etiket\u0117 patvirtina, kad gaminys buvo i\u0161bandytas ir sertifikuotas UL (Underwriters Laboratories), kad saugiai atlaikyt\u0173 auk\u0161t\u0105 temperat\u016br\u0105.<\/p>","protected":false},"featured_media":1660,"template":"","meta":[],"product_brand":[],"product_cat":[15],"product_tag":[],"class_list":{"0":"post-1686","1":"product","2":"type-product","3":"status-publish","4":"has-post-thumbnail","6":"product_cat-print-label","8":"first","9":"instock","10":"shipping-taxable","11":"product-type-simple"},"_links":{"self":[{"href":"https:\/\/membraneswitchmfg.com\/lt\/wp-json\/wp\/v2\/product\/1686","targetHints":{"allow":["GET"]}}],"collection":[{"href":"https:\/\/membraneswitchmfg.com\/lt\/wp-json\/wp\/v2\/product"}],"about":[{"href":"https:\/\/membraneswitchmfg.com\/lt\/wp-json\/wp\/v2\/types\/product"}],"wp:featuredmedia":[{"embeddable":true,"href":"https:\/\/membraneswitchmfg.com\/lt\/wp-json\/wp\/v2\/media\/1660"}],"wp:attachment":[{"href":"https:\/\/membraneswitchmfg.com\/lt\/wp-json\/wp\/v2\/media?parent=1686"}],"wp:term":[{"taxonomy":"product_brand","embeddable":true,"href":"https:\/\/membraneswitchmfg.com\/lt\/wp-json\/wp\/v2\/product_brand?post=1686"},{"taxonomy":"product_cat","embeddable":true,"href":"https:\/\/membraneswitchmfg.com\/lt\/wp-json\/wp\/v2\/product_cat?post=1686"},{"taxonomy":"product_tag","embeddable":true,"href":"https:\/\/membraneswitchmfg.com\/lt\/wp-json\/wp\/v2\/product_tag?post=1686"}],"curies":[{"name":"wp","href":"https:\/\/api.w.org\/{rel}","templated":true}]}}