{"id":1687,"date":"2024-06-22T14:56:03","date_gmt":"2024-06-22T14:56:03","guid":{"rendered":"https:\/\/membraneswitchmfg.com\/manufacturer\/csa-high-temperature-resistant-certification-label\/"},"modified":"2024-06-26T00:55:06","modified_gmt":"2024-06-26T00:55:06","slug":"csa-high-temperature-resistant-certification-label","status":"publish","type":"product","link":"https:\/\/membraneswitchmfg.com\/lt\/manufacturer\/csa-high-temperature-resistant-certification-label\/","title":{"rendered":"CSA atsparumo auk\u0161tai temperat\u016brai sertifikavimo etiket\u0117"},"content":{"rendered":"<h2 class=\"\" data-sourcepos=\"1:1-1:108\">CSA atsparumo auk\u0161tai temperat\u016brai sertifikavimo etiket\u0117s: Atitikties ir saugos u\u017etikrinimas at\u0161iaurioje aplinkoje<\/h2>\n<p data-sourcepos=\"3:1-3:119\">Apsaugokite savo gaminius ir prek\u0117s \u017eenkl\u0105 naudodami CSA sertifikuotas auk\u0161tai temperat\u016brai atsparias etiketes, kurios atlaiko ekstremalias s\u0105lygas.<\/p>\n<p data-sourcepos=\"5:1-5:51\"><strong>Neprilygstamas patvarumas reiklioje aplinkoje<\/strong><\/p>\n<p data-sourcepos=\"7:1-7:152\">M\u016bs\u0173 CSA auk\u0161tai temperat\u016brai atsparios etiket\u0117s sukurtos taip, kad atlaikyt\u0173 pa\u010dias sud\u0117tingiausias s\u0105lygas ir u\u017etikrint\u0173, kad informacija apie gamin\u012f i\u0161likt\u0173 ai\u0161ki, matoma ir atitikt\u0173 reikalavimus net ir esant dideliam kar\u0161\u010diui, a\u0161trioms chemin\u0117ms med\u017eiagoms ir abrazyviniam d\u0117v\u0117jimuisi. Pagamintos i\u0161 auk\u0161\u010diausios kokyb\u0117s med\u017eiag\u0173, \u0161ios etiket\u0117s gali atlaikyti nuolatin\u012f temperat\u016bros nuo -40 \u00b0C iki 500 \u00b0C (-40\u00b0F iki 932\u00b0F) poveik\u012f.<\/p>\n<p data-sourcepos=\"9:1-9:23\"><strong>CSA sertifikatas - ramyb\u0117<\/strong><\/p>\n<p data-sourcepos=\"11:1-11:433\">M\u016bs\u0173 CSA auk\u0161tai temperat\u016brai atsparias etiketes grie\u017etai testuoja ir sertifikuoja Kanados standart\u0173 asociacija (CSA), pasaulyje pripa\u017einta saugos standart\u0173 lyder\u0117. \u0160is sertifikavimas u\u017etikrina, kad m\u016bs\u0173 etiket\u0117s atitinka auk\u0161\u010diausius ilgaam\u017ei\u0161kumo, na\u0161umo ir saugos standartus, tod\u0117l galite b\u016bti ram\u016bs, kad j\u016bs\u0173 gamini\u0173 identifikavimo ir saugos \u017eymenys i\u0161liks nepa\u017eeisti net ir sud\u0117tingiausiomis s\u0105lygomis.<\/p>\n<p data-sourcepos=\"13:1-13:42\"><strong>Idealiai tinka \u012fvairioms programoms<\/strong><\/p>\n<p data-sourcepos=\"15:1-15:91\">M\u016bs\u0173 CSA auk\u0161tai temperat\u016brai atsparios etiket\u0117s idealiai tinka naudoti \u012fvairiose srityse, \u012fskaitant:<\/p>\n<ul data-sourcepos=\"17:1-22:0\">\n<li data-sourcepos=\"17:1-17:36\">Pramon\u0117s ma\u0161inos ir \u012franga<\/li>\n<li data-sourcepos=\"18:1-18:37\">Automobili\u0173 ir kosmoso komponentai<\/li>\n<li data-sourcepos=\"19:1-19:28\">Buitin\u0117 technika ir elektronika<\/li>\n<li data-sourcepos=\"20:1-20:17\">Medicinos prietaisai<\/li>\n<li data-sourcepos=\"21:1-22:0\">Lauko \u017eenklai ir etiket\u0117s<\/li>\n<\/ul>\n<p data-sourcepos=\"23:1-23:89\"><strong>Bendradarbiaukite su Kinijos etike\u010di\u0173 br\u016bk\u0161nini\u0173 kod\u0173 spausdintuv\u0173 tiek\u0117jais, kad u\u017etikrintum\u0117te auk\u0161\u010diausi\u0105 kokyb\u0119 ir kompetencij\u0105<\/strong><\/p>\n<p data-sourcepos=\"25:1-25:353\">Kinijos etike\u010di\u0173 br\u016bk\u0161nini\u0173 kod\u0173 spausdintuv\u0173 tiek\u0117jai siekia savo klientams teikti auk\u0161\u010diausios kokyb\u0117s CSA auk\u0161tai temperat\u016brai atsparias etiketes ir \u017einias, kad patenkint\u0173 j\u0173 konkre\u010dius taikymo poreikius. M\u016bs\u0173 patyrusi\u0173 specialist\u0173 komanda gali pad\u0117ti pasirinkti tinkam\u0105 etike\u010di\u0173 med\u017eiag\u0105, klijus ir spausdinimo galimybes pagal j\u016bs\u0173 unikalius reikalavimus.<\/p>\n<p data-sourcepos=\"27:1-27:181\"><strong>Susisiekite su mumis \u0161iandien<\/strong> nor\u0117dami su\u017einoti daugiau apie m\u016bs\u0173 CSA auk\u0161tai temperat\u016brai atsparias etiketes ir apie tai, kaip galime pad\u0117ti apsaugoti j\u016bs\u0173 produktus ir prek\u0117s \u017eenkl\u0105 net ir sud\u0117tingiausiomis s\u0105lygomis.<\/p>","protected":false},"excerpt":{"rendered":"<p>CSA atsparumo auk\u0161tai temperat\u016brai sertifikavimo etiket\u0117 rei\u0161kia, kad gaminys buvo i\u0161bandytas ir sertifikuotas CSA (Kanados standart\u0173 asociacijos), kad veiksmingai ir saugiai atlaikyt\u0173 auk\u0161t\u0105 temperat\u016br\u0105.<\/p>","protected":false},"featured_media":1653,"template":"","meta":[],"product_brand":[],"product_cat":[15],"product_tag":[],"class_list":{"0":"post-1687","1":"product","2":"type-product","3":"status-publish","4":"has-post-thumbnail","6":"product_cat-print-label","8":"first","9":"instock","10":"shipping-taxable","11":"product-type-simple"},"_links":{"self":[{"href":"https:\/\/membraneswitchmfg.com\/lt\/wp-json\/wp\/v2\/product\/1687","targetHints":{"allow":["GET"]}}],"collection":[{"href":"https:\/\/membraneswitchmfg.com\/lt\/wp-json\/wp\/v2\/product"}],"about":[{"href":"https:\/\/membraneswitchmfg.com\/lt\/wp-json\/wp\/v2\/types\/product"}],"wp:featuredmedia":[{"embeddable":true,"href":"https:\/\/membraneswitchmfg.com\/lt\/wp-json\/wp\/v2\/media\/1653"}],"wp:attachment":[{"href":"https:\/\/membraneswitchmfg.com\/lt\/wp-json\/wp\/v2\/media?parent=1687"}],"wp:term":[{"taxonomy":"product_brand","embeddable":true,"href":"https:\/\/membraneswitchmfg.com\/lt\/wp-json\/wp\/v2\/product_brand?post=1687"},{"taxonomy":"product_cat","embeddable":true,"href":"https:\/\/membraneswitchmfg.com\/lt\/wp-json\/wp\/v2\/product_cat?post=1687"},{"taxonomy":"product_tag","embeddable":true,"href":"https:\/\/membraneswitchmfg.com\/lt\/wp-json\/wp\/v2\/product_tag?post=1687"}],"curies":[{"name":"wp","href":"https:\/\/api.w.org\/{rel}","templated":true}]}}