{"id":1688,"date":"2024-06-22T14:56:03","date_gmt":"2024-06-22T14:56:03","guid":{"rendered":"https:\/\/membraneswitchmfg.com\/manufacturer\/outdoor-sun-and-weather-resistant-certification-label\/"},"modified":"2024-06-26T00:54:35","modified_gmt":"2024-06-26T00:54:35","slug":"outdoor-sun-and-weather-resistant-certification-label","status":"publish","type":"product","link":"https:\/\/membraneswitchmfg.com\/lt\/manufacturer\/outdoor-sun-and-weather-resistant-certification-label\/","title":{"rendered":"Lauko saulei ir oro s\u0105lygoms atsparus sertifikavimo \u017eenklas"},"content":{"rendered":"<h2 class=\"\" data-sourcepos=\"1:1-1:103\">Lauko saulei ir orui atsparios sertifikavimo etiket\u0117s: Ilgalaik\u0117 lauko \u017eenkl\u0173 apsauga<\/h2>\n<p data-sourcepos=\"3:1-3:110\">Apsaugokite savo lauko \u017eenklus ir etiketes nuo at\u0161iauri\u0173 veiksni\u0173 naudodami m\u016bs\u0173 patvarias ir oro s\u0105lygoms atsparias sertifikavimo etiketes. M\u016bs\u0173 etiket\u0117s sukurtos taip, kad atlaikyt\u0173 negailesting\u0105 saul\u0119, liet\u0173, v\u0117j\u0105 ir ekstremali\u0105 temperat\u016br\u0105, tod\u0117l u\u017etikrina, kad j\u016bs\u0173 svarb\u016bs prane\u0161imai i\u0161likt\u0173 ai\u0161k\u016bs, matomi ir atitikt\u0173 reikalavimus daugel\u012f met\u0173.<\/p>\n<p data-sourcepos=\"5:1-5:49\"><strong>Neprilygstamas patvarumas lauko aplinkoje<\/strong><\/p>\n<p data-sourcepos=\"7:1-7:266\">M\u016bs\u0173 lauko saulei ir oro s\u0105lygoms atsparios sertifikavimo etiket\u0117s, pagamintos i\u0161 auk\u0161\u010diausios kokyb\u0117s med\u017eiag\u0173 ir naudojant pa\u017eangius spausdinimo b\u016bdus, yra ilgaam\u017e\u0117s. Jos atsparios blukimui, ply\u0161imui ir cheminiam irimui net ir sud\u0117tingiausiomis lauko s\u0105lygomis.<\/p>\n<p data-sourcepos=\"9:1-9:50\"><strong>Idealiai tinka \u012fvairioms lauko reikm\u0117ms<\/strong><\/p>\n<p data-sourcepos=\"11:1-11:113\">M\u016bs\u0173 lauko saulei ir oro s\u0105lygoms atsparios sertifikavimo etiket\u0117s idealiai tinka \u012fvairioms reikm\u0117ms, \u012fskaitant:<\/p>\n<ul data-sourcepos=\"13:1-18:0\">\n<li data-sourcepos=\"13:1-13:35\"><strong>Produkt\u0173 identifikavimo etiket\u0117s<\/strong><\/li>\n<li data-sourcepos=\"14:1-14:38\"><strong>Saugos \u012fsp\u0117jimai ir instrukcijos<\/strong><\/li>\n<li data-sourcepos=\"15:1-15:36\"><strong>Atitikties teis\u0117s akt\u0173 reikalavimams \u017eenklinimas<\/strong><\/li>\n<li data-sourcepos=\"16:1-16:27\"><strong>Turto steb\u0117jimo etiket\u0117s<\/strong><\/li>\n<li data-sourcepos=\"17:1-18:0\"><strong>Reklaminiai ir rinkodaros \u017eenklai<\/strong><\/li>\n<\/ul>\n<p data-sourcepos=\"19:1-19:89\"><strong>Bendradarbiaukite su Kinijos etike\u010di\u0173 br\u016bk\u0161nini\u0173 kod\u0173 spausdintuv\u0173 tiek\u0117jais, kad u\u017etikrintum\u0117te auk\u0161\u010diausi\u0105 kokyb\u0119 ir kompetencij\u0105<\/strong><\/p>\n<p data-sourcepos=\"21:1-21:183\">Kinijos etike\u010di\u0173 br\u016bk\u0161nini\u0173 kod\u0173 spausdintuv\u0173 tiek\u0117jai siekia savo klientams suteikti auk\u0161\u010diausios kokyb\u0117s lauko saulei ir oro s\u0105lygoms atsparias sertifikavimo etiketes ir patirt\u012f, kad patenkint\u0173 j\u0173 konkre\u010dius taikymo poreikius. M\u016bs\u0173 patyrusi\u0173 specialist\u0173 komanda gali pad\u0117ti pasirinkti tinkam\u0105 etike\u010di\u0173 med\u017eiag\u0105, klijus ir spausdinimo galimybes pagal j\u016bs\u0173 unikalius reikalavimus.<\/p>\n<p data-sourcepos=\"23:1-23:182\"><strong>Susisiekite su mumis \u0161iandien<\/strong> nor\u0117dami su\u017einoti daugiau apie m\u016bs\u0173 lauko saulei ir oro s\u0105lygoms atsparias sertifikavimo etiketes ir apie tai, kaip galime pad\u0117ti apsaugoti j\u016bs\u0173 lauko \u017eenklus ir etiketes nuo gamtos stichij\u0173.<\/p>","protected":false},"excerpt":{"rendered":"<p>Lauko saulei ir oro s\u0105lygoms atsparaus gaminio sertifikavimo etiket\u0117 rodo, kad gaminys buvo i\u0161bandytas ir sertifikuotas kaip atsparus saul\u0117s spinduliams ir \u012fvairioms oro s\u0105lygoms, i\u0161laikant jo savybes ir ilgaam\u017ei\u0161kum\u0105.<\/p>","protected":false},"featured_media":1655,"template":"","meta":[],"product_brand":[],"product_cat":[15],"product_tag":[],"class_list":{"0":"post-1688","1":"product","2":"type-product","3":"status-publish","4":"has-post-thumbnail","6":"product_cat-print-label","8":"first","9":"instock","10":"shipping-taxable","11":"product-type-simple"},"_links":{"self":[{"href":"https:\/\/membraneswitchmfg.com\/lt\/wp-json\/wp\/v2\/product\/1688","targetHints":{"allow":["GET"]}}],"collection":[{"href":"https:\/\/membraneswitchmfg.com\/lt\/wp-json\/wp\/v2\/product"}],"about":[{"href":"https:\/\/membraneswitchmfg.com\/lt\/wp-json\/wp\/v2\/types\/product"}],"wp:featuredmedia":[{"embeddable":true,"href":"https:\/\/membraneswitchmfg.com\/lt\/wp-json\/wp\/v2\/media\/1655"}],"wp:attachment":[{"href":"https:\/\/membraneswitchmfg.com\/lt\/wp-json\/wp\/v2\/media?parent=1688"}],"wp:term":[{"taxonomy":"product_brand","embeddable":true,"href":"https:\/\/membraneswitchmfg.com\/lt\/wp-json\/wp\/v2\/product_brand?post=1688"},{"taxonomy":"product_cat","embeddable":true,"href":"https:\/\/membraneswitchmfg.com\/lt\/wp-json\/wp\/v2\/product_cat?post=1688"},{"taxonomy":"product_tag","embeddable":true,"href":"https:\/\/membraneswitchmfg.com\/lt\/wp-json\/wp\/v2\/product_tag?post=1688"}],"curies":[{"name":"wp","href":"https:\/\/api.w.org\/{rel}","templated":true}]}}