{"id":1691,"date":"2024-06-22T14:56:03","date_gmt":"2024-06-22T14:56:03","guid":{"rendered":"https:\/\/membraneswitchmfg.com\/manufacturer\/anti-counterfeiting-anti-theft-label\/"},"modified":"2024-06-26T00:51:33","modified_gmt":"2024-06-26T00:51:33","slug":"anti-counterfeiting-anti-theft-label","status":"publish","type":"product","link":"https:\/\/membraneswitchmfg.com\/lt\/manufacturer\/anti-counterfeiting-anti-theft-label\/","title":{"rendered":"Kovos su klastojimu ir vagyste etiket\u0117"},"content":{"rendered":"<h2 class=\"\" data-sourcepos=\"1:1-1:76\">Apsaugos nuo klastojimo ir vagys\u010di\u0173 etiket\u0117s: Apsaugokite savo produktus ir prek\u0117s \u017eenkl\u0105<\/h2>\n<p data-sourcepos=\"3:1-3:90\">Apsaugokite savo gaminius ir prek\u0117s \u017eenklo reputacij\u0105 naudodami m\u016bs\u0173 naujovi\u0161kas nuo klastojimo apsaugan\u010dias etiketes. \u0160ios pa\u017eangiosios etiket\u0117s sukurtos taip, kad sulaikyt\u0173 nuo padirbin\u0117jimo, u\u017ekirst\u0173 keli\u0105 vagyst\u0117ms ir u\u017etikrint\u0173 j\u016bs\u0173 produkt\u0173 autenti\u0161kum\u0105, o tai suteikia ramyb\u0119 ir jums, ir j\u016bs\u0173 klientams.<\/p>\n<p data-sourcepos=\"5:1-5:31\"><strong>Neprilygstamos saugumo funkcijos<\/strong><\/p>\n<p data-sourcepos=\"7:1-7:110\">M\u016bs\u0173 etiket\u0117se, apsaugan\u010diose nuo klastojimo ir vagys\u010di\u0173, \u012fdiegtos \u012fvairios pa\u017eangios apsaugos priemon\u0117s, \u012fskaitant:<\/p>\n<ul data-sourcepos=\"9:1-11:15\">\n<li data-sourcepos=\"9:1-9:85\"><strong>Unikal\u016bs klastojimo po\u017eymi\u0173 turintys dizainai<\/strong> kurie pa\u0161alinus sugenda arba atskleid\u017eia pasl\u0117ptus prane\u0161imus.<\/li>\n<li data-sourcepos=\"10:1-10:66\"><strong>\u012eterptasis mikrotekstas<\/strong> kuris matomas tik padidinus<\/li>\n<li data-sourcepos=\"11:1-11:15\"><strong>Holografiniai vaizdai<\/strong> kuri\u0173 negalima pakartoti.<\/li>\n<li data-sourcepos=\"12:1-13:0\"><strong>Specializuoti ra\u0161alai<\/strong> kurie reaguoja \u012f tam tikras chemines med\u017eiagas ar tirpiklius.<\/li>\n<\/ul>\n<p data-sourcepos=\"14:1-14:152\">D\u0117l \u0161i\u0173 savybi\u0173 padirbin\u0117tojams prakti\u0161kai ne\u012fmanoma kopijuoti etike\u010di\u0173, tod\u0117l j\u016bs\u0173 gaminiai ir prek\u0117s \u017eenklas apsaugomi nuo neteis\u0117to imitavimo.<\/p>\n<p data-sourcepos=\"16:1-16:49\"><strong>\u012evairiapusis produkt\u0173 apsaugos taikymas<\/strong><\/p>\n<p data-sourcepos=\"18:1-18:99\">M\u016bs\u0173 etiket\u0117s, apsaugan\u010dios nuo vagys\u010di\u0173 ir padirbin\u0117jimo, tinka \u012fvairioms reikm\u0117ms, \u012fskaitant:<\/p>\n<ul data-sourcepos=\"20:1-23:1\">\n<li data-sourcepos=\"20:1-20:45\"><strong>Vaistai ir sveikatos prie\u017ei\u016bros produktai<\/strong><\/li>\n<li data-sourcepos=\"21:1-21:36\"><strong>Elektronika ir plataus vartojimo prek\u0117s<\/strong><\/li>\n<li data-sourcepos=\"22:1-22:32\"><strong>Prabangos prek\u0117s ir kosmetika<\/strong><\/li>\n<li data-sourcepos=\"23:1-23:1\"><strong>Pramon\u0117s komponentai ir ma\u0161inos<\/strong><\/li>\n<li data-sourcepos=\"24:1-25:0\"><strong>Programin\u0117 \u012franga ir skaitmeniniai produktai<\/strong><\/li>\n<\/ul>\n<p data-sourcepos=\"26:1-26:166\">M\u016bs\u0173 etiket\u0117mis \u017eenklindami savo gaminius galite u\u017ekirsti keli\u0105 klastojimui, i\u0161vengti vagys\u010di\u0173 ir u\u017etikrinti, kad klientai gaut\u0173 originalius gaminius i\u0161 autorizuot\u0173 \u0161altini\u0173.<\/p>\n<p data-sourcepos=\"28:1-28:89\"><strong>Bendradarbiaukite su Kinijos etike\u010di\u0173 br\u016bk\u0161nini\u0173 kod\u0173 spausdintuv\u0173 tiek\u0117jais, kad u\u017etikrintum\u0117te auk\u0161\u010diausi\u0105 kokyb\u0119 ir kompetencij\u0105<\/strong><\/p>\n<p data-sourcepos=\"30:1-30:362\">Kinijos etike\u010di\u0173 br\u016bk\u0161nini\u0173 kod\u0173 spausdintuv\u0173 tiek\u0117jai siekia savo klientams suteikti auk\u0161\u010diausios kokyb\u0117s nuo klastojimo apsaugotas etiketes ir kompetencij\u0105, kad patenkint\u0173 j\u0173 konkre\u010dius taikymo poreikius. M\u016bs\u0173 patyrusi\u0173 specialist\u0173 komanda gali pad\u0117ti pasirinkti tinkam\u0105 etike\u010di\u0173 med\u017eiag\u0105, apsaugos priemones ir spausdinimo galimybes pagal j\u016bs\u0173 unikalius reikalavimus.<\/p>\n<p data-sourcepos=\"32:1-32:169\"><strong>Susisiekite su mumis \u0161iandien<\/strong> nor\u0117dami su\u017einoti daugiau apie m\u016bs\u0173 nuo klastojimo ir vagys\u010di\u0173 apsaugan\u010dias etiketes ir apie tai, kaip galime pad\u0117ti apsaugoti j\u016bs\u0173 produktus ir prek\u0117s \u017eenkl\u0105 nuo klastojimo ir vagys\u010di\u0173.<\/p>\n<p data-sourcepos=\"34:1-34:80\"><strong>Papildomi raktiniai \u017eod\u017eiai:<\/strong> spausdintuvo etiket\u0117s, etike\u010di\u0173 spausdinimo \u012fmon\u0117, kovojanti su klastojimu<\/p>","protected":false},"excerpt":{"rendered":"<p>Apsaugos nuo klastojimo ir vagys\u010di\u0173 etiket\u0117s - tai specialios apsaugos \u017eymos ir \u017eymenys, skirti apsaugoti produktus ir turt\u0105 nuo neteis\u0117to atgaminimo, vagyst\u0117s ir klastojimo. \u0160iose etiket\u0117se \u012fdiegtos pa\u017eangios technologijos, skirtos autenti\u0161kumui patikrinti, u\u017ekirsti keli\u0105 klastojimui ir u\u017ekirsti keli\u0105 vagyst\u0117ms, u\u017etikrinant preki\u0173 vientisum\u0105 ir saugum\u0105 \u012fvairiose pramon\u0117s \u0161akose.<\/p>","protected":false},"featured_media":1652,"template":"","meta":[],"product_brand":[],"product_cat":[15],"product_tag":[],"class_list":{"0":"post-1691","1":"product","2":"type-product","3":"status-publish","4":"has-post-thumbnail","6":"product_cat-print-label","8":"first","9":"instock","10":"shipping-taxable","11":"product-type-simple"},"_links":{"self":[{"href":"https:\/\/membraneswitchmfg.com\/lt\/wp-json\/wp\/v2\/product\/1691","targetHints":{"allow":["GET"]}}],"collection":[{"href":"https:\/\/membraneswitchmfg.com\/lt\/wp-json\/wp\/v2\/product"}],"about":[{"href":"https:\/\/membraneswitchmfg.com\/lt\/wp-json\/wp\/v2\/types\/product"}],"wp:featuredmedia":[{"embeddable":true,"href":"https:\/\/membraneswitchmfg.com\/lt\/wp-json\/wp\/v2\/media\/1652"}],"wp:attachment":[{"href":"https:\/\/membraneswitchmfg.com\/lt\/wp-json\/wp\/v2\/media?parent=1691"}],"wp:term":[{"taxonomy":"product_brand","embeddable":true,"href":"https:\/\/membraneswitchmfg.com\/lt\/wp-json\/wp\/v2\/product_brand?post=1691"},{"taxonomy":"product_cat","embeddable":true,"href":"https:\/\/membraneswitchmfg.com\/lt\/wp-json\/wp\/v2\/product_cat?post=1691"},{"taxonomy":"product_tag","embeddable":true,"href":"https:\/\/membraneswitchmfg.com\/lt\/wp-json\/wp\/v2\/product_tag?post=1691"}],"curies":[{"name":"wp","href":"https:\/\/api.w.org\/{rel}","templated":true}]}}