{"id":1693,"date":"2024-06-22T14:56:03","date_gmt":"2024-06-22T14:56:03","guid":{"rendered":"https:\/\/membraneswitchmfg.com\/manufacturer\/removable-non-residual-electrostatic-film-label\/"},"modified":"2024-06-25T14:49:18","modified_gmt":"2024-06-25T14:49:18","slug":"removable-non-residual-electrostatic-film-label","status":"publish","type":"product","link":"https:\/\/membraneswitchmfg.com\/lt\/manufacturer\/removable-non-residual-electrostatic-film-label\/","title":{"rendered":"Nuimama ne vienkartin\u0117 elektrostatin\u0117s pl\u0117vel\u0117s etiket\u0117"},"content":{"rendered":"<h2 class=\"\" data-sourcepos=\"3:1-3:94\">Nuimamos vienkartin\u0117s elektrostatin\u0117s pl\u0117vel\u0117s etiket\u0117s: Universal\u016bs ir daugkartinio naudojimo \u017eenklinimo sprendimai<\/h2>\n<p data-sourcepos=\"5:1-5:318\">Su m\u016bs\u0173 nuimamomis vienkartin\u0117mis elektrostatin\u0117mis pl\u0117velin\u0117mis etiket\u0117mis patogu naudoti daugkartinio naudojimo etiketes. \u0160ios universalios etiket\u0117s yra patogus sprendimas laikiniems \u017eenklams, produkt\u0173 identifikavimui ir reklaminiams prane\u0161imams, nes saugiai prilimpa prie \u012fvairi\u0173 pavir\u0161i\u0173 nepalikdamos lipni\u0173 liku\u010di\u0173.<\/p>\n<p data-sourcepos=\"7:1-7:52\"><strong>Neprilygstamas universalumas laikinoms programoms<\/strong><\/p>\n<p data-sourcepos=\"9:1-9:162\">M\u016bs\u0173 nuimamos nenuimamos elektrostatin\u0117s pl\u0117vel\u0117s etiket\u0117s idealiai tinka tais atvejais, kai etiketes reikia da\u017enai nuimti ir pakeisti j\u0173 viet\u0105. Jos puikiai tinka:<\/p>\n<ul data-sourcepos=\"11:1-16:0\">\n<li data-sourcepos=\"11:1-11:36\"><strong>Ma\u017emenin\u0117s ir reklamin\u0117s i\u0161kabos<\/strong><\/li>\n<li data-sourcepos=\"12:1-12:38\"><strong>Sand\u0117lio ir inventoriaus \u017eenklinimas<\/strong><\/li>\n<li data-sourcepos=\"13:1-13:40\"><strong>Laikinas biuro ir rengini\u0173 \u017eenklinimas<\/strong><\/li>\n<li data-sourcepos=\"14:1-14:41\"><strong>Produkt\u0173 \u017eenklinimas ir identifikavimas<\/strong><\/li>\n<li data-sourcepos=\"15:1-16:0\"><strong>Mokomosios ir mokomosios i\u0161kabos<\/strong><\/li>\n<\/ul>\n<p data-sourcepos=\"17:1-17:29\"><strong>Daugkartinio naudojimo ir be liku\u010di\u0173<\/strong><\/p>\n<p data-sourcepos=\"19:1-19:284\">\u0160ios etiket\u0117s pagamintos i\u0161 auk\u0161tos kokyb\u0117s elektrostatin\u0117s pl\u0117vel\u0117s, tod\u0117l jos patikimai prilimpa prie lygi\u0173 pavir\u0161i\u0173 nenaudojant klij\u0173. Jas galima lengvai nuimti ir perkelti \u012f kit\u0105 viet\u0105, nepaliekant lipni\u0173 liku\u010di\u0173, tod\u0117l jos yra tvarus ir ekologi\u0161kas \u017eenklinimo pasirinkimas.<\/p>\n<p data-sourcepos=\"21:1-21:2\"><strong>Suderinamas su \u012fvairiais spausdintuvais<\/strong><\/p>\n<p data-sourcepos=\"23:1-23:243\">M\u016bs\u0173 nuimamos nenuimamos elektrostatin\u0117s pl\u0117vel\u0117s etiket\u0117s yra suderinamos su \u012fvairiais ra\u0161aliniais ir lazeriniais spausdintuvais, tod\u0117l galite patys kurti individualias etiketes. Jos yra \u012fvairi\u0173 dyd\u017ei\u0173 ir form\u0173, kad atitikt\u0173 j\u016bs\u0173 konkre\u010dius poreikius.<\/p>\n<p data-sourcepos=\"25:1-25:89\"><strong>Bendradarbiaukite su Kinijos etike\u010di\u0173 br\u016bk\u0161nini\u0173 kod\u0173 spausdintuv\u0173 tiek\u0117jais, kad u\u017etikrintum\u0117te auk\u0161\u010diausi\u0105 kokyb\u0119 ir kompetencij\u0105<\/strong><\/p>\n<p data-sourcepos=\"27:1-27:360\">Kinijos etike\u010di\u0173 br\u016bk\u0161nini\u0173 kod\u0173 spausdintuv\u0173 tiek\u0117jai siekia savo klientams teikti auk\u0161\u010diausios kokyb\u0117s nuimamas neatsinaujinan\u010dias elektrostatines pl\u0117vel\u0117s etiketes ir \u017einias, kad patenkint\u0173 j\u0173 konkre\u010dius taikymo poreikius. M\u016bs\u0173 patyrusi\u0173 specialist\u0173 komanda gali pad\u0117ti pasirinkti tinkam\u0105 etike\u010di\u0173 med\u017eiag\u0105, dyd\u012f ir spausdinimo galimybes pagal j\u016bs\u0173 unikalius reikalavimus.<\/p>\n<p data-sourcepos=\"29:1-29:170\"><strong>Susisiekite su mumis \u0161iandien<\/strong> nor\u0117dami su\u017einoti daugiau apie m\u016bs\u0173 nuimamas nelaikan\u010dias elektrostatines pl\u0117vel\u0117s etiketes ir apie tai, kaip galime pad\u0117ti jums supaprastinti \u017eenklinimo procesus ir suma\u017einti atliek\u0173 kiek\u012f.<\/p>","protected":false},"excerpt":{"rendered":"<p>Nuimamos nenuimamos elektrostatin\u0117s pl\u0117velin\u0117s etiket\u0117s - tai etiket\u0117s, kurios prie pavir\u0161i\u0173 prilimpa ne klijais, o statine elektra. \u0160i unikali savyb\u0117 leid\u017eia jas lengvai klijuoti ir nuimti nepaliekant joki\u0173 lipni\u0173 liku\u010di\u0173 ar pa\u017eeidim\u0173.<\/p>","protected":false},"featured_media":1658,"template":"","meta":[],"product_brand":[],"product_cat":[15],"product_tag":[],"class_list":{"0":"post-1693","1":"product","2":"type-product","3":"status-publish","4":"has-post-thumbnail","6":"product_cat-print-label","8":"first","9":"instock","10":"shipping-taxable","11":"product-type-simple"},"_links":{"self":[{"href":"https:\/\/membraneswitchmfg.com\/lt\/wp-json\/wp\/v2\/product\/1693","targetHints":{"allow":["GET"]}}],"collection":[{"href":"https:\/\/membraneswitchmfg.com\/lt\/wp-json\/wp\/v2\/product"}],"about":[{"href":"https:\/\/membraneswitchmfg.com\/lt\/wp-json\/wp\/v2\/types\/product"}],"wp:featuredmedia":[{"embeddable":true,"href":"https:\/\/membraneswitchmfg.com\/lt\/wp-json\/wp\/v2\/media\/1658"}],"wp:attachment":[{"href":"https:\/\/membraneswitchmfg.com\/lt\/wp-json\/wp\/v2\/media?parent=1693"}],"wp:term":[{"taxonomy":"product_brand","embeddable":true,"href":"https:\/\/membraneswitchmfg.com\/lt\/wp-json\/wp\/v2\/product_brand?post=1693"},{"taxonomy":"product_cat","embeddable":true,"href":"https:\/\/membraneswitchmfg.com\/lt\/wp-json\/wp\/v2\/product_cat?post=1693"},{"taxonomy":"product_tag","embeddable":true,"href":"https:\/\/membraneswitchmfg.com\/lt\/wp-json\/wp\/v2\/product_tag?post=1693"}],"curies":[{"name":"wp","href":"https:\/\/api.w.org\/{rel}","templated":true}]}}