{"id":1694,"date":"2024-06-22T14:56:04","date_gmt":"2024-06-22T14:56:04","guid":{"rendered":"https:\/\/membraneswitchmfg.com\/manufacturer\/listing-card-product-manual\/"},"modified":"2024-06-25T14:40:27","modified_gmt":"2024-06-25T14:40:27","slug":"listing-card-product-manual","status":"publish","type":"product","link":"https:\/\/membraneswitchmfg.com\/lt\/manufacturer\/listing-card-product-manual\/","title":{"rendered":"S\u0105ra\u0161o kortel\u0117 ir gaminio vadovas"},"content":{"rendered":"<h2 class=\"\" data-sourcepos=\"1:1-1:87\">S\u0105ra\u0161\u0173 kortel\u0117s ir gamini\u0173 vadovai: Produkto pristatymo ir prek\u0117s \u017eenklo tapatumo gerinimas<\/h2>\n<p data-sourcepos=\"3:1-3:108\">Pagerinkite savo produkt\u0173 pristatym\u0105 ir prek\u0117s \u017eenklo identitet\u0105 naudodami m\u016bs\u0173 auk\u0161tos kokyb\u0117s s\u0105ra\u0161o korteles ir produkt\u0173 vadovus. \u0160ios svarbios priemon\u0117s suteikia vertingos informacijos klientams, pagerina j\u0173 apsipirkimo patirt\u012f ir skatina lojalum\u0105 prek\u0117s \u017eenklui.<\/p>\n<p data-sourcepos=\"5:1-5:56\"><strong>S\u0105ra\u0161o kortel\u0117s: Ai\u0161ki ir glausta informacija apie produkt\u0105<\/strong><\/p>\n<p data-sourcepos=\"7:1-7:21\">Kortel\u0117se glaustai ir informatyviai ap\u017evelgiami j\u016bs\u0173 produktai, i\u0161 pirmo \u017evilgsnio pateikiant svarbiausi\u0105 informacij\u0105. Jos idealiai tinka:<\/p>\n<ul data-sourcepos=\"9:1-12:0\">\n<li data-sourcepos=\"9:1-9:64\"><strong>Produkt\u0173 pavadinim\u0173, apra\u0161ym\u0173 ir specifikacij\u0173 rodymas<\/strong><\/li>\n<li data-sourcepos=\"10:1-10:44\"><strong>Pagrindini\u0173 savybi\u0173 ir privalum\u0173 pabr\u0117\u017eimas<\/strong><\/li>\n<li data-sourcepos=\"11:1-12:0\"><strong>Produkt\u0173 vaizd\u0173 ir prek\u0117s \u017eenklo demonstravimas<\/strong><\/li>\n<\/ul>\n<p data-sourcepos=\"13:1-13:48\"><strong>Produkto vadovai: I\u0161sam\u016bs naudotojo vadovai<\/strong><\/p>\n<p data-sourcepos=\"15:1-15:23\">Produkt\u0173 vadovuose pateikiamos i\u0161samios instrukcijos ir nurodymai apie j\u016bs\u0173 produktus, u\u017etikrinantis klient\u0173 pasitenkinim\u0105 ir ma\u017einantis palaikymo i\u0161laidas. Jie apima:<\/p>\n<ul data-sourcepos=\"17:1-21:0\">\n<li data-sourcepos=\"17:1-17:50\"><strong>I\u0161samios diegimo ir s\u0105rankos instrukcijos<\/strong><\/li>\n<li data-sourcepos=\"18:1-18:39\"><strong>\u017dingsnis po \u017eingsnio darbo proced\u016bros<\/strong><\/li>\n<li data-sourcepos=\"19:1-19:35\"><strong>Trik\u010di\u0173 \u0161alinimo patarimai ir DUK<\/strong><\/li>\n<li data-sourcepos=\"20:1-21:0\"><strong>Saugos \u012fsp\u0117jimai ir atsargumo priemon\u0117s<\/strong><\/li>\n<\/ul>\n<p data-sourcepos=\"22:1-22:89\"><strong>Bendradarbiaukite su Kinijos etike\u010di\u0173 br\u016bk\u0161nini\u0173 kod\u0173 spausdintuv\u0173 tiek\u0117jais, kad u\u017etikrintum\u0117te auk\u0161\u010diausi\u0105 kokyb\u0119 ir kompetencij\u0105<\/strong><\/p>\n<p data-sourcepos=\"24:1-24:316\">Kinijos etike\u010di\u0173 br\u016bk\u0161nini\u0173 kod\u0173 spausdintuv\u0173 tiek\u0117jai yra \u012fsipareigoj\u0119 teikti savo klientams auk\u0161\u010diausios kokyb\u0117s s\u0105ra\u0161o korteles ir produkt\u0173 vadovus. M\u016bs\u0173 patyrusi\u0173 specialist\u0173 komanda gali pad\u0117ti jums suprojektuoti ir sukurti nestandartin\u0119 med\u017eiag\u0105, kuri atitikt\u0173 j\u016bs\u0173 prek\u0117s \u017eenklo identitet\u0105 ir veiksmingai perduot\u0173 informacij\u0105 apie gamin\u012f.<\/p>\n<p data-sourcepos=\"26:1-26:62\"><strong>Susisiekite su mumis \u0161iandien<\/strong> nor\u0117dami su\u017einoti daugiau apie m\u016bs\u0173 s\u0105ra\u0161o korteles ir gamini\u0173 vadovus bei kaip galime pad\u0117ti jums pagerinti gamini\u0173 pateikim\u0105, pagerinti klient\u0173 patirt\u012f ir sustiprinti j\u016bs\u0173 prek\u0117s \u017eenkl\u0105.<\/p>\n<p data-sourcepos=\"28:1-28:150\"><strong>Papildomi raktiniai \u017eod\u017eiai:<\/strong> SD korteli\u0173 spausdintuvo etiket\u0117s, identifikavimo korteli\u0173 etike\u010di\u0173 spausdintuvas, etike\u010di\u0173 korteli\u0173 spausdintuvas, kal\u0117dini\u0173 korteli\u0173 etike\u010di\u0173 spausdinimas, spausdintos kartonin\u0117s etiket\u0117s<\/p>","protected":false},"excerpt":{"rendered":"<p>S\u0105ra\u0161o kortel\u0117 arba produkto vadovas - tai dokumentas, kuriame pateikiama i\u0161sami informacija apie produkt\u0105 ar paslaug\u0105. J\u012f paprastai naudoja \u012fmon\u0117s, nor\u0117damos informuoti klientus apie savo produkt\u0173 savybes, privalumus ir specifikacijas.<\/p>","protected":false},"featured_media":1657,"template":"","meta":[],"product_brand":[],"product_cat":[15],"product_tag":[],"class_list":{"0":"post-1694","1":"product","2":"type-product","3":"status-publish","4":"has-post-thumbnail","6":"product_cat-print-label","8":"first","9":"instock","10":"shipping-taxable","11":"product-type-simple"},"_links":{"self":[{"href":"https:\/\/membraneswitchmfg.com\/lt\/wp-json\/wp\/v2\/product\/1694","targetHints":{"allow":["GET"]}}],"collection":[{"href":"https:\/\/membraneswitchmfg.com\/lt\/wp-json\/wp\/v2\/product"}],"about":[{"href":"https:\/\/membraneswitchmfg.com\/lt\/wp-json\/wp\/v2\/types\/product"}],"wp:featuredmedia":[{"embeddable":true,"href":"https:\/\/membraneswitchmfg.com\/lt\/wp-json\/wp\/v2\/media\/1657"}],"wp:attachment":[{"href":"https:\/\/membraneswitchmfg.com\/lt\/wp-json\/wp\/v2\/media?parent=1694"}],"wp:term":[{"taxonomy":"product_brand","embeddable":true,"href":"https:\/\/membraneswitchmfg.com\/lt\/wp-json\/wp\/v2\/product_brand?post=1694"},{"taxonomy":"product_cat","embeddable":true,"href":"https:\/\/membraneswitchmfg.com\/lt\/wp-json\/wp\/v2\/product_cat?post=1694"},{"taxonomy":"product_tag","embeddable":true,"href":"https:\/\/membraneswitchmfg.com\/lt\/wp-json\/wp\/v2\/product_tag?post=1694"}],"curies":[{"name":"wp","href":"https:\/\/api.w.org\/{rel}","templated":true}]}}