{"id":1773,"date":"2024-06-24T05:57:57","date_gmt":"2024-06-24T05:57:57","guid":{"rendered":"https:\/\/membraneswitchmfg.com\/manufacturer\/silver-flex-membrane-switch\/"},"modified":"2024-06-25T13:26:16","modified_gmt":"2024-06-25T13:26:16","slug":"silver-flex-membrane-switch","status":"publish","type":"product","link":"https:\/\/membraneswitchmfg.com\/lt\/manufacturer\/silver-flex-membrane-switch\/","title":{"rendered":"\"Silver Flex\" membraninis jungiklis"},"content":{"rendered":"<h2><strong><b>\"Silver Flex\" membraniniai jungikliai: Patikimi ir ekonomi\u0161ki sprendimai<\/b><\/strong><\/h2>\n<p><strong>Neprilygstamas universalumas ir na\u0161umas<\/strong><\/p>\n<p>\"Silver Flex\" membraniniai jungikliai gars\u0117ja savo:<\/p>\n<ul>\n<li><strong>Plonas ir lankstus dizainas, kad b\u016bt\u0173 lengva integruoti<\/strong><\/li>\n<li><strong>Taktilinis gr\u012f\u017etamasis ry\u0161ys - geresn\u0117 naudotojo patirtis<\/strong><\/li>\n<li><strong>Ilgas tarnavimo laikas, milijonai paleidim\u0173<\/strong><\/li>\n<li><strong>Atsparumas dr\u0117gmei, dulk\u0117ms ir at\u0161iaurioms aplinkos s\u0105lygoms<\/strong><\/li>\n<\/ul>\n<p><strong>Ekonomi\u0161kai efektyv\u016bs sprendimai j\u016bs\u0173 poreikiams<\/strong><\/p>\n<p>\"Silver Flex\" membraniniai jungikliai yra ekonomi\u0161kas sprendimas, nesuma\u017einantis kokyb\u0117s. Jie idealiai tinka tokiose srityse, kur:<\/p>\n<ul>\n<li><strong>Biud\u017eetas yra svarbiausias r\u016bpestis<\/strong><\/li>\n<li><strong>Reikalingi dideli kiekiai<\/strong><\/li>\n<li><strong>Erdv\u0117s apribojimai yra veiksnys<\/strong><\/li>\n<\/ul>\n<p><strong>Parai\u0161kos<\/strong><\/p>\n<p>\"Silver Flex\" membraniniai jungikliai pla\u010diai naudojami \u012fvairiose pramon\u0117s \u0161akose, \u012fskaitant:<\/p>\n<ul>\n<li><strong>Buitin\u0117 elektronika<\/strong><\/li>\n<li><strong>Medicinos prietaisai<\/strong><\/li>\n<li><strong>Pramoniniai valdymo skydai<\/strong><\/li>\n<li><strong>Prietaisai<\/strong><\/li>\n<li><strong>Ir dar daugiau<\/strong><\/li>\n<\/ul>\n<p><strong>Pritaikomos parinktys<\/strong><\/p>\n<p>Si\u016blome daugyb\u0119 pritaikymo parink\u010di\u0173, kad atitikt\u0173 j\u016bs\u0173 konkre\u010dius poreikius, \u012fskaitant:<\/p>\n<ul>\n<li><strong>\u012evair\u016bs jungikli\u0173 dyd\u017eiai ir konfig\u016bracijos<\/strong><\/li>\n<li><strong>Pasirinktin\u0117 grafika ir foninis ap\u0161vietimas<\/strong><\/li>\n<li><strong>Taktilinio gr\u012f\u017etamojo ry\u0161io parinktys<\/strong><\/li>\n<li><strong>Aplinkos sandarinimas ir apsauga<\/strong><\/li>\n<\/ul>\n<p><strong>Bendradarbiaukite su patikimu vandeniui atspari\u0173 membranini\u0173 jungikli\u0173 tiek\u0117ju<\/strong><\/p>\n<p>Tur\u0117dami ilgamet\u0119 patirt\u012f ir siekdami kokyb\u0117s, esame patikimas \"Silver Flex\" membranini\u0173 jungikli\u0173 tiek\u0117jas. M\u016bs\u0173 ekspert\u0173 komanda gali pad\u0117ti jums suprojektuoti ir pagaminti tobulus jungiklius, tinkan\u010dius j\u016bs\u0173 programoms.<\/p>\n<p><strong>Susisiekite su mumis \u0161iandien<\/strong>\u00a0nor\u0117dami su\u017einoti daugiau apie m\u016bs\u0173 \"Silver Flex\" membraninius jungiklius ir apie tai, kaip galime pad\u0117ti jums pasiekti j\u016bs\u0173 produkto tikslus, nevir\u0161ijant biud\u017eeto.<\/p>","protected":false},"excerpt":{"rendered":"<p>I\u0161bandykite puik\u0173 na\u0161umo ir prieinamumo balans\u0105 su m\u016bs\u0173 \"Silver Flex\" membraniniais jungikliais. \u0160ie universal\u016bs jungikliai pasi\u017eymi maloniu lyt\u0117jimu, jautrumu ir ilgalaikiu patvarumu, tod\u0117l idealiai tinka \u012fvairioms programoms.<\/p>","protected":false},"featured_media":1759,"template":"","meta":[],"product_brand":[],"product_cat":[40],"product_tag":[],"class_list":{"0":"post-1773","1":"product","2":"type-product","3":"status-publish","4":"has-post-thumbnail","6":"product_cat-membrane-switch","8":"first","9":"instock","10":"shipping-taxable","11":"product-type-simple"},"_links":{"self":[{"href":"https:\/\/membraneswitchmfg.com\/lt\/wp-json\/wp\/v2\/product\/1773","targetHints":{"allow":["GET"]}}],"collection":[{"href":"https:\/\/membraneswitchmfg.com\/lt\/wp-json\/wp\/v2\/product"}],"about":[{"href":"https:\/\/membraneswitchmfg.com\/lt\/wp-json\/wp\/v2\/types\/product"}],"wp:featuredmedia":[{"embeddable":true,"href":"https:\/\/membraneswitchmfg.com\/lt\/wp-json\/wp\/v2\/media\/1759"}],"wp:attachment":[{"href":"https:\/\/membraneswitchmfg.com\/lt\/wp-json\/wp\/v2\/media?parent=1773"}],"wp:term":[{"taxonomy":"product_brand","embeddable":true,"href":"https:\/\/membraneswitchmfg.com\/lt\/wp-json\/wp\/v2\/product_brand?post=1773"},{"taxonomy":"product_cat","embeddable":true,"href":"https:\/\/membraneswitchmfg.com\/lt\/wp-json\/wp\/v2\/product_cat?post=1773"},{"taxonomy":"product_tag","embeddable":true,"href":"https:\/\/membraneswitchmfg.com\/lt\/wp-json\/wp\/v2\/product_tag?post=1773"}],"curies":[{"name":"wp","href":"https:\/\/api.w.org\/{rel}","templated":true}]}}