{"id":1774,"date":"2024-06-24T05:57:57","date_gmt":"2024-06-24T05:57:57","guid":{"rendered":"https:\/\/membraneswitchmfg.com\/manufacturer\/copper-flex-membrane-switch\/"},"modified":"2024-06-25T13:28:19","modified_gmt":"2024-06-25T13:28:19","slug":"copper-flex-membrane-switch","status":"publish","type":"product","link":"https:\/\/membraneswitchmfg.com\/lt\/manufacturer\/copper-flex-membrane-switch\/","title":{"rendered":"Varinis Flex membraninis jungiklis"},"content":{"rendered":"<h2><strong><b>Variniai lankst\u016bs membraniniai jungikliai: I\u0161skirtinis na\u0161umas reiklioms programoms<\/b><\/strong><\/h2>\n<p><strong>Neprilygstamas patvarumas ir tikslumas<\/strong><\/p>\n<p>Variniai \"Flex\" membraniniai jungikliai sukurti siekiant tobulumo:<\/p>\n<ul>\n<li><strong>Didelio laidumo variniai p\u0117dsakai geresniam signalo perdavimui<\/strong><\/li>\n<li><strong>Tiksl\u016bs grandini\u0173 modeliai, u\u017etikrinantys patikim\u0105 veikim\u0105<\/strong><\/li>\n<li><strong>Tvirta konstrukcija, atspari at\u0161iaurioms aplinkos s\u0105lygoms<\/strong><\/li>\n<\/ul>\n<p><strong>Patirkite naud\u0105<\/strong><\/p>\n<p>Naudodami \"Copper Flex\" membraninius jungiklius galite tik\u0117tis:<\/p>\n<ul>\n<li><strong>Suma\u017eintos prastovos ir technin\u0117s prie\u017ei\u016bros i\u0161laidos<\/strong><\/li>\n<li><strong>Geresnis gaminio veikimas ir patikimumas<\/strong><\/li>\n<li><strong>Didesnis naudotoj\u0173 pasitenkinimas ir geresn\u0117 prek\u0117s \u017eenklo reputacija<\/strong><\/li>\n<\/ul>\n<p><strong>Parai\u0161kos<\/strong><\/p>\n<p>Variniai \"Flex\" membraniniai jungikliai puikiai tinka \u012fvairioms programoms, \u012fskaitant:<\/p>\n<ul>\n<li><strong>Pramon\u0117s valdymo sistemos<\/strong><\/li>\n<li><strong>Medicinos prietaisai<\/strong><\/li>\n<li><strong>Karin\u0117 ir kosmin\u0117 \u012franga<\/strong><\/li>\n<li><strong>Taikymas at\u0161iaurioje aplinkoje<\/strong><\/li>\n<li><strong>Ir dar daugiau<\/strong><\/li>\n<\/ul>\n<p><strong>Pritaikomi sprendimai<\/strong><\/p>\n<p>Si\u016blome daugyb\u0119 pritaikymo parink\u010di\u0173, kad atitikt\u0173 j\u016bs\u0173 konkre\u010dius poreikius, \u012fskaitant:<\/p>\n<ul>\n<li><strong>\u012evair\u016bs jungikli\u0173 dyd\u017eiai ir konfig\u016bracijos<\/strong><\/li>\n<li><strong>Pasirinktin\u0117 grafika ir foninis ap\u0161vietimas<\/strong><\/li>\n<li><strong>Taktilinio gr\u012f\u017etamojo ry\u0161io parinktys<\/strong><\/li>\n<li><strong>Aplinkos sandarinimas ir apsauga<\/strong><\/li>\n<\/ul>\n<p><strong>Bendradarbiaukite su patyrusiu vandeniui atspari\u0173 lanks\u010di\u0173 membranini\u0173 jungikli\u0173 tiek\u0117ju<\/strong><\/p>\n<p>Tur\u0117dami ilgamet\u0119 patirt\u012f ir \u012fsipareigojim\u0105 u\u017etikrinti kokyb\u0119, esame patikimas varini\u0173 lankstini\u0173 membranini\u0173 jungikli\u0173 \u0161altinis. M\u016bs\u0173 ekspert\u0173 komanda gali pad\u0117ti jums suprojektuoti ir pagaminti tobulus jungiklius, tinkan\u010dius j\u016bs\u0173 programoms.<\/p>\n<p><strong>Susisiekite su mumis \u0161iandien<\/strong>\u00a0nor\u0117dami su\u017einoti daugiau apie m\u016bs\u0173 varinius \"Copper Flex\" membraninius jungiklius ir apie tai, kaip mes galime pad\u0117ti jums pasiekti auk\u0161\u010diausi\u0105 na\u0161um\u0105 ir patikimum\u0105 j\u016bs\u0173 reikliose programose.<\/p>","protected":false},"excerpt":{"rendered":"<p>Pagerinkite savo gaminio na\u0161um\u0105 naudodami pa\u017eangiausius varinius \"Copper Flex\" membraninius jungiklius, sukurtus atlaikyti sud\u0117tingas aplinkos s\u0105lygas. \u0160ie i\u0161skirtiniai jungikliai pasi\u017eymi ypatingu patvarumu, tikslumu ir ilgalaikiu patikimumu, tod\u0117l yra idealus pasirinkimas kritin\u0117s svarbos programoms.<\/p>","protected":false},"featured_media":1747,"template":"","meta":[],"product_brand":[],"product_cat":[40],"product_tag":[],"class_list":{"0":"post-1774","1":"product","2":"type-product","3":"status-publish","4":"has-post-thumbnail","6":"product_cat-membrane-switch","8":"first","9":"instock","10":"shipping-taxable","11":"product-type-simple"},"_links":{"self":[{"href":"https:\/\/membraneswitchmfg.com\/lt\/wp-json\/wp\/v2\/product\/1774","targetHints":{"allow":["GET"]}}],"collection":[{"href":"https:\/\/membraneswitchmfg.com\/lt\/wp-json\/wp\/v2\/product"}],"about":[{"href":"https:\/\/membraneswitchmfg.com\/lt\/wp-json\/wp\/v2\/types\/product"}],"wp:featuredmedia":[{"embeddable":true,"href":"https:\/\/membraneswitchmfg.com\/lt\/wp-json\/wp\/v2\/media\/1747"}],"wp:attachment":[{"href":"https:\/\/membraneswitchmfg.com\/lt\/wp-json\/wp\/v2\/media?parent=1774"}],"wp:term":[{"taxonomy":"product_brand","embeddable":true,"href":"https:\/\/membraneswitchmfg.com\/lt\/wp-json\/wp\/v2\/product_brand?post=1774"},{"taxonomy":"product_cat","embeddable":true,"href":"https:\/\/membraneswitchmfg.com\/lt\/wp-json\/wp\/v2\/product_cat?post=1774"},{"taxonomy":"product_tag","embeddable":true,"href":"https:\/\/membraneswitchmfg.com\/lt\/wp-json\/wp\/v2\/product_tag?post=1774"}],"curies":[{"name":"wp","href":"https:\/\/api.w.org\/{rel}","templated":true}]}}