{"id":1776,"date":"2024-06-24T05:57:57","date_gmt":"2024-06-24T05:57:57","guid":{"rendered":"https:\/\/membraneswitchmfg.com\/manufacturer\/rubber-keypad-membrane-switch\/"},"modified":"2024-06-25T13:32:14","modified_gmt":"2024-06-25T13:32:14","slug":"rubber-keypad-membrane-switch","status":"publish","type":"product","link":"https:\/\/membraneswitchmfg.com\/lt\/manufacturer\/rubber-keypad-membrane-switch\/","title":{"rendered":"Gumos klaviat\u016bros membraninis jungiklis"},"content":{"rendered":"<h2><strong><b>Gumos klaviat\u016bros membraninis jungiklis: Padidintas patvarumas ir taktilinis gr\u012f\u017etamasis ry\u0161ys<\/b><\/strong><\/h2>\n<p><strong>Neprilygstamas ilgaam\u017ei\u0161kumas ir taktilin\u0117 reakcija<\/strong><\/p>\n<p>Gumin\u0117s klaviat\u016bros membraniniai jungikliai sukurti siekiant tobulumo:<\/p>\n<ul>\n<li><strong>Auk\u0161tos kokyb\u0117s silikono guma u\u017etikrina ypating\u0105 patvarum\u0105 ir lankstum\u0105<\/strong><\/li>\n<li><strong>Taktiliniai gaubteliai - malonus ir jautrus klavi\u0161o paspaudimas<\/strong><\/li>\n<li><strong>Atsparumas dr\u0117gmei, dulk\u0117ms ir at\u0161iaurioms aplinkos s\u0105lygoms<\/strong><\/li>\n<li><strong>Ilgas tarnavimo laikas, milijonai paleidim\u0173<\/strong><\/li>\n<\/ul>\n<p><strong>Patirkite naud\u0105<\/strong><\/p>\n<p>Naudodami gumin\u0117s klaviat\u016bros membraninius jungiklius galite tik\u0117tis:<\/p>\n<ul>\n<li><strong>Suma\u017eintos prastovos ir technin\u0117s prie\u017ei\u016bros i\u0161laidos<\/strong><\/li>\n<li><strong>Didesnis naudotoj\u0173 pasitenkinimas ir produkto patogumas<\/strong><\/li>\n<li><strong>Geresnis gaminio veikimas ir patikimumas<\/strong><\/li>\n<\/ul>\n<p><strong>Parai\u0161kos<\/strong><\/p>\n<p>Gumin\u0117s klaviat\u016bros membraniniai jungikliai puikiai tinka \u012fvairioms reikm\u0117ms, \u012fskaitant:<\/p>\n<ul>\n<li><strong>Buitin\u0117 elektronika<\/strong><\/li>\n<li><strong>Medicinos prietaisai<\/strong><\/li>\n<li><strong>Pramoniniai valdymo skydai<\/strong><\/li>\n<li><strong>Telekomunikacij\u0173 \u012franga<\/strong><\/li>\n<li><strong>Ir dar daugiau<\/strong><\/li>\n<\/ul>\n<p><strong>Pritaikomi sprendimai<\/strong><\/p>\n<p>Si\u016blome daugyb\u0119 pritaikymo parink\u010di\u0173, kad atitikt\u0173 j\u016bs\u0173 konkre\u010dius poreikius, \u012fskaitant:<\/p>\n<ul>\n<li><strong>\u012evair\u016bs jungikli\u0173 dyd\u017eiai ir konfig\u016bracijos<\/strong><\/li>\n<li><strong>Pasirinktin\u0117 grafika ir foninis ap\u0161vietimas<\/strong><\/li>\n<li><strong>Taktilinio gr\u012f\u017etamojo ry\u0161io parinktys<\/strong><\/li>\n<li><strong>Aplinkos sandarinimas ir apsauga<\/strong><\/li>\n<\/ul>\n<p><strong>Bendradarbiaukite su patyrusiu silikonin\u0117s membranos jungikli\u0173 tiek\u0117ju<\/strong><\/p>\n<p>Tur\u0117dami ilgamet\u0119 patirt\u012f ir siekdami kokyb\u0117s, esame patikimas gumini\u0173 klaviat\u016brini\u0173 membranini\u0173 jungikli\u0173 \u0161altinis. M\u016bs\u0173 ekspert\u0173 komanda gali pad\u0117ti jums suprojektuoti ir pagaminti tobulus jungiklius, tinkan\u010dius j\u016bs\u0173 programoms.<\/p>\n<p><strong>Susisiekite su mumis \u0161iandien<\/strong>\u00a0nor\u0117dami su\u017einoti daugiau apie m\u016bs\u0173 gumin\u0117s klaviat\u016bros membraninius jungiklius ir apie tai, kaip mes galime pad\u0117ti jums pasiekti auk\u0161\u010diausi\u0105 gamini\u0173 na\u0161um\u0105, ilgaam\u017ei\u0161kum\u0105 ir naudotoj\u0173 pasitenkinim\u0105.<\/p>","protected":false},"excerpt":{"rendered":"<p>M\u016bs\u0173 guminiai klaviat\u016bros membraniniai jungikliai yra puikus patvarumo ir lietimo gr\u012f\u017etamojo ry\u0161io derinys. \u0160ie universal\u016bs jungikliai u\u017etikrina patog\u0173 naudojim\u0105, ilgalaik\u012f veikim\u0105 ir ekonomi\u0161kus sprendimus \u012fvairiose srityse.<\/p>","protected":false},"featured_media":1758,"template":"","meta":[],"product_brand":[],"product_cat":[40],"product_tag":[],"class_list":{"0":"post-1776","1":"product","2":"type-product","3":"status-publish","4":"has-post-thumbnail","6":"product_cat-membrane-switch","8":"first","9":"instock","10":"shipping-taxable","11":"product-type-simple"},"_links":{"self":[{"href":"https:\/\/membraneswitchmfg.com\/lt\/wp-json\/wp\/v2\/product\/1776","targetHints":{"allow":["GET"]}}],"collection":[{"href":"https:\/\/membraneswitchmfg.com\/lt\/wp-json\/wp\/v2\/product"}],"about":[{"href":"https:\/\/membraneswitchmfg.com\/lt\/wp-json\/wp\/v2\/types\/product"}],"wp:featuredmedia":[{"embeddable":true,"href":"https:\/\/membraneswitchmfg.com\/lt\/wp-json\/wp\/v2\/media\/1758"}],"wp:attachment":[{"href":"https:\/\/membraneswitchmfg.com\/lt\/wp-json\/wp\/v2\/media?parent=1776"}],"wp:term":[{"taxonomy":"product_brand","embeddable":true,"href":"https:\/\/membraneswitchmfg.com\/lt\/wp-json\/wp\/v2\/product_brand?post=1776"},{"taxonomy":"product_cat","embeddable":true,"href":"https:\/\/membraneswitchmfg.com\/lt\/wp-json\/wp\/v2\/product_cat?post=1776"},{"taxonomy":"product_tag","embeddable":true,"href":"https:\/\/membraneswitchmfg.com\/lt\/wp-json\/wp\/v2\/product_tag?post=1776"}],"curies":[{"name":"wp","href":"https:\/\/api.w.org\/{rel}","templated":true}]}}