{"id":1777,"date":"2024-06-24T05:57:57","date_gmt":"2024-06-24T05:57:57","guid":{"rendered":"https:\/\/membraneswitchmfg.com\/manufacturer\/graphic-overlay\/"},"modified":"2024-07-25T08:41:13","modified_gmt":"2024-07-25T08:41:13","slug":"graphic-overlay","status":"publish","type":"product","link":"https:\/\/membraneswitchmfg.com\/lt\/manufacturer\/graphic-overlay\/","title":{"rendered":"Grafinis perdengimas"},"content":{"rendered":"<h2><strong><b>Grafiniai perdengimai: Vartotojo patirties ir prek\u0117s \u017eenklo tapatumo gerinimas<\/b><\/strong><\/h2>\n<p><strong>Naudotojo patirties gerinimas<\/strong><\/p>\n<p>Grafiniai u\u017edengimai atlieka svarb\u0173 vaidmen\u012f gerinant naudotojo patirt\u012f:<\/p>\n<ul>\n<li><strong>ai\u0161ki\u0173 instrukcij\u0173 ir etike\u010di\u0173 pateikimas<\/strong><\/li>\n<li><strong>Naudotoj\u0173 supa\u017eindinimas su veikimu ir funkcijomis<\/strong><\/li>\n<li><strong>\u012esp\u0117jim\u0173 ir saugos informacijos rodymas<\/strong><\/li>\n<li><strong>Intuityvios ir patogios s\u0105sajos k\u016brimas<\/strong><\/li>\n<\/ul>\n<p><strong>Prek\u0117s \u017eenklo k\u016brimas ir tapatyb\u0117<\/strong><\/p>\n<p>Grafiniai perdengimai yra galingi prek\u0117s \u017eenklo komunikacijos \u012frankiai:<\/p>\n<ul>\n<li><strong>\u012emon\u0117s logotip\u0173 ir prek\u0117s \u017eenklo element\u0173 rodymas<\/strong><\/li>\n<li><strong>Prek\u0117s \u017eenklo tapatyb\u0117s ir prane\u0161im\u0173 stiprinimas<\/strong><\/li>\n<li><strong>Darnaus ir profesionalaus prek\u0117s \u017eenklo \u012fvaizd\u017eio k\u016brimas<\/strong><\/li>\n<\/ul>\n<p><strong>Parai\u0161kos<\/strong><\/p>\n<p>Grafiniai perdengimai pla\u010diai naudojami \u012fvairiose srityse, \u012fskaitant:<\/p>\n<ul>\n<li><strong>Pramoniniai valdymo skydai<\/strong><\/li>\n<li><strong>Medicinos prietaisai<\/strong><\/li>\n<li><strong>Buitin\u0117 elektronika<\/strong><\/li>\n<li><strong>Prietaisai<\/strong><\/li>\n<li><strong>Ma\u0161inos ir \u012franga<\/strong><\/li>\n<\/ul>\n<p><strong>Pritaikomi sprendimai<\/strong><\/p>\n<p>Si\u016blome daugyb\u0119 pritaikymo parink\u010di\u0173, kad atitikt\u0173 j\u016bs\u0173 konkre\u010dius poreikius, \u012fskaitant:<\/p>\n<ul>\n<li><strong>Med\u017eiag\u0173 ir apdailos \u012fvairov\u0117<\/strong><\/li>\n<li><strong>Pasirinktin\u0117 grafika ir dizainas<\/strong><\/li>\n<li><strong>Foninio ap\u0161vietimo ir ap\u0161vietimo parinktys<\/strong><\/li>\n<li><strong>Reljefai ir tekst\u016bros<\/strong><\/li>\n<\/ul>\n<p><strong>Bendradarbiaukite su patyrusiu grafini\u0173 perdang\u0173 gamintoju<\/strong><\/p>\n<p>Tur\u0117dami ilgamet\u0119 patirt\u012f ir siekdami kokyb\u0117s, esame patikimas nestandartini\u0173 grafini\u0173 perdang\u0173 \u0161altinis. M\u016bs\u0173 specialist\u0173 komanda gali pad\u0117ti jums sukurti ir pagaminti tobulas perdangas, kad pagerintum\u0117te savo gaminio funkcionalum\u0105, naudotojo patirt\u012f ir prek\u0117s \u017eenklo identitet\u0105.<\/p>\n<p><strong>Susisiekite su mumis \u0161iandien<\/strong>\u00a0nor\u0117dami su\u017einoti daugiau apie m\u016bs\u0173 grafinio u\u017edengimo sprendimus ir apie tai, kaip galime pad\u0117ti jums patobulinti j\u016bs\u0173 gaminius.<\/p>\n<p><strong>Papildomi raktiniai \u017eod\u017eiai:<\/strong>\u00a0membraninis lygio jungiklis, membraninis jungiklis, grafinis perdengimas<\/p>\n<h2><strong><b>Pavadinim\u0173 lentel\u0117s: Pagerinkite savo gaminio tapatyb\u0119 ir funkcionalum\u0105<\/b><\/strong><\/h2>\n<p><strong>I\u0161ry\u0161kinkite savo produkto tapatyb\u0119<\/strong><\/p>\n<p>Vard\u0173 lentel\u0117s atlieka svarb\u0173 vaidmen\u012f kuriant j\u016bs\u0173 prek\u0117s \u017eenklo identitet\u0105, nes:<\/p>\n<ul>\n<li><strong>Ry\u0161kiai matomas j\u016bs\u0173 \u012fmon\u0117s logotipas ir prek\u0117s \u017eenklas<\/strong><\/li>\n<li><strong>Stiprinti savo prek\u0117s \u017eenklo \u017einut\u0119 ir vertybes<\/strong><\/li>\n<li><strong>Darnaus ir profesionalaus prek\u0117s \u017eenklo \u012fvaizd\u017eio k\u016brimas<\/strong><\/li>\n<\/ul>\n<p><strong>Perduokite svarbiausi\u0105 informacij\u0105<\/strong><\/p>\n<p>Pavadinim\u0173 lentel\u0117se veiksmingai pateikiama esmin\u0117 informacija apie gamin\u012f, \u012fskaitant:<\/p>\n<ul>\n<li><strong>Produkto pavadinimas ir modelio numeris<\/strong><\/li>\n<li><strong>Reglamentuojamieji \u017eenklai ir sertifikatai<\/strong><\/li>\n<li><strong>Naudojimo instrukcijos ir \u012fsp\u0117jimai<\/strong><\/li>\n<li><strong>Pagalbos kontaktin\u0117 informacija<\/strong><\/li>\n<\/ul>\n<p><strong>Produkto funkcionalumo gerinimas<\/strong><\/p>\n<p>Pavadinim\u0173 lentel\u0117se taip pat gali b\u016bti funkcini\u0173 element\u0173, pvz:<\/p>\n<ul>\n<li><strong>Membraniniai mygtukiniai jungikliai naudotojo s\u0105veikai<\/strong><\/li>\n<li><strong>B\u016bkl\u0117s atnaujinimo LED indikatoriai<\/strong><\/li>\n<li><strong>Etiket\u0117s su br\u016bk\u0161niniais kodais, kad b\u016bt\u0173 lengva identifikuoti<\/strong><\/li>\n<\/ul>\n<p><strong>Parai\u0161kos<\/strong><\/p>\n<p>Vard\u0173 lentel\u0117s pla\u010diai naudojamos \u012fvairiose srityse, \u012fskaitant:<\/p>\n<ul>\n<li><strong>Pramoniniai valdymo skydai<\/strong><\/li>\n<li><strong>Medicinos prietaisai<\/strong><\/li>\n<li><strong>Buitin\u0117 elektronika<\/strong><\/li>\n<li><strong>Prietaisai<\/strong><\/li>\n<li><strong>Ma\u0161inos ir \u012franga<\/strong><\/li>\n<\/ul>\n<p><strong>Pritaikomi sprendimai<\/strong><\/p>\n<p>Si\u016blome daugyb\u0119 pritaikymo parink\u010di\u0173, kad atitikt\u0173 j\u016bs\u0173 konkre\u010dius poreikius, \u012fskaitant:<\/p>\n<ul>\n<li><strong>Med\u017eiag\u0173 ir apdailos \u012fvairov\u0117<\/strong><\/li>\n<li><strong>Pasirinktin\u0117 grafika ir dizainas<\/strong><\/li>\n<li><strong>Foninio ap\u0161vietimo ir ap\u0161vietimo parinktys<\/strong><\/li>\n<li><strong>Reljefai ir tekst\u016bros<\/strong><\/li>\n<\/ul>\n<p><strong>Bendradarbiaukite su patyrusiu vardini\u0173 lenteli\u0173 gamintoju<\/strong><\/p>\n<p>Tur\u0117dami ilgamet\u0119 patirt\u012f ir siekdami kokyb\u0117s, esame patikimas nestandartini\u0173 vardini\u0173 lenteli\u0173 \u0161altinis. M\u016bs\u0173 ekspert\u0173 komanda gali pad\u0117ti jums sukurti ir pagaminti tobulas pavadinim\u0173 lenteles, kurios sustiprins j\u016bs\u0173 gaminio tapatyb\u0119, funkcionalum\u0105 ir estetin\u012f patrauklum\u0105.<\/p>\n<p><strong>Susisiekite su mumis \u0161iandien<\/strong>\u00a0nor\u0117dami su\u017einoti daugiau apie m\u016bs\u0173 pavadinim\u0173 lenteli\u0173 sprendimus ir kaip galime pad\u0117ti jums patobulinti j\u016bs\u0173 gaminius.<\/p>\n<p><strong>Papildomi raktiniai \u017eod\u017eiai:<\/strong>\u00a0mygtukinis membraninis jungiklis, membraninio tipo jungiklis, vardin\u0117 lentel\u0117<\/p>","protected":false},"excerpt":{"rendered":"<p>Grafiniai u\u017edengimai, dar vadinami vard\u0173 lentel\u0117mis arba priekiniais skydeliais, yra esminiai komponentai, kurie pagerina naudotojo patirt\u012f ir elektronini\u0173 prietais\u0173 prek\u0117s \u017eenklo identitet\u0105. \u0160ie ploni plastiko ar polimerin\u0117s med\u017eiagos sluoksniai su pagal u\u017esakym\u0105 atspausdinta grafika ir tekstu skland\u017eiai integruojami \u012f prietaiso pavir\u0161i\u0173.<\/p>","protected":false},"featured_media":1749,"template":"","meta":[],"product_brand":[],"product_cat":[40],"product_tag":[],"class_list":{"0":"post-1777","1":"product","2":"type-product","3":"status-publish","4":"has-post-thumbnail","6":"product_cat-membrane-switch","8":"first","9":"instock","10":"shipping-taxable","11":"product-type-simple"},"_links":{"self":[{"href":"https:\/\/membraneswitchmfg.com\/lt\/wp-json\/wp\/v2\/product\/1777","targetHints":{"allow":["GET"]}}],"collection":[{"href":"https:\/\/membraneswitchmfg.com\/lt\/wp-json\/wp\/v2\/product"}],"about":[{"href":"https:\/\/membraneswitchmfg.com\/lt\/wp-json\/wp\/v2\/types\/product"}],"wp:featuredmedia":[{"embeddable":true,"href":"https:\/\/membraneswitchmfg.com\/lt\/wp-json\/wp\/v2\/media\/1749"}],"wp:attachment":[{"href":"https:\/\/membraneswitchmfg.com\/lt\/wp-json\/wp\/v2\/media?parent=1777"}],"wp:term":[{"taxonomy":"product_brand","embeddable":true,"href":"https:\/\/membraneswitchmfg.com\/lt\/wp-json\/wp\/v2\/product_brand?post=1777"},{"taxonomy":"product_cat","embeddable":true,"href":"https:\/\/membraneswitchmfg.com\/lt\/wp-json\/wp\/v2\/product_cat?post=1777"},{"taxonomy":"product_tag","embeddable":true,"href":"https:\/\/membraneswitchmfg.com\/lt\/wp-json\/wp\/v2\/product_tag?post=1777"}],"curies":[{"name":"wp","href":"https:\/\/api.w.org\/{rel}","templated":true}]}}