{"id":1778,"date":"2024-06-24T05:57:57","date_gmt":"2024-06-24T05:57:57","guid":{"rendered":"https:\/\/membraneswitchmfg.com\/manufacturer\/nameplate\/"},"modified":"2024-07-25T09:10:27","modified_gmt":"2024-07-25T09:10:27","slug":"nameplate","status":"publish","type":"product","link":"https:\/\/membraneswitchmfg.com\/lt\/manufacturer\/nameplate\/","title":{"rendered":"Vardin\u0117 lentel\u0117"},"content":{"rendered":"<h2><strong><b>Pavadinim\u0173 lentel\u0117s: Pagerinkite savo gaminio tapatyb\u0119 ir funkcionalum\u0105<\/b><\/strong><\/h2>\n<p><strong>I\u0161ry\u0161kinkite savo produkto tapatyb\u0119<\/strong><\/p>\n<p>Vard\u0173 lentel\u0117s atlieka svarb\u0173 vaidmen\u012f kuriant j\u016bs\u0173 prek\u0117s \u017eenklo identitet\u0105, nes:<\/p>\n<ul>\n<li><strong>Ry\u0161kiai matomas j\u016bs\u0173 \u012fmon\u0117s logotipas ir prek\u0117s \u017eenklas<\/strong><\/li>\n<li><strong>Stiprinti savo prek\u0117s \u017eenklo \u017einut\u0119 ir vertybes<\/strong><\/li>\n<li><strong>Darnaus ir profesionalaus prek\u0117s \u017eenklo \u012fvaizd\u017eio k\u016brimas<\/strong><\/li>\n<\/ul>\n<p><strong>Perduokite svarbiausi\u0105 informacij\u0105<\/strong><\/p>\n<p>Pavadinim\u0173 lentel\u0117se veiksmingai pateikiama esmin\u0117 informacija apie gamin\u012f, \u012fskaitant:<\/p>\n<ul>\n<li><strong>Produkto pavadinimas ir modelio numeris<\/strong><\/li>\n<li><strong>Reglamentuojamieji \u017eenklai ir sertifikatai<\/strong><\/li>\n<li><strong>Naudojimo instrukcijos ir \u012fsp\u0117jimai<\/strong><\/li>\n<li><strong>Pagalbos kontaktin\u0117 informacija<\/strong><\/li>\n<\/ul>\n<p><strong>Produkto funkcionalumo gerinimas<\/strong><\/p>\n<p>Pavadinim\u0173 lentel\u0117se taip pat gali b\u016bti funkcini\u0173 element\u0173, pvz:<\/p>\n<ul>\n<li><strong>Membraniniai mygtukiniai jungikliai naudotojo s\u0105veikai<\/strong><\/li>\n<li><strong>B\u016bkl\u0117s atnaujinimo LED indikatoriai<\/strong><\/li>\n<li><strong>Etiket\u0117s su br\u016bk\u0161niniais kodais, kad b\u016bt\u0173 lengva identifikuoti<\/strong><\/li>\n<\/ul>\n<p><strong>Parai\u0161kos<\/strong><\/p>\n<p>Vard\u0173 lentel\u0117s pla\u010diai naudojamos \u012fvairiose srityse, \u012fskaitant:<\/p>\n<ul>\n<li><strong>Pramoniniai valdymo skydai<\/strong><\/li>\n<li><strong>Medicinos prietaisai<\/strong><\/li>\n<li><strong>Buitin\u0117 elektronika<\/strong><\/li>\n<li><strong>Prietaisai<\/strong><\/li>\n<li><strong>Ma\u0161inos ir \u012franga<\/strong><\/li>\n<\/ul>\n<p><strong>Pritaikomi sprendimai<\/strong><\/p>\n<p>Si\u016blome daugyb\u0119 pritaikymo parink\u010di\u0173, kad atitikt\u0173 j\u016bs\u0173 konkre\u010dius poreikius, \u012fskaitant:<\/p>\n<ul>\n<li><strong>Med\u017eiag\u0173 ir apdailos \u012fvairov\u0117<\/strong><\/li>\n<li><strong>Pasirinktin\u0117 grafika ir dizainas<\/strong><\/li>\n<li><strong>Foninio ap\u0161vietimo ir ap\u0161vietimo parinktys<\/strong><\/li>\n<li><strong>Reljefai ir tekst\u016bros<\/strong><\/li>\n<\/ul>\n<p><strong>Bendradarbiaukite su patyrusiu vardini\u0173 lenteli\u0173 gamintoju<\/strong><\/p>\n<p>Tur\u0117dami ilgamet\u0119 patirt\u012f ir siekdami kokyb\u0117s, esame patikimas nestandartini\u0173 vardini\u0173 lenteli\u0173 \u0161altinis. M\u016bs\u0173 ekspert\u0173 komanda gali pad\u0117ti jums sukurti ir pagaminti tobulas pavadinim\u0173 lenteles, kurios sustiprins j\u016bs\u0173 gaminio tapatyb\u0119, funkcionalum\u0105 ir estetin\u012f patrauklum\u0105.<\/p>\n<p>Susisiekite su mumis \u0161iandien ir su\u017einokite daugiau apie m\u016bs\u0173 pavadinim\u0173 lenteli\u0173 sprendimus ir apie tai, kaip galime pad\u0117ti jums patobulinti j\u016bs\u0173 gaminius.<\/p>\n<p><strong>Papildomi raktiniai \u017eod\u017eiai:<\/strong>\u00a0mygtukinis membraninis jungiklis, membraninio tipo jungiklis, vardin\u0117 lentel\u0117<\/p>","protected":false},"excerpt":{"rendered":"<p>Vardin\u0117s lentel\u0117s, dar vadinamos priekiniais skydeliais arba identifikavimo plok\u0161tel\u0117mis, yra j\u016bs\u0173 elektroninio prietaiso veidas, ant kurio pateikiama svarbi informacija ir pagerinamas bendras estetinis vaizdas. \u0160ios patvarios plok\u0161tel\u0117s paprastai gaminamos i\u0161 plastiko arba metalo, ant j\u0173 pagal u\u017esakym\u0105 spausdinami \u012fmon\u0117s logotipai, prek\u0117s \u017eenklo elementai ir gaminio specifikacijos.<\/p>","protected":false},"featured_media":1755,"template":"","meta":[],"product_brand":[],"product_cat":[15],"product_tag":[],"class_list":{"0":"post-1778","1":"product","2":"type-product","3":"status-publish","4":"has-post-thumbnail","6":"product_cat-print-label","8":"first","9":"instock","10":"shipping-taxable","11":"product-type-simple"},"_links":{"self":[{"href":"https:\/\/membraneswitchmfg.com\/lt\/wp-json\/wp\/v2\/product\/1778","targetHints":{"allow":["GET"]}}],"collection":[{"href":"https:\/\/membraneswitchmfg.com\/lt\/wp-json\/wp\/v2\/product"}],"about":[{"href":"https:\/\/membraneswitchmfg.com\/lt\/wp-json\/wp\/v2\/types\/product"}],"wp:featuredmedia":[{"embeddable":true,"href":"https:\/\/membraneswitchmfg.com\/lt\/wp-json\/wp\/v2\/media\/1755"}],"wp:attachment":[{"href":"https:\/\/membraneswitchmfg.com\/lt\/wp-json\/wp\/v2\/media?parent=1778"}],"wp:term":[{"taxonomy":"product_brand","embeddable":true,"href":"https:\/\/membraneswitchmfg.com\/lt\/wp-json\/wp\/v2\/product_brand?post=1778"},{"taxonomy":"product_cat","embeddable":true,"href":"https:\/\/membraneswitchmfg.com\/lt\/wp-json\/wp\/v2\/product_cat?post=1778"},{"taxonomy":"product_tag","embeddable":true,"href":"https:\/\/membraneswitchmfg.com\/lt\/wp-json\/wp\/v2\/product_tag?post=1778"}],"curies":[{"name":"wp","href":"https:\/\/api.w.org\/{rel}","templated":true}]}}