{"id":1779,"date":"2024-06-24T05:57:57","date_gmt":"2024-06-24T05:57:57","guid":{"rendered":"https:\/\/membraneswitchmfg.com\/manufacturer\/label\/"},"modified":"2024-07-25T09:16:57","modified_gmt":"2024-07-25T09:16:57","slug":"label","status":"publish","type":"product","link":"https:\/\/membraneswitchmfg.com\/lt\/manufacturer\/label\/","title":{"rendered":"Etiket\u0117"},"content":{"rendered":"<h2><strong><b>Etiket\u0117s: Produkt\u0173 identifikavimo ir komunikacijos gerinimas<\/b><\/strong><\/h2>\n<p><strong>Efektyvus produkto identifikavimas<\/strong><\/p>\n<p>Etiket\u0117s atlieka svarb\u0173 vaidmen\u012f identifikuojant gamin\u012f:<\/p>\n<ul>\n<li><strong>Produkt\u0173 pavadinim\u0173, logotip\u0173 ir preki\u0173 \u017eenkl\u0173 rodymas<\/strong><\/li>\n<li><strong>unikali\u0173 serijos numeri\u0173 arba br\u016bk\u0161nini\u0173 kod\u0173 pateikimas<\/strong><\/li>\n<li><strong>Produkto specifikacij\u0173 ir funkcij\u0173 perteikimas<\/strong><\/li>\n<\/ul>\n<p><strong>Atitikties teis\u0117s aktams u\u017etikrinimas<\/strong><\/p>\n<p>Etiket\u0117s yra labai svarbios u\u017etikrinant atitikt\u012f \u012fvairiems reglamentams ir standartams, \u012fskaitant:<\/p>\n<ul>\n<li><strong>Saugos \u012fsp\u0117jimai ir instrukcijos<\/strong><\/li>\n<li><strong>Informacija apie med\u017eiagos turin\u012f<\/strong><\/li>\n<li><strong>\u0160alinimo ir perdirbimo instrukcijos<\/strong><\/li>\n<\/ul>\n<p><strong>Komunikacijos ir prek\u0117s \u017eenklo stiprinimas<\/strong><\/p>\n<p>Etiket\u0117s taip pat gali b\u016bti naudojamos komunikacijai ir prek\u0117s \u017eenklo k\u016brimui pagerinti:<\/p>\n<ul>\n<li><strong>\u012emon\u0117s logotip\u0173 ir prek\u0117s \u017eenklo element\u0173 rodymas<\/strong><\/li>\n<li><strong>Prek\u0117s \u017eenklo prane\u0161im\u0173 ir vertybi\u0173 stiprinimas<\/strong><\/li>\n<li><strong>Darnaus ir profesionalaus prek\u0117s \u017eenklo \u012fvaizd\u017eio k\u016brimas<\/strong><\/li>\n<\/ul>\n<p><strong>Parai\u0161kos<\/strong><\/p>\n<p>Etiket\u0117s pla\u010diai naudojamos \u012fvairiose srityse, \u012fskaitant:<\/p>\n<ul>\n<li><strong>Buitin\u0117 elektronika<\/strong><\/li>\n<li><strong>Medicinos prietaisai<\/strong><\/li>\n<li><strong>Maisto produkt\u0173 ir g\u0117rim\u0173 pakuot\u0117s<\/strong><\/li>\n<li><strong>Pramon\u0117s gaminiai<\/strong><\/li>\n<li><strong>Gabenimas ir logistika<\/strong><\/li>\n<\/ul>\n<p><strong>Pritaikomi sprendimai<\/strong><\/p>\n<p>Si\u016blome daugyb\u0119 pritaikymo parink\u010di\u0173, kad atitikt\u0173 j\u016bs\u0173 konkre\u010dius poreikius, \u012fskaitant:<\/p>\n<ul>\n<li><strong>Med\u017eiag\u0173 ir apdailos \u012fvairov\u0117<\/strong><\/li>\n<li><strong>Pasirinktin\u0117 spauda ir grafika<\/strong><\/li>\n<li><strong>I\u0161kirpimas ir formos<\/strong><\/li>\n<li><strong>Klij\u0173 parinktys<\/strong><\/li>\n<\/ul>\n<p><strong>Bendradarbiaukite su patyrusiu etike\u010di\u0173 gamintoju<\/strong><\/p>\n<p>Tur\u0117dami ilgamet\u0119 patirt\u012f ir siekdami kokyb\u0117s, esame patikimas nestandartini\u0173 etike\u010di\u0173 \u0161altinis. M\u016bs\u0173 ekspert\u0173 komanda gali pad\u0117ti jums sukurti ir pagaminti tobulas etiketes, kurios pagerins j\u016bs\u0173 produkt\u0173 identifikavim\u0105, komunikacij\u0105 ir prek\u0117s \u017eenklo k\u016brim\u0105.<\/p>\n<p><strong>Susisiekite su mumis \u0161iandien<\/strong>\u00a0nor\u0117dami su\u017einoti daugiau apie m\u016bs\u0173 etike\u010di\u0173 sprendimus ir apie tai, kaip galime pad\u0117ti jums patobulinti j\u016bs\u0173 gaminius.<\/p>","protected":false},"excerpt":{"rendered":"<p>Etiket\u0117s yra esminiai komponentai, kuriuose pateikiama ai\u0161ki ir glausta informacija apie gaminius, u\u017etikrinama, kad jie b\u016bt\u0173 tinkamai naudojami, identifikuojami ir atitikt\u0173 teis\u0117s akt\u0173 reikalavimus. \u0160ias universalias etiketes galima klijuoti ant \u012fvairi\u0173 pavir\u0161i\u0173, \u012fskaitant pakuotes, komponentus ir gatavus gaminius.<\/p>","protected":false},"featured_media":1750,"template":"","meta":[],"product_brand":[],"product_cat":[15],"product_tag":[],"class_list":{"0":"post-1779","1":"product","2":"type-product","3":"status-publish","4":"has-post-thumbnail","6":"product_cat-print-label","8":"first","9":"instock","10":"shipping-taxable","11":"product-type-simple"},"_links":{"self":[{"href":"https:\/\/membraneswitchmfg.com\/lt\/wp-json\/wp\/v2\/product\/1779","targetHints":{"allow":["GET"]}}],"collection":[{"href":"https:\/\/membraneswitchmfg.com\/lt\/wp-json\/wp\/v2\/product"}],"about":[{"href":"https:\/\/membraneswitchmfg.com\/lt\/wp-json\/wp\/v2\/types\/product"}],"wp:featuredmedia":[{"embeddable":true,"href":"https:\/\/membraneswitchmfg.com\/lt\/wp-json\/wp\/v2\/media\/1750"}],"wp:attachment":[{"href":"https:\/\/membraneswitchmfg.com\/lt\/wp-json\/wp\/v2\/media?parent=1779"}],"wp:term":[{"taxonomy":"product_brand","embeddable":true,"href":"https:\/\/membraneswitchmfg.com\/lt\/wp-json\/wp\/v2\/product_brand?post=1779"},{"taxonomy":"product_cat","embeddable":true,"href":"https:\/\/membraneswitchmfg.com\/lt\/wp-json\/wp\/v2\/product_cat?post=1779"},{"taxonomy":"product_tag","embeddable":true,"href":"https:\/\/membraneswitchmfg.com\/lt\/wp-json\/wp\/v2\/product_tag?post=1779"}],"curies":[{"name":"wp","href":"https:\/\/api.w.org\/{rel}","templated":true}]}}