{"id":1780,"date":"2024-06-24T05:57:57","date_gmt":"2024-06-24T05:57:57","guid":{"rendered":"https:\/\/membraneswitchmfg.com\/manufacturer\/membrane-switch-with-backlighting\/"},"modified":"2024-06-25T13:56:06","modified_gmt":"2024-06-25T13:56:06","slug":"membrane-switch-with-backlighting","status":"publish","type":"product","link":"https:\/\/membraneswitchmfg.com\/lt\/manufacturer\/membrane-switch-with-backlighting\/","title":{"rendered":"Membraninis jungiklis su foniniu ap\u0161vietimu"},"content":{"rendered":"<h2><strong><b>Membraniniai jungikliai su foniniu ap\u0161vietimu: Geresnis matomumas ir naudotojo patirtis<\/b><\/strong><\/h2>\n<p><strong>Geresnis matomumas prasto ap\u0161vietimo aplinkoje<\/strong><\/p>\n<p>Membraniniai jungikliai su foniniu ap\u0161vietimu u\u017etikrina, kad klavi\u0161ai ir u\u017era\u0161ai b\u016bt\u0173 gerai matomi net prastai ap\u0161viestoje ar tamsioje aplinkoje. Tai ypa\u010d svarbu, kai prietaisai naudojami prasto ap\u0161vietimo s\u0105lygomis, pvz:<\/p>\n<ul>\n<li><strong>Medicinos \u012franga<\/strong><\/li>\n<li><strong>Pramoniniai valdymo skydai<\/strong><\/li>\n<li><strong>Aviacijos ir kosmoso \u012franga<\/strong><\/li>\n<li><strong>Karin\u0117s programos<\/strong><\/li>\n<li><strong>Buitin\u0117 elektronika<\/strong><\/li>\n<\/ul>\n<p><strong>Patobulinta naudotojo patirtis<\/strong><\/p>\n<p>Ap\u0161viesti membraniniai jungikliai ne tik pagerina matomum\u0105, bet ir bendr\u0105 naudotojo patirt\u012f:<\/p>\n<ul>\n<li><strong>Klaid\u0173 ma\u017einimas ir tikslumo didinimas<\/strong><\/li>\n<li><strong>Naudotoj\u0173 supa\u017eindinimas su veikimu ir funkcijomis<\/strong><\/li>\n<li><strong>intuityvesn\u0117s ir patogesn\u0117s s\u0105sajos k\u016brimas<\/strong><\/li>\n<li><strong>\u012erenginiui suteikia elegancijos ir rafinuotumo<\/strong><\/li>\n<\/ul>\n<p><strong>\u012evairios foninio ap\u0161vietimo parinktys<\/strong><\/p>\n<p>Membraniniai jungikliai su foniniu ap\u0161vietimu si\u016blo daugyb\u0119 pritaikymo galimybi\u0173, \u012fskaitant:<\/p>\n<ul>\n<li><strong>\u012evairios LED spalvos ir intensyvumas<\/strong><\/li>\n<li><strong>Vienodas arba zoninis foninis ap\u0161vietimas<\/strong><\/li>\n<li><strong>Statinio arba dinaminio ap\u0161vietimo efektai<\/strong><\/li>\n<li><strong>Pasirinktin\u0117 grafika ir piktogramos<\/strong><\/li>\n<\/ul>\n<p><strong>Bendradarbiaukite su patyrusiu ap\u0161viest\u0173 membranini\u0173 jungikli\u0173 gamintoju<\/strong><\/p>\n<p>Tur\u0117dami ilgamet\u0119 patirt\u012f ir \u012fsipareigojim\u0105 u\u017etikrinti kokyb\u0119, esame patikimas nestandartini\u0173 ap\u0161viest\u0173 membranini\u0173 jungikli\u0173 \u0161altinis. M\u016bs\u0173 ekspert\u0173 komanda gali pad\u0117ti jums suprojektuoti ir pagaminti tobulus jungiklius, kad pagerintum\u0117te savo gaminio matomum\u0105, naudotojo patirt\u012f ir bendr\u0105 estetin\u012f vaizd\u0105.<\/p>\n<p><strong>Susisiekite su mumis \u0161iandien<\/strong>\u00a0nor\u0117dami su\u017einoti daugiau apie m\u016bs\u0173 ap\u0161viest\u0173 membranini\u0173 jungikli\u0173 sprendimus ir apie tai, kaip galime pad\u0117ti jums patobulinti j\u016bs\u0173 gaminius.<\/p>","protected":false},"excerpt":{"rendered":"<p>Membraniniai jungikliai su foniniu ap\u0161vietimu pagerina elektronini\u0173 prietais\u0173 naudojimo patirt\u012f ir funkcionalum\u0105, nes u\u017etikrina ai\u0161k\u0173 matomum\u0105 prasto ap\u0161vietimo s\u0105lygomis. \u0160iuose naujovi\u0161kuose jungikliuose tradicini\u0173 membranini\u0173 jungikli\u0173 taktilinis gr\u012f\u017etamasis ry\u0161ys derinamas su \u0161viesos diod\u0173 ap\u0161vietimo galia, taip sukuriant patogi\u0105 ir vizualiai patraukli\u0105 s\u0105saj\u0105.<\/p>","protected":false},"featured_media":1752,"template":"","meta":[],"product_brand":[],"product_cat":[40],"product_tag":[],"class_list":{"0":"post-1780","1":"product","2":"type-product","3":"status-publish","4":"has-post-thumbnail","6":"product_cat-membrane-switch","8":"first","9":"instock","10":"shipping-taxable","11":"product-type-simple"},"_links":{"self":[{"href":"https:\/\/membraneswitchmfg.com\/lt\/wp-json\/wp\/v2\/product\/1780","targetHints":{"allow":["GET"]}}],"collection":[{"href":"https:\/\/membraneswitchmfg.com\/lt\/wp-json\/wp\/v2\/product"}],"about":[{"href":"https:\/\/membraneswitchmfg.com\/lt\/wp-json\/wp\/v2\/types\/product"}],"wp:featuredmedia":[{"embeddable":true,"href":"https:\/\/membraneswitchmfg.com\/lt\/wp-json\/wp\/v2\/media\/1752"}],"wp:attachment":[{"href":"https:\/\/membraneswitchmfg.com\/lt\/wp-json\/wp\/v2\/media?parent=1780"}],"wp:term":[{"taxonomy":"product_brand","embeddable":true,"href":"https:\/\/membraneswitchmfg.com\/lt\/wp-json\/wp\/v2\/product_brand?post=1780"},{"taxonomy":"product_cat","embeddable":true,"href":"https:\/\/membraneswitchmfg.com\/lt\/wp-json\/wp\/v2\/product_cat?post=1780"},{"taxonomy":"product_tag","embeddable":true,"href":"https:\/\/membraneswitchmfg.com\/lt\/wp-json\/wp\/v2\/product_tag?post=1780"}],"curies":[{"name":"wp","href":"https:\/\/api.w.org\/{rel}","templated":true}]}}