{"id":1781,"date":"2024-06-24T05:57:57","date_gmt":"2024-06-24T05:57:57","guid":{"rendered":"https:\/\/membraneswitchmfg.com\/manufacturer\/membrane-switch-back-support\/"},"modified":"2024-07-25T08:37:56","modified_gmt":"2024-07-25T08:37:56","slug":"membrane-switch-back-support","status":"publish","type":"product","link":"https:\/\/membraneswitchmfg.com\/lt\/manufacturer\/membrane-switch-back-support\/","title":{"rendered":"Membraninis jungiklis + nugaros atrama"},"content":{"rendered":"<h2><strong><b>Membraninis jungiklis + nugaros atrama: Padidintas patvarumas ir funkcionalumas<\/b><\/strong><\/h2>\n<p><strong>Didesnis patvarumas ir stabilumas<\/strong><\/p>\n<p>Nugaros atrama suteikia stand\u0173 pagrind\u0105 membraniniam jungikliui, tod\u0117l gerokai padid\u0117ja jo patvarumas ir ilgaam\u017ei\u0161kumas. Tai ypa\u010d naudinga aplinkoje, kurioje jungiklis da\u017enai naudojamas arba naudojamas at\u0161iauriomis s\u0105lygomis.<\/p>\n<ul>\n<li><strong>Atsparus deformacijai ir nusid\u0117v\u0117jimui<\/strong><\/li>\n<li><strong>Apsaugo jungikl\u012f nuo sm\u016bgi\u0173 ir vibracijos<\/strong><\/li>\n<li><strong>Prailgina jungiklio tarnavimo laik\u0105<\/strong><\/li>\n<\/ul>\n<p><strong>Patobulintas funkcionalumas ir montavimo galimyb\u0117s<\/strong><\/p>\n<p>Nugarin\u0117 atrama padeda saugiai ir tiksliai pritvirtinti membranin\u012f jungikl\u012f, u\u017etikrinant tinkam\u0105 i\u0161lyginim\u0105 ir veikim\u0105. Be to, \u012f j\u0105 galima integruoti papildomus komponentus, pavyzd\u017eiui, \u0161viesos diodus ir jungtis.<\/p>\n<ul>\n<li><strong>Galimyb\u0117 montuoti lygiai arba auk\u0161tai<\/strong><\/li>\n<li><strong>Pateikiamos montavimo skyl\u0117s ir smeig\u0117s<\/strong><\/li>\n<li><strong>Leid\u017eia integruoti elektronik\u0105<\/strong><\/li>\n<\/ul>\n<p><strong>Patobulinta estetika ir profesionali i\u0161vaizda<\/strong><\/p>\n<p>Nugaros atrama pagerina bendr\u0105 membraninio jungiklio estetik\u0105, tod\u0117l jis atrodo profesionaliau ir vizualiai patraukliau. J\u0105 galima pritaikyti spalvomis, tekst\u016bromis ir apdaila, kad atitikt\u0173 prietaiso dizain\u0105.<\/p>\n<ul>\n<li><strong>Eleganti\u0161kas ir modernus dizainas<\/strong><\/li>\n<li><strong>Spalv\u0173 ir apdailos \u012fvairov\u0117<\/strong><\/li>\n<li><strong>Pritaikoma grafika ir logotipai<\/strong><\/li>\n<\/ul>\n<p><strong>Parai\u0161kos<\/strong><\/p>\n<p>Membraniniai jungikliai su nugarine atrama pla\u010diai naudojami \u012fvairiose srityse, \u012fskaitant:<\/p>\n<ul>\n<li><strong>Pramoniniai valdymo skydai<\/strong><\/li>\n<li><strong>Medicinos prietaisai<\/strong><\/li>\n<li><strong>Buitin\u0117 elektronika<\/strong><\/li>\n<li><strong>Telekomunikacij\u0173 \u012franga<\/strong><\/li>\n<li><strong>Transporto konsol\u0117s<\/strong><\/li>\n<\/ul>\n<p><strong>Pritaikomi sprendimai<\/strong><\/p>\n<p>Si\u016blome daugyb\u0119 pritaikymo parink\u010di\u0173, kad atitikt\u0173 j\u016bs\u0173 konkre\u010dius poreikius, \u012fskaitant:<\/p>\n<ul>\n<li><strong>\u012evairios nugaros atram\u0173 med\u017eiagos (aliuminis, plastikas ir kt.)<\/strong><\/li>\n<li><strong>Pasirinktiniai matmenys ir formos<\/strong><\/li>\n<li><strong>Komponent\u0173 i\u0161pjovos ir skyl\u0117s<\/strong><\/li>\n<li><strong>Pavir\u0161iaus apdorojimas ir apdaila<\/strong><\/li>\n<\/ul>\n<p><strong>Bendradarbiaukite su patyrusiu membranini\u0173 jungikli\u0173 gamintoju<\/strong><\/p>\n<p>Tur\u0117dami ilgamet\u0119 patirt\u012f ir siekdami kokyb\u0117s, esame patikimas nestandartini\u0173 membranini\u0173 jungikli\u0173 su atraminiu palaikymu \u0161altinis. M\u016bs\u0173 ekspert\u0173 komanda gali pad\u0117ti jums suprojektuoti ir pagaminti tobulus jungiklius, kurie padidins j\u016bs\u0173 gaminio patvarum\u0105, funkcionalum\u0105 ir estetin\u012f patrauklum\u0105.<\/p>\n<p><strong>Susisiekite su mumis \u0161iandien<\/strong>\u00a0nor\u0117dami su\u017einoti daugiau apie m\u016bs\u0173 membranini\u0173 jungikli\u0173 sprendimus su nugaros palaikymu ir apie tai, kaip galime pad\u0117ti jums patobulinti j\u016bs\u0173 gaminius.<\/p>\n<p><strong>Papildomi raktiniai \u017eod\u017eiai:<\/strong>\u00a0lankstus membraninis jungiklis, \u012fjungimo ir i\u0161jungimo membraninis jungiklis<\/p>","protected":false},"excerpt":{"rendered":"<p>Membraniniai jungikliai, sujungti su nugarine atrama, yra tvirtas ir universalus naudotojo s\u0105saj\u0173 sprendimas, kuriame derinamas taktilinis membranini\u0173 jungikli\u0173 gr\u012f\u017etamasis ry\u0161ys ir nugarinio skydelio strukt\u016brinis vientisumas. \u0160i integracija padidina jungiklio patvarum\u0105, funkcionalum\u0105 ir estetin\u012f patrauklum\u0105, tod\u0117l jis idealiai tinka \u012fvairioms programoms.<\/p>","protected":false},"featured_media":1754,"template":"","meta":[],"product_brand":[],"product_cat":[40],"product_tag":[],"class_list":{"0":"post-1781","1":"product","2":"type-product","3":"status-publish","4":"has-post-thumbnail","6":"product_cat-membrane-switch","8":"first","9":"instock","10":"shipping-taxable","11":"product-type-simple"},"_links":{"self":[{"href":"https:\/\/membraneswitchmfg.com\/lt\/wp-json\/wp\/v2\/product\/1781","targetHints":{"allow":["GET"]}}],"collection":[{"href":"https:\/\/membraneswitchmfg.com\/lt\/wp-json\/wp\/v2\/product"}],"about":[{"href":"https:\/\/membraneswitchmfg.com\/lt\/wp-json\/wp\/v2\/types\/product"}],"wp:featuredmedia":[{"embeddable":true,"href":"https:\/\/membraneswitchmfg.com\/lt\/wp-json\/wp\/v2\/media\/1754"}],"wp:attachment":[{"href":"https:\/\/membraneswitchmfg.com\/lt\/wp-json\/wp\/v2\/media?parent=1781"}],"wp:term":[{"taxonomy":"product_brand","embeddable":true,"href":"https:\/\/membraneswitchmfg.com\/lt\/wp-json\/wp\/v2\/product_brand?post=1781"},{"taxonomy":"product_cat","embeddable":true,"href":"https:\/\/membraneswitchmfg.com\/lt\/wp-json\/wp\/v2\/product_cat?post=1781"},{"taxonomy":"product_tag","embeddable":true,"href":"https:\/\/membraneswitchmfg.com\/lt\/wp-json\/wp\/v2\/product_tag?post=1781"}],"curies":[{"name":"wp","href":"https:\/\/api.w.org\/{rel}","templated":true}]}}