{"id":1782,"date":"2024-06-24T05:57:57","date_gmt":"2024-06-24T05:57:57","guid":{"rendered":"https:\/\/membraneswitchmfg.com\/manufacturer\/membrane-switch-touch-screen\/"},"modified":"2024-06-25T13:51:39","modified_gmt":"2024-06-25T13:51:39","slug":"membrane-switch-touch-screen","status":"publish","type":"product","link":"https:\/\/membraneswitchmfg.com\/lt\/manufacturer\/membrane-switch-touch-screen\/","title":{"rendered":"Membraninis jungiklis + jutiklinis ekranas"},"content":{"rendered":"<h2><strong><b>Membraninis jungiklis + jutiklinis ekranas: Vientisa integracija geresnei naudotojo patir\u010diai u\u017etikrinti<\/b><\/strong><\/h2>\n<p><strong>Patobulinta naudotojo patirtis ir prieinamumas<\/strong><\/p>\n<p>Membraniniai jungikliai su jutikliniais ekranais u\u017etikrina intuityvesn\u0119 ir patogesn\u0119 s\u0105saj\u0105:<\/p>\n<ul>\n<li><strong>Taktilinio gr\u012f\u017etamojo ry\u0161io derinimas su vizualiniais \u017eenklais<\/strong><\/li>\n<li><strong>Lengva navigacija ir atranka<\/strong><\/li>\n<li><strong>Patenkinti \u012fvairesnius naudotoj\u0173 pageidavimus<\/strong><\/li>\n<\/ul>\n<p><strong>Didesnis funkcionalumas ir pritaikymas<\/strong><\/p>\n<p>\u0160i integracija leid\u017eia \u012fdiegti pa\u017eangias funkcijas, pvz:<\/p>\n<ul>\n<li><strong>Pritaikoma grafika ir piktogramos<\/strong><\/li>\n<li><strong>Interaktyv\u016bs meniu ir ekranai<\/strong><\/li>\n<li><strong>Duomen\u0173 \u012fvedimas ir kontrol\u0117<\/strong><\/li>\n<\/ul>\n<p><strong>\u012evairios dizaino parinktys<\/strong><\/p>\n<p>Membraniniai jungikliai su jutikliniais ekranais gali b\u016bti pritaikomi pagal konkre\u010dius dizaino reikalavimus, \u012fskaitant:<\/p>\n<ul>\n<li><strong>\u012evair\u016bs jungikli\u0173 dyd\u017eiai ir konfig\u016bracijos<\/strong><\/li>\n<li><strong>Jutiklini\u0173 ekran\u0173 dyd\u017eiai ir technologijos<\/strong><\/li>\n<li><strong>Foninio ap\u0161vietimo ir ap\u0161vietimo parinktys<\/strong><\/li>\n<li><strong>Estetin\u0117 integracija su prietaiso dizainu<\/strong><\/li>\n<\/ul>\n<p><strong>Parai\u0161kos<\/strong><\/p>\n<p>Membraniniai jungikliai su jutikliniais ekranais pla\u010diai naudojami \u012fvairiose srityse, pvz:<\/p>\n<ul>\n<li><strong>Pramoniniai valdymo skydai<\/strong><\/li>\n<li><strong>Medicinos prietaisai<\/strong><\/li>\n<li><strong>Buitin\u0117 elektronika<\/strong><\/li>\n<li><strong>Buitin\u0117 technika<\/strong><\/li>\n<li><strong>Vie\u0161ieji kioskai<\/strong><\/li>\n<\/ul>\n<p><strong>Pritaikomi sprendimai<\/strong><\/p>\n<p>Si\u016blome daugyb\u0119 pritaikymo parink\u010di\u0173, kad atitikt\u0173 j\u016bs\u0173 konkre\u010dius poreikius, \u012fskaitant:<\/p>\n<ul>\n<li><strong>Membranini\u0173 jungikli\u0173 med\u017eiag\u0173 ir stili\u0173 pasirinkimas<\/strong><\/li>\n<li><strong>Jutiklinio ekrano technologija ir skiriamoji geba<\/strong><\/li>\n<li><strong>Pasirinktin\u0117s grafikos ir naudotojo s\u0105sajos dizainas<\/strong><\/li>\n<li><strong>Integracija su papildomais komponentais<\/strong><\/li>\n<\/ul>\n<p><strong>Bendradarbiaukite su patyrusiu membranini\u0173 jungikli\u0173 ir jutiklini\u0173 ekran\u0173 gamintoju<\/strong><\/p>\n<p>Tur\u0117dami ilgamet\u0119 patirt\u012f ir siekdami kokyb\u0117s, esame patikimas nestandartini\u0173 membranini\u0173 jungikli\u0173 su jutikliniais ekranais \u0161altinis. M\u016bs\u0173 ekspert\u0173 komanda gali pad\u0117ti jums sukurti ir pagaminti tobul\u0105 sprendim\u0105, kuris pagerins j\u016bs\u0173 gaminio naudojimo patirt\u012f, funkcionalum\u0105 ir estetin\u012f vaizd\u0105.<\/p>\n<p><strong>Susisiekite su mumis \u0161iandien<\/strong>\u00a0nor\u0117dami su\u017einoti daugiau apie m\u016bs\u0173 membranini\u0173 jungikli\u0173 ir jutiklini\u0173 ekran\u0173 sprendimus ir apie tai, kaip galime pad\u0117ti jums patobulinti j\u016bs\u0173 gaminius.<\/p>","protected":false},"excerpt":{"rendered":"<p>Membraninius jungiklius ir jutiklinius ekranus galima skland\u017eiai integruoti, kad b\u016bt\u0173 sukurta naudotojo s\u0105saja, kurioje taktilinis membranini\u0173 jungikli\u0173 gr\u012f\u017etamasis ry\u0161ys derinamas su vizualiniu jutiklini\u0173 ekran\u0173 interaktyvumu. \u0160is naujovi\u0161kas derinys - tai universalus ir patogus naudotojui sprendimas \u012fvairioms programoms.<\/p>","protected":false},"featured_media":1762,"template":"","meta":[],"product_brand":[],"product_cat":[40],"product_tag":[],"class_list":{"0":"post-1782","1":"product","2":"type-product","3":"status-publish","4":"has-post-thumbnail","6":"product_cat-membrane-switch","8":"first","9":"instock","10":"shipping-taxable","11":"product-type-simple"},"_links":{"self":[{"href":"https:\/\/membraneswitchmfg.com\/lt\/wp-json\/wp\/v2\/product\/1782","targetHints":{"allow":["GET"]}}],"collection":[{"href":"https:\/\/membraneswitchmfg.com\/lt\/wp-json\/wp\/v2\/product"}],"about":[{"href":"https:\/\/membraneswitchmfg.com\/lt\/wp-json\/wp\/v2\/types\/product"}],"wp:featuredmedia":[{"embeddable":true,"href":"https:\/\/membraneswitchmfg.com\/lt\/wp-json\/wp\/v2\/media\/1762"}],"wp:attachment":[{"href":"https:\/\/membraneswitchmfg.com\/lt\/wp-json\/wp\/v2\/media?parent=1782"}],"wp:term":[{"taxonomy":"product_brand","embeddable":true,"href":"https:\/\/membraneswitchmfg.com\/lt\/wp-json\/wp\/v2\/product_brand?post=1782"},{"taxonomy":"product_cat","embeddable":true,"href":"https:\/\/membraneswitchmfg.com\/lt\/wp-json\/wp\/v2\/product_cat?post=1782"},{"taxonomy":"product_tag","embeddable":true,"href":"https:\/\/membraneswitchmfg.com\/lt\/wp-json\/wp\/v2\/product_tag?post=1782"}],"curies":[{"name":"wp","href":"https:\/\/api.w.org\/{rel}","templated":true}]}}