{"id":1783,"date":"2024-06-24T05:57:57","date_gmt":"2024-06-24T05:57:57","guid":{"rendered":"https:\/\/membraneswitchmfg.com\/manufacturer\/oca-membrane-switch-keypad\/"},"modified":"2024-06-25T14:00:06","modified_gmt":"2024-06-25T14:00:06","slug":"oca-membrane-switch-keypad","status":"publish","type":"product","link":"https:\/\/membraneswitchmfg.com\/lt\/manufacturer\/oca-membrane-switch-keypad\/","title":{"rendered":"OCA membraninio jungiklio klaviat\u016bra"},"content":{"rendered":"<h2><strong><b>OCA membraninio jungiklio klaviat\u016bra: Padidintas patvarumas ir taktilin\u0117 reakcija<\/b><\/strong><\/h2>\n<p><strong>Padidintas patvarumas ir atsparumas vandeniui<\/strong><\/p>\n<p>OCA membranini\u0173 jungikli\u0173 klaviat\u016bros yra itin patvarios, atlaiko sud\u0117tingas s\u0105lygas ir da\u017en\u0105 naudojim\u0105. OCA sluoksnis yra apsauginis barjeras nuo dr\u0117gm\u0117s, dulki\u0173 ir ter\u0161al\u0173, tod\u0117l pailg\u0117ja klaviat\u016bros tarnavimo laikas.<\/p>\n<ul>\n<li><strong>Atsparus vandeniui, chemin\u0117ms med\u017eiagoms ir UV spinduliams<\/strong><\/li>\n<li><strong>Atsparus ekstremalioms temperat\u016broms ir vibracijai<\/strong><\/li>\n<li><strong>Tinka lauko ir pramoninei aplinkai<\/strong><\/li>\n<\/ul>\n<p><strong>Puiki taktilin\u0117 reakcija ir ai\u0161kus gr\u012f\u017etamasis ry\u0161ys<\/strong><\/p>\n<p>OCA membranini\u0173 jungikli\u0173 klaviat\u016bros pasi\u017eymi tiksliu ir nuosekliu lietimui jautriu atsaku, u\u017etikrinan\u010diu tiksl\u0173 ir patikim\u0105 naudotojo duomen\u0173 \u012fvedim\u0105. OCA sluoksnis pagerina klavi\u0161\u0173 eig\u0105 ir u\u017etikrina ai\u0161k\u0173 paspaudimo gr\u012f\u017etam\u0105j\u012f ry\u0161\u012f, kad naudotojas gal\u0117t\u0173 patvirtinti savo veiksmus.<\/p>\n<ul>\n<li><strong>Tikslus ir nuoseklus klavi\u0161o \u012fjungimas<\/strong><\/li>\n<li><strong>Ai\u0161kus paspaudimo gr\u012f\u017etamasis ry\u0161ys - taktilinis patvirtinimas<\/strong><\/li>\n<li><strong>Suma\u017eina klaid\u0173 skai\u010di\u0173 ir pagerina naudotoj\u0173 patirt\u012f<\/strong><\/li>\n<\/ul>\n<p><strong>Geresnis vaizdo ai\u0161kumas ir foninio ap\u0161vietimo parinktys<\/strong><\/p>\n<p>OCA membranini\u0173 jungikli\u0173 klaviat\u016bros pasi\u017eymi i\u0161skirtiniu vizualiniu ai\u0161kumu, o j\u0173 legendos ir simboliai yra ry\u0161k\u016bs ir lengvai \u012fskaitomi net esant silpnam ap\u0161vietimui. OCA sluoksnis u\u017etikrina tolyg\u0173 fonin\u012f ap\u0161vietim\u0105, tod\u0117l gerai matomas ir esant prastam ap\u0161vietimui.<\/p>\n<ul>\n<li><strong>Ai\u0161kios ir \u012fskaitomos legendos ir simboliai<\/strong><\/li>\n<li><strong>Vienodo foninio ap\u0161vietimo parinktys geresniam matomumui u\u017etikrinti<\/strong><\/li>\n<li><strong>Pritaikoma grafika ir prek\u0117s \u017eenklo elementai<\/strong><\/li>\n<\/ul>\n<p><strong>Parai\u0161kos<\/strong><\/p>\n<p>OCA membranini\u0173 jungikli\u0173 klaviat\u016bros pla\u010diai naudojamos \u012fvairiose srityse, \u012fskaitant:<\/p>\n<ul>\n<li><strong>Pramoniniai valdymo skydai<\/strong><\/li>\n<li><strong>Medicinos prietaisai<\/strong><\/li>\n<li><strong>Buitin\u0117 elektronika<\/strong><\/li>\n<li><strong>Telekomunikacij\u0173 \u012franga<\/strong><\/li>\n<li><strong>Transporto konsol\u0117s<\/strong><\/li>\n<\/ul>\n<p><strong>Pritaikomi sprendimai<\/strong><\/p>\n<p>Si\u016blome daugyb\u0119 pritaikymo parink\u010di\u0173, kad atitikt\u0173 j\u016bs\u0173 konkre\u010dius poreikius, \u012fskaitant:<\/p>\n<ul>\n<li><strong>\u012evair\u016bs rakt\u0173 dyd\u017eiai, i\u0161d\u0117stymai ir konfig\u016bracijos<\/strong><\/li>\n<li><strong>Pasirinktin\u0117 grafika, legendos ir prek\u0117s \u017eenklo elementai<\/strong><\/li>\n<li><strong>Foninio ap\u0161vietimo parinktys ir spalvos<\/strong><\/li>\n<li><strong>Integracija su papildomais komponentais<\/strong><\/li>\n<\/ul>\n<p><strong>Bendradarbiaukite su patyrusiu OCA membranini\u0173 jungikli\u0173 klaviat\u016bros gamintoju<\/strong><\/p>\n<p>Tur\u0117dami ilgamet\u0119 patirt\u012f ir siekdami kokyb\u0117s, esame patikimas OCA membranini\u0173 jungikli\u0173 klaviat\u016br\u0173 \u0161altinis. M\u016bs\u0173 ekspert\u0173 komanda gali pad\u0117ti jums suprojektuoti ir pagaminti tobulas klaviat\u016bras, kad padidintum\u0117te savo gaminio patvarum\u0105, taktilin\u012f atsak\u0105, vizualin\u012f ai\u0161kum\u0105 ir bendr\u0105 na\u0161um\u0105.<\/p>\n<p><strong>Susisiekite su mumis \u0161iandien<\/strong>\u00a0nor\u0117dami su\u017einoti daugiau apie m\u016bs\u0173 OCA membranini\u0173 jungikli\u0173 klaviat\u016bros sprendimus ir apie tai, kaip galime pad\u0117ti jums patobulinti j\u016bs\u0173 gaminius.<\/p>","protected":false},"excerpt":{"rendered":"<p>OCA (opti\u0161kai skaidri\u0173 klij\u0173) membranini\u0173 jungikli\u0173 klaviat\u016bros yra geresn\u0117 alternatyva tradicin\u0117ms membranini\u0173 jungikli\u0173 klaviat\u016broms, u\u017etikrinanti didesn\u012f patvarum\u0105, taktilin\u012f atsak\u0105 ir vizualin\u012f ai\u0161kum\u0105. \u0160ios naujovi\u0161kos klaviat\u016bros idealiai tinka programoms, kurioms reikia didelio na\u0161umo ir patikimumo sud\u0117tingoje aplinkoje.<\/p>","protected":false},"featured_media":1756,"template":"","meta":[],"product_brand":[],"product_cat":[40],"product_tag":[],"class_list":{"0":"post-1783","1":"product","2":"type-product","3":"status-publish","4":"has-post-thumbnail","6":"product_cat-membrane-switch","8":"first","9":"instock","10":"shipping-taxable","11":"product-type-simple"},"_links":{"self":[{"href":"https:\/\/membraneswitchmfg.com\/lt\/wp-json\/wp\/v2\/product\/1783","targetHints":{"allow":["GET"]}}],"collection":[{"href":"https:\/\/membraneswitchmfg.com\/lt\/wp-json\/wp\/v2\/product"}],"about":[{"href":"https:\/\/membraneswitchmfg.com\/lt\/wp-json\/wp\/v2\/types\/product"}],"wp:featuredmedia":[{"embeddable":true,"href":"https:\/\/membraneswitchmfg.com\/lt\/wp-json\/wp\/v2\/media\/1756"}],"wp:attachment":[{"href":"https:\/\/membraneswitchmfg.com\/lt\/wp-json\/wp\/v2\/media?parent=1783"}],"wp:term":[{"taxonomy":"product_brand","embeddable":true,"href":"https:\/\/membraneswitchmfg.com\/lt\/wp-json\/wp\/v2\/product_brand?post=1783"},{"taxonomy":"product_cat","embeddable":true,"href":"https:\/\/membraneswitchmfg.com\/lt\/wp-json\/wp\/v2\/product_cat?post=1783"},{"taxonomy":"product_tag","embeddable":true,"href":"https:\/\/membraneswitchmfg.com\/lt\/wp-json\/wp\/v2\/product_tag?post=1783"}],"curies":[{"name":"wp","href":"https:\/\/api.w.org\/{rel}","templated":true}]}}