{"id":1784,"date":"2024-06-24T05:57:57","date_gmt":"2024-06-24T05:57:57","guid":{"rendered":"https:\/\/membraneswitchmfg.com\/manufacturer\/digital-printing-graphic-overlay\/"},"modified":"2024-06-25T13:50:44","modified_gmt":"2024-06-25T13:50:44","slug":"digital-printing-graphic-overlay","status":"publish","type":"product","link":"https:\/\/membraneswitchmfg.com\/lt\/manufacturer\/digital-printing-graphic-overlay\/","title":{"rendered":"Skaitmenin\u0117 spauda Grafinis perdengimas"},"content":{"rendered":"<h2><strong><b>Skaitmeniniu b\u016bdu atspausdinti grafiniai perdengimai: Produkto estetikos ir funkcionalumo gerinimas<\/b><\/strong><\/h2>\n<p><strong>Pagerinkite produkt\u0173 estetik\u0105<\/strong><\/p>\n<p>Grafiniai u\u017edengimai gali gerokai pagerinti gaminio i\u0161vaizd\u0105:<\/p>\n<ul>\n<li><strong>\u012emon\u0117s logotip\u0173, prek\u0117s \u017eenklo element\u0173 ir produkt\u0173 grafikos \u012ftraukimas<\/strong><\/li>\n<li><strong>Darnaus ir profesionalaus prek\u0117s \u017eenklo \u012fvaizd\u017eio k\u016brimas<\/strong><\/li>\n<li><strong>Elegancijos ir rafinuotumo prisilietimas<\/strong><\/li>\n<\/ul>\n<p><strong>Produkto funkcionalumo gerinimas<\/strong><\/p>\n<p>Grafiniai u\u017edengimai taip pat gali pagerinti gaminio funkcionalum\u0105:<\/p>\n<ul>\n<li><strong>ai\u0161ki\u0173 instrukcij\u0173 ir naudotojo nurodym\u0173 teikimas<\/strong><\/li>\n<li><strong>Mygtuk\u0173, jungikli\u0173 ir kit\u0173 valdikli\u0173 atpa\u017einimas<\/strong><\/li>\n<li><strong>B\u016bsenos indikatori\u0173 ir \u012fsp\u0117jam\u0173j\u0173 simboli\u0173 rodymas<\/strong><\/li>\n<\/ul>\n<p>Skaitmeniniu b\u016bdu atspausdintas grafinis perdengimas<\/p>\n<p>Skaitmeniniu b\u016bdu atspausdintus grafinius perdengimus galima naudoti ant \u012fvairi\u0173 med\u017eiag\u0173, \u012fskaitant:<\/p>\n<ul>\n<li><strong>Plastmas\u0117s<\/strong><\/li>\n<li><strong>Metalai<\/strong><\/li>\n<li><strong>Stiklas<\/strong><\/li>\n<li><strong>Mediena<\/strong><\/li>\n<\/ul>\n<p>\u0160ios perdangos taip pat yra labai patvarios, atsparios at\u0161iaurioms s\u0105lygoms ir da\u017enam naudojimui.<\/p>\n<p><strong>Parai\u0161kos<\/strong><\/p>\n<p>Grafiniai perdengimai pla\u010diai naudojami \u012fvairiose programose, \u012fskaitant:<\/p>\n<ul>\n<li><strong>Pramoniniai valdymo skydai<\/strong><\/li>\n<li><strong>Medicinos prietaisai<\/strong><\/li>\n<li><strong>Buitin\u0117 elektronika<\/strong><\/li>\n<li><strong>Prietaisai<\/strong><\/li>\n<li><strong>Ma\u0161inos ir \u012franga<\/strong><\/li>\n<\/ul>\n<p><strong>Pritaikomi sprendimai<\/strong><\/p>\n<p>Si\u016blome daugyb\u0119 pritaikymo parink\u010di\u0173, kad atitikt\u0173 j\u016bs\u0173 konkre\u010dius poreikius, \u012fskaitant:<\/p>\n<ul>\n<li><strong>Med\u017eiag\u0173, apdailos ir storio \u012fvairov\u0117<\/strong><\/li>\n<li><strong>Pasirinktin\u0117 grafika, dizainas ir tekstas<\/strong><\/li>\n<li><strong>Foninio ap\u0161vietimo ir ap\u0161vietimo parinktys<\/strong><\/li>\n<li><strong>I\u0161kirpimas ir sud\u0117tingos formos<\/strong><\/li>\n<\/ul>\n<p><strong>Bendradarbiaukite su patyrusiu grafini\u0173 perdang\u0173 gamintoju<\/strong><\/p>\n<p>Tur\u0117dami ilgamet\u0119 patirt\u012f ir \u012fsipareigojim\u0105 u\u017etikrinti kokyb\u0119, esame patikimas nestandartini\u0173 skaitmeniniu b\u016bdu atspausdint\u0173 grafini\u0173 perdang\u0173 \u0161altinis. M\u016bs\u0173 specialist\u0173 komanda gali pad\u0117ti jums sukurti ir pagaminti tobulas perdangas, kurios pagerins j\u016bs\u0173 gaminio estetik\u0105, funkcionalum\u0105 ir bendr\u0105 patrauklum\u0105.<\/p>\n<p><strong>Susisiekite su mumis \u0161iandien<\/strong>\u00a0nor\u0117dami su\u017einoti daugiau apie m\u016bs\u0173 grafinio u\u017edengimo sprendimus ir apie tai, kaip galime pad\u0117ti jums patobulinti j\u016bs\u0173 gaminius.<\/p>","protected":false},"excerpt":{"rendered":"<p>Skaitmeniniu b\u016bdu atspausdintos grafin\u0117s dangos - tai universalus ir ekonomi\u0161kas sprendimas \u012fvairi\u0173 gamini\u0173 estetikai ir funkcionalumui pagerinti. \u0160ios patvarios dangos pagal u\u017esakym\u0105 atspausdinamos su didel\u0117s rai\u0161kos grafika, logotipais ir tekstu, tod\u0117l \u012fprasti pavir\u0161iai tampa vizualiai patraukliomis ir informatyviomis s\u0105sajomis.<\/p>","protected":false},"featured_media":1748,"template":"","meta":[],"product_brand":[],"product_cat":[40],"product_tag":[],"class_list":{"0":"post-1784","1":"product","2":"type-product","3":"status-publish","4":"has-post-thumbnail","6":"product_cat-membrane-switch","8":"first","9":"instock","10":"shipping-taxable","11":"product-type-simple"},"_links":{"self":[{"href":"https:\/\/membraneswitchmfg.com\/lt\/wp-json\/wp\/v2\/product\/1784","targetHints":{"allow":["GET"]}}],"collection":[{"href":"https:\/\/membraneswitchmfg.com\/lt\/wp-json\/wp\/v2\/product"}],"about":[{"href":"https:\/\/membraneswitchmfg.com\/lt\/wp-json\/wp\/v2\/types\/product"}],"wp:featuredmedia":[{"embeddable":true,"href":"https:\/\/membraneswitchmfg.com\/lt\/wp-json\/wp\/v2\/media\/1748"}],"wp:attachment":[{"href":"https:\/\/membraneswitchmfg.com\/lt\/wp-json\/wp\/v2\/media?parent=1784"}],"wp:term":[{"taxonomy":"product_brand","embeddable":true,"href":"https:\/\/membraneswitchmfg.com\/lt\/wp-json\/wp\/v2\/product_brand?post=1784"},{"taxonomy":"product_cat","embeddable":true,"href":"https:\/\/membraneswitchmfg.com\/lt\/wp-json\/wp\/v2\/product_cat?post=1784"},{"taxonomy":"product_tag","embeddable":true,"href":"https:\/\/membraneswitchmfg.com\/lt\/wp-json\/wp\/v2\/product_tag?post=1784"}],"curies":[{"name":"wp","href":"https:\/\/api.w.org\/{rel}","templated":true}]}}