{"id":1785,"date":"2024-06-24T05:57:57","date_gmt":"2024-06-24T05:57:57","guid":{"rendered":"https:\/\/membraneswitchmfg.com\/manufacturer\/thru-hole-silver-flex-circuit\/"},"modified":"2024-06-25T13:49:55","modified_gmt":"2024-06-25T13:49:55","slug":"thru-hole-silver-flex-circuit","status":"publish","type":"product","link":"https:\/\/membraneswitchmfg.com\/lt\/manufacturer\/thru-hole-silver-flex-circuit\/","title":{"rendered":"THRU-HOLE Silver Flex grandin\u0117"},"content":{"rendered":"<h2><strong><b>THRU-HOLE Silver Flex grandin\u0117s: Lanks\u010dios ir patikimos jungtys \u012fvairioms programoms<\/b><\/strong><\/h2>\n<p><strong>Didesnis lankstumas ir geb\u0117jimas prisitaikyti<\/strong><\/p>\n<p>THRU-HOLE sidabrin\u0117s lanks\u010diosios grandin\u0117s yra labai lanks\u010dios, jos prisitaiko prie sud\u0117ting\u0173 form\u0173 ir geometrijos. D\u0117l to jos idealiai tinka tais atvejais, kai vietos nedaug arba kai reikia jud\u0117ti.<\/p>\n<ul>\n<li><strong>Prisitaikykite prie i\u0161lenkt\u0173 pavir\u0161i\u0173 ir ank\u0161t\u0173 erdvi\u0173<\/strong><\/li>\n<li><strong>Atlaiko lenkim\u0105, lankstym\u0105 ir sukim\u0105<\/strong><\/li>\n<li><strong>Tinka dinami\u0161koms ir mobiliosioms programoms<\/strong><\/li>\n<\/ul>\n<p><strong>Patikimas elektrinis laidumas<\/strong><\/p>\n<p>Sidabro ra\u0161alo laidininkai u\u017etikrina ma\u017e\u0105 var\u017e\u0105 ir didel\u0119 srov\u0117s talp\u0105, tod\u0117l galima patikimai perduoti signal\u0105 ir paskirstyti energij\u0105.<\/p>\n<ul>\n<li><strong>Puikus laidumas efektyviam signalo perdavimui<\/strong><\/li>\n<li><strong>Ma\u017eas pasiprie\u0161inimas, kad b\u016bt\u0173 minimal\u016bs galios nuostoliai<\/strong><\/li>\n<li><strong>Tinka reikliems elektros \u012frenginiams<\/strong><\/li>\n<\/ul>\n<p><strong>Tvirtos dengtos tarpin\u0117s angos<\/strong><\/p>\n<p>Plok\u0161tel\u0117mis padengtos skyl\u0117s u\u017etikrina tvirtas ir patikimas jungtis tarp skirting\u0173 lanks\u010diosios grandin\u0117s sluoksni\u0173, taip u\u017etikrinant signal\u0173 vientisum\u0105 ir grandin\u0117s stabilum\u0105.<\/p>\n<ul>\n<li><strong>Saugios jungtys patikimam signalo perdavimui<\/strong><\/li>\n<li><strong>Atsparus nusid\u0117v\u0117jimui, kad veikt\u0173 ilgai<\/strong><\/li>\n<li><strong>Tinka at\u0161iaurioms ir sud\u0117tingoms s\u0105lygoms<\/strong><\/li>\n<\/ul>\n<p><strong>Parai\u0161kos<\/strong><\/p>\n<p>THRU-HOLE sidabrin\u0117s lanks\u010diosios grandin\u0117s pla\u010diai naudojamos \u012fvairiose srityse, \u012fskaitant:<\/p>\n<ul>\n<li><strong>Membraniniai mygtukiniai jungikliai<\/strong><\/li>\n<li><strong>Medicinos prietaisai<\/strong><\/li>\n<li><strong>Buitin\u0117 elektronika<\/strong><\/li>\n<li><strong>Pramoniniai valdymo skydai<\/strong><\/li>\n<li><strong>Automobili\u0173 ir kosmoso \u012franga<\/strong><\/li>\n<\/ul>\n<p><strong>Pritaikomi sprendimai<\/strong><\/p>\n<p>Si\u016blome daugyb\u0119 pritaikymo parink\u010di\u0173, kad atitikt\u0173 j\u016bs\u0173 konkre\u010dius poreikius, \u012fskaitant:<\/p>\n<ul>\n<li><strong>\u012evair\u016bs grandini\u0173 i\u0161d\u0117stymai ir konfig\u016bracijos<\/strong><\/li>\n<li><strong>Pasirinktiniai laidinink\u0173 modeliai ir dyd\u017eiai<\/strong><\/li>\n<li><strong>\u012evairios med\u017eiagos ir storiai<\/strong><\/li>\n<li><strong>Pavir\u0161iaus apdaila ir apsaugin\u0117s dangos<\/strong><\/li>\n<\/ul>\n<p><strong>Bendradarbiaukite su patyrusiu THRU-HOLE sidabrini\u0173 lanks\u010di\u0173j\u0173 grandini\u0173 gamintoju<\/strong><\/p>\n<p>Tur\u0117dami ilgamet\u0119 patirt\u012f ir \u012fsipareigojim\u0105 u\u017etikrinti kokyb\u0119, esame patikimas u\u017esakom\u0173j\u0173 THRU-HOLE sidabrini\u0173 lanks\u010di\u0173j\u0173 grandini\u0173 \u0161altinis. M\u016bs\u0173 ekspert\u0173 komanda gali pad\u0117ti jums suprojektuoti ir pagaminti idealias grandines, atitinkan\u010dias j\u016bs\u0173 konkre\u010dius taikymo reikalavimus.<\/p>\n<p><strong>Susisiekite su mumis \u0161iandien<\/strong>\u00a0nor\u0117dami su\u017einoti daugiau apie m\u016bs\u0173 THRU-HOLE \"Silver Flex Circuit\" sprendimus ir kaip galime pad\u0117ti jums patobulinti j\u016bs\u0173 gaminius.<\/p>","protected":false},"excerpt":{"rendered":"<p>THRU-HOLE sidabrin\u0117s lanks\u010diosios grandin\u0117s yra universalus ir patikimas sprendimas, skirtas \u012fvairi\u0173 sri\u010di\u0173 jungtims. \u0160iose lanks\u010diose grandin\u0117se yra sidabro ra\u0161alo laidinink\u0173 ir padengt\u0173 skyli\u0173, u\u017etikrinan\u010di\u0173 puik\u0173 laidum\u0105, lankstum\u0105 ir ilgaam\u017ei\u0161kum\u0105.<\/p>","protected":false},"featured_media":1760,"template":"","meta":[],"product_brand":[],"product_cat":[40],"product_tag":[],"class_list":{"0":"post-1785","1":"product","2":"type-product","3":"status-publish","4":"has-post-thumbnail","6":"product_cat-membrane-switch","8":"first","9":"instock","10":"shipping-taxable","11":"product-type-simple"},"_links":{"self":[{"href":"https:\/\/membraneswitchmfg.com\/lt\/wp-json\/wp\/v2\/product\/1785","targetHints":{"allow":["GET"]}}],"collection":[{"href":"https:\/\/membraneswitchmfg.com\/lt\/wp-json\/wp\/v2\/product"}],"about":[{"href":"https:\/\/membraneswitchmfg.com\/lt\/wp-json\/wp\/v2\/types\/product"}],"wp:featuredmedia":[{"embeddable":true,"href":"https:\/\/membraneswitchmfg.com\/lt\/wp-json\/wp\/v2\/media\/1760"}],"wp:attachment":[{"href":"https:\/\/membraneswitchmfg.com\/lt\/wp-json\/wp\/v2\/media?parent=1785"}],"wp:term":[{"taxonomy":"product_brand","embeddable":true,"href":"https:\/\/membraneswitchmfg.com\/lt\/wp-json\/wp\/v2\/product_brand?post=1785"},{"taxonomy":"product_cat","embeddable":true,"href":"https:\/\/membraneswitchmfg.com\/lt\/wp-json\/wp\/v2\/product_cat?post=1785"},{"taxonomy":"product_tag","embeddable":true,"href":"https:\/\/membraneswitchmfg.com\/lt\/wp-json\/wp\/v2\/product_tag?post=1785"}],"curies":[{"name":"wp","href":"https:\/\/api.w.org\/{rel}","templated":true}]}}