{"id":1788,"date":"2024-06-24T05:57:57","date_gmt":"2024-06-24T05:57:57","guid":{"rendered":"https:\/\/membraneswitchmfg.com\/manufacturer\/digitally-printed-graphics\/"},"modified":"2024-06-25T13:43:13","modified_gmt":"2024-06-25T13:43:13","slug":"digitally-printed-graphics","status":"publish","type":"product","link":"https:\/\/membraneswitchmfg.com\/lt\/manufacturer\/digitally-printed-graphics\/","title":{"rendered":"Skaitmeniniu b\u016bdu atspausdinta grafika"},"content":{"rendered":"<h2><strong><b>Skaitmeniniu b\u016bdu atspausdinta grafika: Membranini\u0173 jungikli\u0173 patobulinimas: ry\u0161kus dizainas ir ilgaam\u017ei\u0161kumas<\/b><\/strong><\/h2>\n<p><strong>I\u0161laisvinkite dizaino k\u016brybi\u0161kum\u0105<\/strong><\/p>\n<p>Skaitmenin\u0117 spauda leid\u017eia kurti \u012fmantrius dizainus, sud\u0117tingus ra\u0161tus ir fotorealistinius vaizdus, kuriuos riboja tik j\u016bs\u0173 vaizduot\u0117. Tai atveria daugyb\u0119 galimybi\u0173 pritaikyti membraninius jungiklius, kad jie atitikt\u0173 bet kokio prek\u0117s \u017eenklo identitet\u0105 ar gaminio estetik\u0105.<\/p>\n<ul>\n<li><strong>\u012etraukite \u012fmon\u0117s logotipus, prek\u0117s \u017eenklo elementus ir produkt\u0173 grafik\u0105<\/strong><\/li>\n<li><strong>Kurkite vizualiai patrauklias ir patogias s\u0105sajas<\/strong><\/li>\n<li><strong>Stiprinti produkto diferenciacij\u0105 ir prek\u0117s \u017eenklo atpa\u017e\u012fstamum\u0105<\/strong><\/li>\n<\/ul>\n<p><strong>Ry\u0161kios spalvos ir ilgalaikis \u012fsp\u016bdis<\/strong><\/p>\n<p>Skaitmenin\u0117je spaudoje naudojami auk\u0161tos kokyb\u0117s da\u017eai, kuriais i\u0161gaunamos sodrios, ry\u0161kios spalvos, atsparios blukimui ir nusid\u0117v\u0117jimui net ir at\u0161iaurioje aplinkoje. Taip u\u017etikrinama, kad j\u016bs\u0173 membraniniai jungikliai ilgus metus i\u0161liks patraukl\u016bs ir paveik\u016bs.<\/p>\n<ul>\n<li><strong>Ai\u0161kus ir ai\u0161kus tekstas ir simboliai<\/strong><\/li>\n<li><strong>Nuoseklus spalv\u0173 atk\u016brimas visose gamybos serijose<\/strong><\/li>\n<li><strong>Atsparus \u012fbr\u0117\u017eimams, chemin\u0117ms med\u017eiagoms ir UV spinduliams<\/strong><\/li>\n<\/ul>\n<p><strong>Patvar\u016bs ir ekonomi\u0161ki sprendimai<\/strong><\/p>\n<p>Skaitmeniniu b\u016bdu atspausdinta grafika yra ne tik vizualiai \u012fsp\u016bdinga, bet ir labai patvari, atlaikanti da\u017en\u0105 naudojim\u0105 ir at\u0161iaurias valymo priemones. D\u0117l to jie yra ekonomi\u0161kas sprendimas, skirtas ilgaam\u017eiams membraniniams jungikliams, kurie laikui b\u0117gant i\u0161laiko savo i\u0161vaizd\u0105 ir funkcionalum\u0105.<\/p>\n<p><strong>Parai\u0161kos<\/strong><\/p>\n<p>Skaitmeniniu b\u016bdu atspausdinta grafika pla\u010diai naudojama \u012fvairiose srityse, \u012fskaitant:<\/p>\n<ul>\n<li><strong>Pramoniniai valdymo skydai<\/strong><\/li>\n<li><strong>Medicinos prietaisai<\/strong><\/li>\n<li><strong>Buitin\u0117 elektronika<\/strong><\/li>\n<li><strong>Prietaisai<\/strong><\/li>\n<li><strong>Ma\u0161inos ir \u012franga<\/strong><\/li>\n<\/ul>\n<p><strong>Bendradarbiaukite su patyrusiu skaitmenin\u0117s spaudos ir membranini\u0173 jungikli\u0173 gamintoju<\/strong><\/p>\n<p>Tur\u0117dami ilgamet\u0119 skaitmenin\u0117s spaudos ir membranini\u0173 jungikli\u0173 technologijos patirt\u012f, esame patikimas auk\u0161tos kokyb\u0117s pagal u\u017esakym\u0105 atspausdint\u0173 membranini\u0173 jungikli\u0173 \u0161altinis. M\u016bs\u0173 ekspert\u0173 komanda glaud\u017eiai bendradarbiaus su jumis, kad suprast\u0173 j\u016bs\u0173 dizaino reikalavimus ir pateikt\u0173 tobul\u0105 sprendim\u0105, kuris pagerins j\u016bs\u0173 gaminius.<\/p>\n<p><strong>Susisiekite su mumis \u0161iandien<\/strong>\u00a0nor\u0117dami su\u017einoti daugiau apie m\u016bs\u0173 skaitmenin\u0117s spaudos galimybes ir apie tai, kaip galime pad\u0117ti jums patobulinti membraninius jungiklius su nuostabia grafika ir ilgalaikiu patvarumu.<\/p>","protected":false},"excerpt":{"rendered":"<p>Skaitmeniniu b\u016bdu atspausdinta grafika suk\u0117l\u0117 revoliucij\u0105 membranini\u0173 jungikli\u0173 pasaulyje, suteikdama neprilygstam\u0105 dizaino lankstum\u0105, ry\u0161kias spalvas ir i\u0161skirtin\u012f patvarum\u0105. \u0160i naujovi\u0161ka spausdinimo technika leid\u017eia kurti didel\u0117s rai\u0161kos grafik\u0105, logotipus ir legendas, kurios \u012fprastus membraninius jungiklius paver\u010dia vizualiai patraukliomis ir informatyviomis vartotojo s\u0105sajomis.<\/p>","protected":false},"featured_media":1764,"template":"","meta":[],"product_brand":[],"product_cat":[40],"product_tag":[],"class_list":{"0":"post-1788","1":"product","2":"type-product","3":"status-publish","4":"has-post-thumbnail","6":"product_cat-membrane-switch","8":"first","9":"instock","10":"shipping-taxable","11":"product-type-simple"},"_links":{"self":[{"href":"https:\/\/membraneswitchmfg.com\/lt\/wp-json\/wp\/v2\/product\/1788","targetHints":{"allow":["GET"]}}],"collection":[{"href":"https:\/\/membraneswitchmfg.com\/lt\/wp-json\/wp\/v2\/product"}],"about":[{"href":"https:\/\/membraneswitchmfg.com\/lt\/wp-json\/wp\/v2\/types\/product"}],"wp:featuredmedia":[{"embeddable":true,"href":"https:\/\/membraneswitchmfg.com\/lt\/wp-json\/wp\/v2\/media\/1764"}],"wp:attachment":[{"href":"https:\/\/membraneswitchmfg.com\/lt\/wp-json\/wp\/v2\/media?parent=1788"}],"wp:term":[{"taxonomy":"product_brand","embeddable":true,"href":"https:\/\/membraneswitchmfg.com\/lt\/wp-json\/wp\/v2\/product_brand?post=1788"},{"taxonomy":"product_cat","embeddable":true,"href":"https:\/\/membraneswitchmfg.com\/lt\/wp-json\/wp\/v2\/product_cat?post=1788"},{"taxonomy":"product_tag","embeddable":true,"href":"https:\/\/membraneswitchmfg.com\/lt\/wp-json\/wp\/v2\/product_tag?post=1788"}],"curies":[{"name":"wp","href":"https:\/\/api.w.org\/{rel}","templated":true}]}}