{"id":1790,"date":"2024-06-24T05:57:57","date_gmt":"2024-06-24T05:57:57","guid":{"rendered":"https:\/\/membraneswitchmfg.com\/manufacturer\/antimicrobial-membrane-switch\/"},"modified":"2024-06-25T13:35:10","modified_gmt":"2024-06-25T13:35:10","slug":"antimicrobial-membrane-switch","status":"publish","type":"product","link":"https:\/\/membraneswitchmfg.com\/lt\/manufacturer\/antimicrobial-membrane-switch\/","title":{"rendered":"Antimikrobin\u0117s membranos jungiklis"},"content":{"rendered":"<h2><strong><b>Antimikrobiniai membraniniai jungikliai: Kova su mikrobais ir naudotoj\u0173 saugumo didinimas<\/b><\/strong><\/h2>\n<p><strong>Apsauga nuo kenksming\u0173 mikroorganizm\u0173<\/strong><\/p>\n<p>\u012e antimikrobinius membraninius jungiklius \u012fterpiamos antimikrobin\u0117s med\u017eiagos, pavyzd\u017eiui, sidabro jonai arba vario priedai, kurie aktyviai stabdo bakterij\u0173, grybeli\u0173 ir virus\u0173 augim\u0105. \u0160i aktyvi apsauga padeda i\u0161vengti kry\u017emin\u0117s tar\u0161os ir infekcij\u0173 plitimo, ypa\u010d kritin\u0117s slaugos \u012fstaigose.<\/p>\n<ul>\n<li><strong>suma\u017einti su sveikatos prie\u017ei\u016bra susijusi\u0173 infekcij\u0173 (HAI) rizik\u0105.<\/strong><\/li>\n<li><strong>Apsaugoti nuo patogen\u0173 plitimo vie\u0161osiose erdv\u0117se.<\/strong><\/li>\n<li><strong>palaikyti higieni\u0161k\u0105 aplink\u0105 pramonin\u0117je aplinkoje<\/strong><\/li>\n<\/ul>\n<p><strong>Didesnis saugumas ir naudotoj\u0173 gerov\u0117<\/strong><\/p>\n<p>D\u0117l antimikrobin\u0117s apsaugos membraniniai jungikliai prisideda prie saugesn\u0117s ir sveikesn\u0117s naudotoj\u0173 aplinkos. Tai ypa\u010d svarbu tose vietose, kur da\u017enai kontaktuojama su pavir\u0161iais, pavyzd\u017eiui, ligonin\u0117se, laboratorijose ir maisto ruo\u0161imo vietose.<\/p>\n<ul>\n<li><strong>Skatinti rank\u0173 higien\u0105 ir infekcij\u0173 prevencij\u0105<\/strong><\/li>\n<li><strong>Apsaugoti pa\u017eeid\u017eiamas gyventoj\u0173 grupes nuo infekcij\u0173<\/strong><\/li>\n<li><strong>Sukurti naudotojams saugumo ir pasitik\u0117jimo jausm\u0105<\/strong><\/li>\n<\/ul>\n<p><strong>Patvarus ir funkcionalus dizainas<\/strong><\/p>\n<p>Antimikrobiniai membraniniai jungikliai ne tik veiksmingai apsaugo nuo mikrob\u0173, bet ir i\u0161lieka tokie pat patvar\u016bs ir funkcional\u016bs, koki\u0173 tikimasi i\u0161 standartini\u0173 membranini\u0173 jungikli\u0173. Jie sukurti taip, kad b\u016bt\u0173 atspar\u016bs da\u017enam naudojimui, at\u0161iauriems valikliams ir sud\u0117tingai aplinkai.<\/p>\n<ul>\n<li><strong>Ry\u0161kus ir jautrus taktilinis gr\u012f\u017etamasis ry\u0161ys<\/strong><\/li>\n<li><strong>Atsparus \u012fbr\u0117\u017eimams, chemin\u0117ms med\u017eiagoms ir UV spinduliams<\/strong><\/li>\n<li><strong>Ilgalaikis veikimas intensyvaus eismo vietose<\/strong><\/li>\n<\/ul>\n<p><strong>Parai\u0161kos<\/strong><\/p>\n<p>Antimikrobiniai membraniniai jungikliai pla\u010diai naudojami \u012fvairiose srityse, kuriose labai svarbu u\u017etikrinti higien\u0105 ir infekcij\u0173 kontrol\u0119, \u012fskaitant:<\/p>\n<ul>\n<li><strong>Sveikatos prie\u017ei\u016bros \u012fstaigos:<\/strong>Ligonin\u0117s, klinikos, laboratorijos<\/li>\n<li><strong>Vie\u0161osios erdv\u0117s:<\/strong>Oro uostai, transporto mazgai, mokyklos<\/li>\n<li><strong>Pramonin\u0117 aplinka:<\/strong>Maisto perdirbimas, gamyba, \u0161varios patalpos<\/li>\n<li><strong>Komercin\u0117s aplinkos:<\/strong>Ma\u017emenin\u0117s parduotuv\u0117s, restoranai, vie\u0161bu\u010diai<\/li>\n<\/ul>\n<p><strong>Bendradarbiaukite su patyrusiu antimikrobini\u0173 membranini\u0173 jungikli\u0173 gamintoju<\/strong><\/p>\n<p>Tur\u0117dami ilgamet\u0119 patirt\u012f antimikrobini\u0173 technologij\u0173 ir membranini\u0173 jungikli\u0173 gamybos srityje, esame patikimas auk\u0161tos kokyb\u0117s antimikrobini\u0173 membranini\u0173 jungikli\u0173 \u0161altinis. M\u016bs\u0173 ekspert\u0173 komanda glaud\u017eiai bendradarbiaus su jumis, kad suprast\u0173 j\u016bs\u0173 konkre\u010dius poreikius ir pateikt\u0173 pritaikytus sprendimus, kurie didina saugum\u0105 ir naudotoj\u0173 gerov\u0119.<\/p>\n<p><strong>Susisiekite su mumis \u0161iandien<\/strong>\u00a0nor\u0117dami su\u017einoti daugiau apie m\u016bs\u0173 antimikrobini\u0173 membranini\u0173 jungikli\u0173 sprendimus ir apie tai, kaip galime pad\u0117ti sukurti \u0161varesn\u0119, saugesn\u0119 ir sveikesn\u0119 aplink\u0105 j\u016bs\u0173 naudotojams.<\/p>","protected":false},"excerpt":{"rendered":"<p>Sveikatos prie\u017ei\u016bros \u012fstaigose, vie\u0161osiose erdv\u0117se ir pramonin\u0117je aplinkoje labai svarbu palaikyti \u0161vari\u0105 ir higieni\u0161k\u0105 aplink\u0105. Antimikrobiniai membraniniai jungikliai atlieka svarb\u0173 vaidmen\u012f \u0161ioje srityje, nes j\u0173 konstrukcijoje numatytos antimikrobin\u0117s savyb\u0117s, veiksmingai kovojan\u010dios su kenksming\u0173 mikroorganizm\u0173 augimu.<\/p>","protected":false},"featured_media":1766,"template":"","meta":[],"product_brand":[],"product_cat":[40],"product_tag":[],"class_list":{"0":"post-1790","1":"product","2":"type-product","3":"status-publish","4":"has-post-thumbnail","6":"product_cat-membrane-switch","8":"first","9":"instock","10":"shipping-taxable","11":"product-type-simple"},"_links":{"self":[{"href":"https:\/\/membraneswitchmfg.com\/lt\/wp-json\/wp\/v2\/product\/1790","targetHints":{"allow":["GET"]}}],"collection":[{"href":"https:\/\/membraneswitchmfg.com\/lt\/wp-json\/wp\/v2\/product"}],"about":[{"href":"https:\/\/membraneswitchmfg.com\/lt\/wp-json\/wp\/v2\/types\/product"}],"wp:featuredmedia":[{"embeddable":true,"href":"https:\/\/membraneswitchmfg.com\/lt\/wp-json\/wp\/v2\/media\/1766"}],"wp:attachment":[{"href":"https:\/\/membraneswitchmfg.com\/lt\/wp-json\/wp\/v2\/media?parent=1790"}],"wp:term":[{"taxonomy":"product_brand","embeddable":true,"href":"https:\/\/membraneswitchmfg.com\/lt\/wp-json\/wp\/v2\/product_brand?post=1790"},{"taxonomy":"product_cat","embeddable":true,"href":"https:\/\/membraneswitchmfg.com\/lt\/wp-json\/wp\/v2\/product_cat?post=1790"},{"taxonomy":"product_tag","embeddable":true,"href":"https:\/\/membraneswitchmfg.com\/lt\/wp-json\/wp\/v2\/product_tag?post=1790"}],"curies":[{"name":"wp","href":"https:\/\/api.w.org\/{rel}","templated":true}]}}