{"id":1792,"date":"2024-06-24T05:57:58","date_gmt":"2024-06-24T05:57:58","guid":{"rendered":"https:\/\/membraneswitchmfg.com\/manufacturer\/anti-ultraviolet-membrane-switch\/"},"modified":"2024-06-25T13:20:26","modified_gmt":"2024-06-25T13:20:26","slug":"anti-ultraviolet-membrane-switch","status":"publish","type":"product","link":"https:\/\/membraneswitchmfg.com\/lt\/manufacturer\/anti-ultraviolet-membrane-switch\/","title":{"rendered":"Nuo ultravioletini\u0173 spinduli\u0173 apsaugantis membraninis jungiklis"},"content":{"rendered":"<h2><strong><b>Nuo ultravioletini\u0173 spinduli\u0173 saugantys membraniniai jungikliai: Ilgalaikis veikimas at\u0161iauriomis s\u0105lygomis<\/b><\/strong><\/h2>\n<p><strong>Apsauga nuo UV spinduliuot\u0117s<\/strong><\/p>\n<p>Nuo ultravioletini\u0173 spinduli\u0173 apsaugan\u010diuose membraniniuose jungikliuose naudojamos ultravioletiniams spinduliams atsparios med\u017eiagos ir dangos, kurios efektyviai sugeria ir blokuoja UV spindulius, neleisdamos jiems pa\u017eeisti jungiklio komponent\u0173 ir grafikos. Tokia apsauga u\u017etikrina, kad jungikliai i\u0161saugot\u0173 savo funkcionalum\u0105, i\u0161vaizd\u0105 ir tarnavimo laik\u0105.<\/p>\n<ul>\n<li><strong>U\u017ekirsti keli\u0105 legend\u0173 ir grafikos i\u0161blukimui ir spalvos pasikeitimui<\/strong><\/li>\n<li><strong>I\u0161laikomas jungiklio funkcionalumas ir lietimui jautri reakcija<\/strong><\/li>\n<li><strong>Membranini\u0173 jungikli\u0173 eksploatavimo laiko prailginimas lauko s\u0105lygomis<\/strong><\/li>\n<\/ul>\n<p><strong>Patvarus ir tinkamas naudoti lauke<\/strong><\/p>\n<p>Nuo ultravioletini\u0173 spinduli\u0173 saugantys membraniniai jungikliai yra ne tik atspar\u016bs ultravioletiniams spinduliams, bet ir atspar\u016bs at\u0161iaurioms oro s\u0105lygoms, \u012fskaitant ekstremali\u0105 temperat\u016br\u0105, dr\u0117gm\u0119 ir dulkes. Jie tinkami naudoti lauke, kai svarbiausia - ilgaam\u017ei\u0161kumas ir patikimumas.<\/p>\n<ul>\n<li><strong>Atsparus \u012fbr\u0117\u017eimams, chemin\u0117ms med\u017eiagoms ir UV spinduliams<\/strong><\/li>\n<li><strong>Darbin\u0117 temperat\u016bra nuo -40 \u00b0C iki 85 \u00b0C<\/strong><\/li>\n<li><strong>Tinka lauko kioskams, pramoniniams valdymo skydeliams ir \u017eenklams<\/strong><\/li>\n<\/ul>\n<p><strong>Parai\u0161kos<\/strong><\/p>\n<p>Nuo ultravioletini\u0173 spinduli\u0173 saugantys membraniniai jungikliai pla\u010diai naudojami \u012fvairiose lauko srityse, \u012fskaitant:<\/p>\n<ul>\n<li><strong>Lauko kioskai:<\/strong>Bankomatai, informaciniai kioskai, skaitmenin\u0117s i\u0161kabos<\/li>\n<li><strong>Pramoniniai valdymo skydai:<\/strong>\u0161viesoforai, dr\u0117kinimo sistemos, saul\u0117s baterijos<\/li>\n<li><strong>Transporto \u017eenklai:<\/strong>Kelio \u017eenklai, gele\u017einkelio signalai, oro uost\u0173 \u017eenklai<\/li>\n<li><strong>J\u016br\u0173 transporto priemon\u0117s:<\/strong>Val\u010di\u0173 valdymo \u012ftaisai, navigaciniai skydeliai, ry\u0161i\u0173 sistemos<\/li>\n<li><strong>\u017dem\u0117s \u016bkio \u012franga:<\/strong>Traktoriai, kombainai, dr\u0117kinimo sistemos<\/li>\n<\/ul>\n<p><strong>Bendradarbiaukite su patyrusiu nuo ultravioletini\u0173 spinduli\u0173 apsaugan\u010di\u0173 membranini\u0173 jungikli\u0173 gamintoju<\/strong><\/p>\n<p>Tur\u0117dami ilgamet\u0119 patirt\u012f UV spinduliams atspari\u0173 med\u017eiag\u0173 ir membranini\u0173 jungikli\u0173 gamybos srityje, esame patikimas auk\u0161tos kokyb\u0117s membranini\u0173 jungikli\u0173, apsaugot\u0173 nuo ultravioletini\u0173 spinduli\u0173, \u0161altinis. M\u016bs\u0173 ekspert\u0173 komanda glaud\u017eiai bendradarbiaus su jumis, kad suprast\u0173 j\u016bs\u0173 konkre\u010dius poreikius ir pateikt\u0173 individualius sprendimus, u\u017etikrinan\u010dius ilgalaik\u012f veikim\u0105 at\u0161iaurioje lauko aplinkoje.<\/p>\n<p><strong>Susisiekite su mumis \u0161iandien<\/strong>\u00a0nor\u0117dami su\u017einoti daugiau apie m\u016bs\u0173 nuo ultravioletini\u0173 spinduli\u0173 apsaugotus membranini\u0173 jungikli\u0173 sprendimus ir apie tai, kaip galime pad\u0117ti sukurti patvarias, patikimas ir vizualiai patrauklias s\u0105sajas j\u016bs\u0173 lauko programoms.<\/p>","protected":false},"excerpt":{"rendered":"<p>Lauko aplinkoje ir tiesiogini\u0173 saul\u0117s spinduli\u0173 veikiami membraniniai jungikliai d\u0117l ultravioletin\u0117s (UV) spinduliuot\u0117s gali suprast\u0117ti ir pakeisti spalv\u0105. Nuo ultravioletini\u0173 spinduli\u0173 saugantys membraniniai jungikliai yra sukurti taip, kad atlaikyt\u0173 stipr\u0173 UV spinduli\u0173 poveik\u012f, tod\u0117l u\u017etikrina ilgalaik\u012f veikim\u0105 ir i\u0161laiko vizualin\u012f vientisum\u0105 net ekstremaliomis s\u0105lygomis.<\/p>","protected":false},"featured_media":1768,"template":"","meta":[],"product_brand":[],"product_cat":[40],"product_tag":[],"class_list":{"0":"post-1792","1":"product","2":"type-product","3":"status-publish","4":"has-post-thumbnail","6":"product_cat-membrane-switch","8":"first","9":"instock","10":"shipping-taxable","11":"product-type-simple"},"_links":{"self":[{"href":"https:\/\/membraneswitchmfg.com\/lt\/wp-json\/wp\/v2\/product\/1792","targetHints":{"allow":["GET"]}}],"collection":[{"href":"https:\/\/membraneswitchmfg.com\/lt\/wp-json\/wp\/v2\/product"}],"about":[{"href":"https:\/\/membraneswitchmfg.com\/lt\/wp-json\/wp\/v2\/types\/product"}],"wp:featuredmedia":[{"embeddable":true,"href":"https:\/\/membraneswitchmfg.com\/lt\/wp-json\/wp\/v2\/media\/1768"}],"wp:attachment":[{"href":"https:\/\/membraneswitchmfg.com\/lt\/wp-json\/wp\/v2\/media?parent=1792"}],"wp:term":[{"taxonomy":"product_brand","embeddable":true,"href":"https:\/\/membraneswitchmfg.com\/lt\/wp-json\/wp\/v2\/product_brand?post=1792"},{"taxonomy":"product_cat","embeddable":true,"href":"https:\/\/membraneswitchmfg.com\/lt\/wp-json\/wp\/v2\/product_cat?post=1792"},{"taxonomy":"product_tag","embeddable":true,"href":"https:\/\/membraneswitchmfg.com\/lt\/wp-json\/wp\/v2\/product_tag?post=1792"}],"curies":[{"name":"wp","href":"https:\/\/api.w.org\/{rel}","templated":true}]}}