{"id":1795,"date":"2024-06-24T05:57:58","date_gmt":"2024-06-24T05:57:58","guid":{"rendered":"https:\/\/membraneswitchmfg.com\/manufacturer\/membrane-keypads-and-keyboards\/"},"modified":"2024-06-25T12:34:01","modified_gmt":"2024-06-25T12:34:01","slug":"membrane-keypads-and-keyboards","status":"publish","type":"product","link":"https:\/\/membraneswitchmfg.com\/lt\/manufacturer\/membrane-keypads-and-keyboards\/","title":{"rendered":"Membranin\u0117s klaviat\u016bros ir klaviat\u016bros"},"content":{"rendered":"<h2><strong><b>Membranin\u0117s klaviat\u016bros ir klaviat\u016bros: Patikimi ir ekonomi\u0161ki \u012fvesties sprendimai<\/b><\/strong><\/h2>\n<p><strong>Patvarus ir ekonomi\u0161kas<\/strong><\/p>\n<p>Membranin\u0117s klaviat\u016bros ir klaviat\u016bros gars\u0117ja savo ilgaam\u017ei\u0161kumu ir prieinamumu. D\u0117l paprastos konstrukcijos ir judan\u010di\u0173 dali\u0173 tr\u016bkumo jos ma\u017eiau d\u0117visi, tod\u0117l j\u0173 tarnavimo laikas pailg\u0117ja. Be to, gamybos procesas yra palyginti nebrangus, tod\u0117l i\u0161laidos yra ma\u017eesn\u0117s, palyginti su kitais \u012fvesties \u012frenginiais.<\/p>\n<ul>\n<li><strong>Ilgas tarnavimo laikas ir minimali prie\u017ei\u016bra<\/strong><\/li>\n<li><strong>Ekonomi\u0161kas sprendimas didel\u0117s apimties programoms<\/strong><\/li>\n<li><strong>Tinka at\u0161iaurioms s\u0105lygoms ir da\u017enam naudojimui<\/strong><\/li>\n<\/ul>\n<p><strong>\u012evairiapusis pritaikymas<\/strong><\/p>\n<p>Membranin\u0117s klaviat\u016bros ir klaviat\u016bros yra universal\u016bs \u012fvesties \u012frenginiai, tinkami \u012fvairioms programoms, \u012fskaitant:<\/p>\n<ul>\n<li><strong>Pramoniniai valdymo skydai<\/strong><\/li>\n<li><strong>Medicinos prietaisai<\/strong><\/li>\n<li><strong>Buitin\u0117 elektronika<\/strong><\/li>\n<li><strong>Prietaisai<\/strong><\/li>\n<li><strong>Prekybos automatai<\/strong><\/li>\n<li><strong>Bankomatai (ATM)<\/strong><\/li>\n<\/ul>\n<p><strong>Pritaikomos parinktys<\/strong><\/p>\n<p>Membranin\u0117s klaviat\u016bros ir klaviat\u016bros gali b\u016bti pritaikytos pagal konkre\u010dius reikalavimus, \u012fskaitant:<\/p>\n<ul>\n<li><strong>\u012evair\u016bs rakt\u0173 i\u0161d\u0117stymai ir dyd\u017eiai<\/strong><\/li>\n<li><strong>Pasirinktin\u0117 grafika ir legendos<\/strong><\/li>\n<li><strong>Foninio ap\u0161vietimo ir ap\u0161vietimo parinktys<\/strong><\/li>\n<li><strong>Papildom\u0173 komponent\u0173 integravimas<\/strong><\/li>\n<\/ul>\n<p><strong>Bendradarbiaukite su patyrusiu membranini\u0173 klaviat\u016br\u0173 ir klaviat\u016br\u0173 gamintoju<\/strong><\/p>\n<p>Tur\u0117dami ilgamet\u0119 patirt\u012f membranini\u0173 klaviat\u016br\u0173 ir klaviat\u016br\u0173 technologij\u0173 srityje, esame patikimas auk\u0161tos kokyb\u0117s ir pritaikyt\u0173 \u012fvesties sprendim\u0173 \u0161altinis. M\u016bs\u0173 ekspert\u0173 komanda glaud\u017eiai bendradarbiaus su jumis, kad suprast\u0173 j\u016bs\u0173 konkre\u010dius poreikius ir pateikt\u0173 sprendimus, kurie u\u017etikrina patikim\u0105 veikim\u0105, ekonomi\u0161kum\u0105 ir universalum\u0105.<\/p>\n<p><strong><a href=\"https:\/\/membraneswitchmfg.com\/lt\/contact\/\">Susisiekite su mumis <\/a>\u0161iandien<\/strong>\u00a0nor\u0117dami su\u017einoti daugiau apie m\u016bs\u0173 membranini\u0173 klaviat\u016br\u0173 ir klaviat\u016br\u0173 sprendimus ir apie tai, kaip galime pad\u0117ti sukurti patogius ir patvarius \u012fvesties \u012frenginius j\u016bs\u0173 programoms.<\/p>","protected":false},"excerpt":{"rendered":"<p>Membranin\u0117s klaviat\u016bros ir klaviat\u016bros yra patikimas ir ekonomi\u0161kas sprendimas \u012fvairioms \u012fvesties programoms. \u0160iuose \u012fvesties \u012frenginiuose naudojama unikali konstrukcija, kurioje naudojamos sl\u0117giui jautrios membranos ir laid\u017eios juostos, registruojan\u010dios klavi\u0161\u0173 paspaudimus, u\u017etikrinan\u010dios lyt\u0117jim\u0105 ir ilgalaik\u012f veikim\u0105.<\/p>","protected":false},"featured_media":1751,"template":"","meta":[],"product_brand":[],"product_cat":[40],"product_tag":[],"class_list":{"0":"post-1795","1":"product","2":"type-product","3":"status-publish","4":"has-post-thumbnail","6":"product_cat-membrane-switch","8":"first","9":"instock","10":"shipping-taxable","11":"product-type-simple"},"_links":{"self":[{"href":"https:\/\/membraneswitchmfg.com\/lt\/wp-json\/wp\/v2\/product\/1795","targetHints":{"allow":["GET"]}}],"collection":[{"href":"https:\/\/membraneswitchmfg.com\/lt\/wp-json\/wp\/v2\/product"}],"about":[{"href":"https:\/\/membraneswitchmfg.com\/lt\/wp-json\/wp\/v2\/types\/product"}],"wp:featuredmedia":[{"embeddable":true,"href":"https:\/\/membraneswitchmfg.com\/lt\/wp-json\/wp\/v2\/media\/1751"}],"wp:attachment":[{"href":"https:\/\/membraneswitchmfg.com\/lt\/wp-json\/wp\/v2\/media?parent=1795"}],"wp:term":[{"taxonomy":"product_brand","embeddable":true,"href":"https:\/\/membraneswitchmfg.com\/lt\/wp-json\/wp\/v2\/product_brand?post=1795"},{"taxonomy":"product_cat","embeddable":true,"href":"https:\/\/membraneswitchmfg.com\/lt\/wp-json\/wp\/v2\/product_cat?post=1795"},{"taxonomy":"product_tag","embeddable":true,"href":"https:\/\/membraneswitchmfg.com\/lt\/wp-json\/wp\/v2\/product_tag?post=1795"}],"curies":[{"name":"wp","href":"https:\/\/api.w.org\/{rel}","templated":true}]}}