{"id":1975,"date":"2024-06-30T14:12:55","date_gmt":"2024-06-30T14:12:55","guid":{"rendered":"https:\/\/membraneswitchmfg.com\/?post_type=product&#038;p=1975"},"modified":"2024-06-30T14:19:38","modified_gmt":"2024-06-30T14:19:38","slug":"pc-print-label","status":"publish","type":"product","link":"https:\/\/membraneswitchmfg.com\/lt\/manufacturer\/pc-print-label\/","title":{"rendered":"Kompiuteris Spausdinti etiket\u0119"},"content":{"rendered":"<p data-sourcepos=\"3:1-3:59\"><strong>Kompiuterio spausdinimo etiket\u0117:<\/strong> Efektyvi\u0173 \u017eenklinimo sprendim\u0173 suteikimas<\/p>\n<p data-sourcepos=\"5:1-5:8\">\"PC Print Label\" yra i\u0161samus programin\u0117s \u012frangos sprendimas, kuris supaprastina etike\u010di\u0173 k\u016brimo ir spausdinimo proces\u0105 \u012fvairioms programoms. Nesvarbu, ar jums reikia \u017eenklinti produktus, gabenti pakuotes, ar tvarkyti inventori\u0173, \"PC Print Label\" suteikia \u012frankius ir lankstum\u0105, kad gal\u0117tum\u0117te lengvai valdyti \u017eenklinimo u\u017eduotis.<\/p>\n<p data-sourcepos=\"7:1-7:17\"><strong>Pagrindin\u0117s savyb\u0117s:<\/strong><\/p>\n<ul data-sourcepos=\"9:1-9:23\">\n<li data-sourcepos=\"9:1-9:23\">\n<p data-sourcepos=\"9:3-9:144\"><strong>Intuityvus dizainas:<\/strong> \"PC Print Label\" pasi\u017eymi patogia vartotojo s\u0105saja, kuri leid\u017eia lengvai kurti ir pritaikyti etiketes net pradedantiesiems naudotojams.<\/p>\n<\/li>\n<li data-sourcepos=\"11:1-11:46\">\n<p data-sourcepos=\"11:3-11:46\"><strong>Universal\u016bs etike\u010di\u0173 \u0161ablonai:<\/strong> Rinkit\u0117s i\u0161 daugyb\u0117s i\u0161 anksto paruo\u0161t\u0173 etike\u010di\u0173 \u0161ablon\u0173 arba naudodami galing\u0105 etike\u010di\u0173 redaktori\u0173 kurkite savo unikalius dizainus.<\/p>\n<\/li>\n<li data-sourcepos=\"13:1-14:0\">\n<p data-sourcepos=\"13:3-13:189\"><strong>Dinamin\u0117 duomen\u0173 integracija:<\/strong> Importuokite duomenis i\u0161 \u012fvairi\u0173 \u0161altini\u0173, pvz., skai\u010diuokli\u0173 lenteli\u0173 ar duomen\u0173 bazi\u0173, kad suasmenintum\u0117te etiketes su produkto informacija, klient\u0173 duomenimis ar pristatymo adresais.<\/p>\n<\/li>\n<li data-sourcepos=\"15:1-16:0\">\n<p data-sourcepos=\"15:3-15:116\"><strong>Br\u016bk\u0161nini\u0173 kod\u0173 generavimas:<\/strong> Generuokite ir spausdinkite br\u016bk\u0161ninius kodus, kad gal\u0117tum\u0117te efektyviai identifikuoti gaminius ir valdyti atsargas.<\/p>\n<\/li>\n<li data-sourcepos=\"17:1-17:140\">\n<p data-sourcepos=\"17:3-17:140\"><strong>Lanks\u010dios spausdinimo parinktys:<\/strong> Spausdinkite etiketes \u012fvairiais etike\u010di\u0173 spausdintuvais, \u012fskaitant standartinius stalinius spausdintuvus, specialius etike\u010di\u0173 spausdintuvus ir pramoninius etike\u010di\u0173 spausdintuvus.<\/p>\n<\/li>\n<\/ul>","protected":false},"excerpt":{"rendered":"<p>D\u0117l savo i\u0161sami\u0173 funkcij\u0173 ir patogios vartotojo s\u0105sajos \"PC Print Label\" yra nepakei\u010diamas \u012frankis \u012fmon\u0117ms ir asmenims, kuriems reikalingi veiksmingi ir tiksl\u016bs \u017eenklinimo sprendimai. Padidinkite savo \u017eenklinimo na\u0161um\u0105 ir organizuotum\u0105 naudodami \"PC Print Label\".<\/p>","protected":false},"featured_media":1976,"template":"","meta":[],"product_brand":[],"product_cat":[15],"product_tag":[],"class_list":{"0":"post-1975","1":"product","2":"type-product","3":"status-publish","4":"has-post-thumbnail","6":"product_cat-print-label","8":"first","9":"instock","10":"shipping-taxable","11":"product-type-simple"},"_links":{"self":[{"href":"https:\/\/membraneswitchmfg.com\/lt\/wp-json\/wp\/v2\/product\/1975","targetHints":{"allow":["GET"]}}],"collection":[{"href":"https:\/\/membraneswitchmfg.com\/lt\/wp-json\/wp\/v2\/product"}],"about":[{"href":"https:\/\/membraneswitchmfg.com\/lt\/wp-json\/wp\/v2\/types\/product"}],"wp:featuredmedia":[{"embeddable":true,"href":"https:\/\/membraneswitchmfg.com\/lt\/wp-json\/wp\/v2\/media\/1976"}],"wp:attachment":[{"href":"https:\/\/membraneswitchmfg.com\/lt\/wp-json\/wp\/v2\/media?parent=1975"}],"wp:term":[{"taxonomy":"product_brand","embeddable":true,"href":"https:\/\/membraneswitchmfg.com\/lt\/wp-json\/wp\/v2\/product_brand?post=1975"},{"taxonomy":"product_cat","embeddable":true,"href":"https:\/\/membraneswitchmfg.com\/lt\/wp-json\/wp\/v2\/product_cat?post=1975"},{"taxonomy":"product_tag","embeddable":true,"href":"https:\/\/membraneswitchmfg.com\/lt\/wp-json\/wp\/v2\/product_tag?post=1975"}],"curies":[{"name":"wp","href":"https:\/\/api.w.org\/{rel}","templated":true}]}}