{"id":1977,"date":"2024-06-30T14:21:59","date_gmt":"2024-06-30T14:21:59","guid":{"rendered":"https:\/\/membraneswitchmfg.com\/?post_type=product&#038;p=1977"},"modified":"2024-06-30T14:23:24","modified_gmt":"2024-06-30T14:23:24","slug":"pmma-print-label","status":"publish","type":"product","link":"https:\/\/membraneswitchmfg.com\/lt\/manufacturer\/pmma-print-label\/","title":{"rendered":"PMMA spausdinimo etiket\u0117"},"content":{"rendered":"<p data-sourcepos=\"3:1-3:62\"><strong>PMMA spausdinimo etiket\u0117: Patvar\u016bs ir universal\u016bs \u017eenklinimo sprendimai<\/strong><\/p>\n<p data-sourcepos=\"5:1-5:170\">PMMA spausdinimo etiket\u0117s, dar \u017einomos kaip akrilo spausdinimo etiket\u0117s, d\u0117l savo i\u0161skirtinio patvarumo, universalumo ir estetinio patrauklumo yra populiarus pasirinkimas \u012fvairioms \u017eenklinimo reikm\u0117ms. \u0160ios etiket\u0117s gaminamos i\u0161 polimetilmetakrilato (PMMA) - didelio poveikio plastiko, kuris gars\u0117ja savo tvirtumu, atsparumu \u012fbr\u0117\u017eimams ir chemin\u0117ms med\u017eiagoms bei UV spinduliams.<\/p>\n<p data-sourcepos=\"7:1-7:19\"><strong>Pagrindiniai privalumai:<\/strong><\/p>\n<ul data-sourcepos=\"9:1-9:131\">\n<li data-sourcepos=\"9:1-9:131\">\n<p class=\"\" data-sourcepos=\"9:3-9:226\"><strong class=\"\">Patvarumas:<\/strong> PMMA etiket\u0117s gali b\u016bti atsparios at\u0161iaurioms aplinkos s\u0105lygoms, tod\u0117l idealiai tinka naudoti lauke ir pramon\u0117je. Jos atsparios ekstremalioms temperat\u016broms, dr\u0117gmei ir chemin\u0117ms med\u017eiagoms, tod\u0117l veikia ilgai.<\/p>\n<\/li>\n<li data-sourcepos=\"11:1-12:0\">\n<p data-sourcepos=\"11:3-11:244\"><strong>Universalumas:<\/strong> PMMA etiketes galima spausdinti ant \u012fvairi\u0173 pavir\u0161i\u0173, \u012fskaitant plastik\u0105, metal\u0105, stikl\u0105 ir medien\u0105. Jos tinka \u012fvairioms reikm\u0117ms - nuo produkt\u0173 \u017eenklinimo ir turto steb\u0117jimo iki i\u0161kab\u0173 ir reklamini\u0173 ekran\u0173.<\/p>\n<\/li>\n<li data-sourcepos=\"13:1-14:0\">\n<p data-sourcepos=\"13:3-13:249\"><strong>Estetika:<\/strong> PMMA etiket\u0117s pasi\u017eymi blizgia apdaila, kuri dvelkia elegancija ir rafinuotumu. Jos gali b\u016bti \u012fvairi\u0173 spalv\u0173, ant j\u0173 galima spausdinti sud\u0117tingus ra\u0161tus ir logotipus, taip padidinant vizualin\u012f j\u016bs\u0173 produkt\u0173 ar prek\u0117s \u017eenklo patrauklum\u0105.<\/p>\n<\/li>\n<\/ul>\n<p data-sourcepos=\"15:1-15:54\"><strong>PMMA spausdinimo etiket\u0117: Pirmenyb\u0117 renkantis reiklias etiketes<\/strong><\/p>\n<p data-sourcepos=\"17:1-17:278\">PMMA spausdinimo etiket\u0117s yra tinkamiausias pasirinkimas, kai reikia ilgaam\u017ei\u0161kumo, universalumo ir elegancijos. Nesvarbu, ar jums reikia etike\u010di\u0173 pramoninei \u012frangai, lauko \u017eenklams, ar auk\u0161tos klas\u0117s gaminiams, PMMA etiket\u0117s u\u017etikrins i\u0161skirtin\u012f na\u0161um\u0105 ir vizualin\u012f patrauklum\u0105.<\/p>\n<p data-sourcepos=\"19:1-19:30\"><strong>Papildomos aplinkyb\u0117s:<\/strong><\/p>\n<ul data-sourcepos=\"21:1-24:0\">\n<li data-sourcepos=\"21:1-22:0\">\n<p data-sourcepos=\"21:3-21:227\"><strong>Spausdinimo b\u016bdai:<\/strong> PMMA etiketes galima spausdinti \u012fvairiais b\u016bdais, \u012fskaitant skaitmenin\u012f spausdinim\u0105, \u0161ilkografij\u0105 ir lazerin\u012f spausdinim\u0105. Spausdinimo metodo pasirinkimas priklauso nuo norimo etike\u010di\u0173 dizaino, kiekio ir biud\u017eeto.<\/p>\n<\/li>\n<li data-sourcepos=\"23:1-24:0\">\n<p data-sourcepos=\"23:3-23:226\"><strong>Klij\u0173 parinktys:<\/strong> PMMA etiketes galima klijuoti \u012fvairiais klijais, \u012fskaitant nuolatinius, nuimamus ir perklijuojamus klijus. Pasirinkite klijus, kurie geriausiai atitinka j\u016bs\u0173 naudojimo ir pavir\u0161iaus reikalavimus.<\/p>\n<\/li>\n<\/ul>","protected":false},"excerpt":{"rendered":"<p>D\u0117l savo i\u0161skirtinio patvarumo, universalumo ir estetinio patrauklumo PMMA spausdinimo etiket\u0117s yra patikimas pasirinkimas \u012fmon\u0117ms ir asmenims, ie\u0161kantiems auk\u0161tos kokyb\u0117s \u017eenklinimo sprendim\u0173. Pasirinkite PMMA etiketes kitam \u017eenklinimo projektui ir pajuskite, kaip skiriasi efektyvumas ir vizualinis poveikis.<\/p>","protected":false},"featured_media":1978,"template":"","meta":[],"product_brand":[],"product_cat":[15],"product_tag":[],"class_list":{"0":"post-1977","1":"product","2":"type-product","3":"status-publish","4":"has-post-thumbnail","6":"product_cat-print-label","8":"first","9":"instock","10":"shipping-taxable","11":"product-type-simple"},"_links":{"self":[{"href":"https:\/\/membraneswitchmfg.com\/lt\/wp-json\/wp\/v2\/product\/1977","targetHints":{"allow":["GET"]}}],"collection":[{"href":"https:\/\/membraneswitchmfg.com\/lt\/wp-json\/wp\/v2\/product"}],"about":[{"href":"https:\/\/membraneswitchmfg.com\/lt\/wp-json\/wp\/v2\/types\/product"}],"wp:featuredmedia":[{"embeddable":true,"href":"https:\/\/membraneswitchmfg.com\/lt\/wp-json\/wp\/v2\/media\/1978"}],"wp:attachment":[{"href":"https:\/\/membraneswitchmfg.com\/lt\/wp-json\/wp\/v2\/media?parent=1977"}],"wp:term":[{"taxonomy":"product_brand","embeddable":true,"href":"https:\/\/membraneswitchmfg.com\/lt\/wp-json\/wp\/v2\/product_brand?post=1977"},{"taxonomy":"product_cat","embeddable":true,"href":"https:\/\/membraneswitchmfg.com\/lt\/wp-json\/wp\/v2\/product_cat?post=1977"},{"taxonomy":"product_tag","embeddable":true,"href":"https:\/\/membraneswitchmfg.com\/lt\/wp-json\/wp\/v2\/product_tag?post=1977"}],"curies":[{"name":"wp","href":"https:\/\/api.w.org\/{rel}","templated":true}]}}