{"id":1979,"date":"2024-06-30T14:30:58","date_gmt":"2024-06-30T14:30:58","guid":{"rendered":"https:\/\/membraneswitchmfg.com\/?post_type=product&#038;p=1979"},"modified":"2024-06-30T14:31:27","modified_gmt":"2024-06-30T14:31:27","slug":"acrylic-print-label","status":"publish","type":"product","link":"https:\/\/membraneswitchmfg.com\/lt\/manufacturer\/acrylic-print-label\/","title":{"rendered":"Akrilo spausdinimo etiket\u0117"},"content":{"rendered":"<p data-sourcepos=\"3:1-3:60\"><strong>Akrilo spausdinimo etiket\u0117: Ilgaam\u017ei\u0161kumo ir elegancijos sintez\u0117<\/strong><\/p>\n<p data-sourcepos=\"5:1-5:7\">Akrilo spausdinimo etiket\u0117s, dar vadinamos PMMA spausdinimo etiket\u0117mis, pasi\u017eymi unikaliu ilgaam\u017ei\u0161kumo, universalumo ir estetinio patrauklumo deriniu, tod\u0117l yra populiarus pasirinkimas \u012fvairioms \u017eenklinimo reikm\u0117ms. \u0160ios etiket\u0117s pagamintos i\u0161 polimetilmetakrilato (PMMA) - didelio poveikio plastiko, kuris gars\u0117ja i\u0161skirtiniu tvirtumu, atsparumu \u012fbr\u0117\u017eimams ir chemin\u0117ms med\u017eiagoms bei UV spinduliams.<\/p>\n<p data-sourcepos=\"7:1-7:19\"><strong>Pagrindiniai privalumai:<\/strong><\/p>\n<ul data-sourcepos=\"9:1-13:122\">\n<li data-sourcepos=\"9:1-10:0\">\n<p data-sourcepos=\"9:3-9:274\"><strong>Ilgalaikis veikimas:<\/strong> Akrilo spausdinimo etiket\u0117s gali b\u016bti atsparios at\u0161iaurioms aplinkos s\u0105lygoms, tod\u0117l idealiai tinka naudoti lauke ir pramon\u0117je. Jos atsparios ekstremalioms temperat\u016broms, dr\u0117gmei ir chemin\u0117ms med\u017eiagoms, tod\u0117l ilgai veikia net sud\u0117tingomis s\u0105lygomis.<\/p>\n<\/li>\n<li data-sourcepos=\"11:1-12:0\">\n<p data-sourcepos=\"11:3-11:293\"><strong>Pritaikomas \u012fvairiems pavir\u0161iams:<\/strong> Akrilo spaudos etiket\u0117s tvirtai laikosi ant \u012fvairi\u0173 pavir\u0161i\u0173, \u012fskaitant plastik\u0105, metal\u0105, stikl\u0105 ir medien\u0105. D\u0117l \u0161io universalumo jas galima naudoti \u012fvairiose srityse - nuo produkt\u0173 \u017eenklinimo ir turto steb\u0117jimo iki i\u0161kab\u0173 ir reklamini\u0173 ekran\u0173.<\/p>\n<\/li>\n<li data-sourcepos=\"13:1-13:122\">\n<p data-sourcepos=\"13:3-13:122\"><strong>Patobulintas vizualinis patrauklumas:<\/strong> Akrilin\u0117s spausdinimo etiket\u0117s pasi\u017eymi blizgia apdaila, kuri dvelkia elegancija ir rafinuotumu. Jos gali b\u016bti \u012fvairi\u0173 spalv\u0173, ant j\u0173 galima spausdinti sud\u0117tingus ra\u0161tus ir logotipus, taip suteikiant rafinuotumo j\u016bs\u0173 gaminiams ar prek\u0117s \u017eenklui.<\/p>\n<\/li>\n<\/ul>\n<p data-sourcepos=\"15:1-15:74\"><strong>Akrilo spausdinimo etiket\u0117: Geriausias pasirinkimas sud\u0117tingiems \u017eenklinimo poreikiams tenkinti<\/strong><\/p>\n<p data-sourcepos=\"17:1-17:287\">Kai svarbiausia yra ilgaam\u017ei\u0161kumas, universalumas ir estetinis patrauklumas, pirmenyb\u0117 teikiama akrilo spaudos etiket\u0117ms. Nesvarbu, ar jums reikia etike\u010di\u0173 pramoninei \u012frangai, lauko \u017eenklams, ar auk\u0161tos klas\u0117s gaminiams, akrilo spausdinimo etiket\u0117s u\u017etikrins i\u0161skirtin\u012f na\u0161um\u0105 ir vizualin\u012f poveik\u012f.<\/p>\n<p data-sourcepos=\"19:1-19:30\"><strong>Papildomos aplinkyb\u0117s:<\/strong><\/p>\n<ul data-sourcepos=\"21:1-24:0\">\n<li data-sourcepos=\"21:1-22:0\">\n<p data-sourcepos=\"21:3-21:236\"><strong>Spausdinimo b\u016bdai:<\/strong> Akrilo spausdinimo etiketes galima spausdinti \u012fvairiais b\u016bdais, \u012fskaitant skaitmenin\u012f spausdinim\u0105, \u0161ilkografij\u0105 ir lazerin\u012f spausdinim\u0105. Spausdinimo metodo pasirinkimas priklauso nuo norimo etike\u010di\u0173 dizaino, kiekio ir biud\u017eeto.<\/p>\n<\/li>\n<li data-sourcepos=\"23:1-24:0\">\n<p data-sourcepos=\"23:3-23:226\"><strong>Klij\u0173 parinktys:<\/strong> Akrilin\u0117s spausdinimo etiket\u0117s gali b\u016bti klijuojamos \u012fvairiais klijais, \u012fskaitant nuolatinius, nuimamus ir kei\u010diamo u\u017eklijavimo klijus. Pasirinkite klijus, kurie geriausiai atitinka j\u016bs\u0173 naudojimo paskirt\u012f ir pavir\u0161iaus reikalavimus.<\/p>\n<\/li>\n<\/ul>","protected":false},"excerpt":{"rendered":"<div class=\"response-container ng-tns-c4213264577-106 ng-star-inserted response-container-has-multiple-responses\">\n<div class=\"presented-response-container ng-tns-c4213264577-106\">\n<div class=\"response-container-content ng-tns-c4213264577-106 tunable-selection-with-avatar\">\n<div class=\"response-content ng-tns-c4213264577-106\">\n<div class=\"markdown markdown-main-panel\" dir=\"ltr\">\n<p data-sourcepos=\"27:1-27:303\">Akrilin\u0117s spausdinimo etiket\u0117s, pasi\u017eymin\u010dios i\u0161skirtiniu patvarumu, universalumu ir estetiniu patrauklumu, yra patikimas pasirinkimas \u012fmon\u0117ms ir asmenims, ie\u0161kantiems auk\u0161tos kokyb\u0117s \u017eenklinimo sprendim\u0173. Kitam \u017eenklinimo projektui rinkit\u0117s akrilo spausdinimo etiketes ir pajuskite, kaip skiriasi efektyvumas ir vizualinis poveikis.<\/p>\n<\/div>\n<\/div>\n<\/div>\n<\/div>\n<\/div>","protected":false},"featured_media":1980,"template":"","meta":[],"product_brand":[],"product_cat":[15],"product_tag":[],"class_list":{"0":"post-1979","1":"product","2":"type-product","3":"status-publish","4":"has-post-thumbnail","6":"product_cat-print-label","8":"first","9":"instock","10":"shipping-taxable","11":"product-type-simple"},"_links":{"self":[{"href":"https:\/\/membraneswitchmfg.com\/lt\/wp-json\/wp\/v2\/product\/1979","targetHints":{"allow":["GET"]}}],"collection":[{"href":"https:\/\/membraneswitchmfg.com\/lt\/wp-json\/wp\/v2\/product"}],"about":[{"href":"https:\/\/membraneswitchmfg.com\/lt\/wp-json\/wp\/v2\/types\/product"}],"wp:featuredmedia":[{"embeddable":true,"href":"https:\/\/membraneswitchmfg.com\/lt\/wp-json\/wp\/v2\/media\/1980"}],"wp:attachment":[{"href":"https:\/\/membraneswitchmfg.com\/lt\/wp-json\/wp\/v2\/media?parent=1979"}],"wp:term":[{"taxonomy":"product_brand","embeddable":true,"href":"https:\/\/membraneswitchmfg.com\/lt\/wp-json\/wp\/v2\/product_brand?post=1979"},{"taxonomy":"product_cat","embeddable":true,"href":"https:\/\/membraneswitchmfg.com\/lt\/wp-json\/wp\/v2\/product_cat?post=1979"},{"taxonomy":"product_tag","embeddable":true,"href":"https:\/\/membraneswitchmfg.com\/lt\/wp-json\/wp\/v2\/product_tag?post=1979"}],"curies":[{"name":"wp","href":"https:\/\/api.w.org\/{rel}","templated":true}]}}