{"id":2225,"date":"2024-07-22T14:19:03","date_gmt":"2024-07-22T14:19:03","guid":{"rendered":"https:\/\/membraneswitchmfg.com\/manufacturer\/silicone-keypad\/"},"modified":"2024-07-25T05:39:12","modified_gmt":"2024-07-25T05:39:12","slug":"silicone-keypad","status":"publish","type":"product","link":"https:\/\/membraneswitchmfg.com\/lt\/manufacturer\/silicone-keypad\/","title":{"rendered":"Silikonin\u0117 klaviat\u016bra"},"content":{"rendered":"<h3><strong>Silikonin\u0117 klaviat\u016bra Pagrindin\u0117s savyb\u0117s:<\/strong><\/h3>\n<p>1.Durability: M\u016bs\u0173 klaviat\u016bros pagamintos i\u0161 auk\u0161tos kokyb\u0117s silikono gumos, tod\u0117l yra atsparios ekstremalioms temperat\u016broms, dr\u0117gmei ir nusid\u0117v\u0117jimui.<\/p>\n<p>M\u016bs\u0173 silikonin\u0117s klaviat\u016bros klavi\u0161\u0173 tarnavimo laikas gali siekti:<\/p>\n<ul>\n<li>1000 t\u016bkst. kart\u0173<\/li>\n<li>2000 t\u016bkst. kart\u0173<\/li>\n<li>5000K kart\u0173 <strong>(ilgiausias tarnavimo laikas pramon\u0117je)<\/strong><\/li>\n<\/ul>\n<p>2.Taktilinis gr\u012f\u017etamasis ry\u0161ys: \u0160ios klaviat\u016bros, suprojektuotos taip, kad b\u016bt\u0173 tikslios, u\u017etikrina puik\u0173 taktilin\u012f gr\u012f\u017etam\u0105j\u012f ry\u0161\u012f, pagerindamos naudotojo patirt\u012f, nes kiekvienas paspaudimas yra jautrus ir malonus.<\/p>\n<p>3.Customizability: M\u016bs\u0173 silikonin\u0117s klaviat\u016bros gali b\u016bti \u012fvairi\u0173 form\u0173, dyd\u017ei\u0173 ir spalv\u0173, tod\u0117l jas galima pritaikyti prie konkre\u010di\u0173 j\u016bs\u0173 projekto poreiki\u0173. Taip pat galima pasirinkti pasirinktines legendas, foninio ap\u0161vietimo parinktis ir skirtingus kietumo lygius.Bendrieji matmenys atitinka pramon\u0117s standartus M1, M2 ir M3.<\/p>\n<p>4.Versatility: Universalumas: idealiai tinka buitin\u0117s elektronikos, medicinos prietais\u0173, pramonini\u0173 valdymo sistem\u0173, automobili\u0173 sistem\u0173 ir kt. Silikono med\u017eiaga pasi\u017eymi puikiu lankstumu, tod\u0117l tinka sud\u0117tingiems projektams ir i\u0161d\u0117stymams.<\/p>\n<p>5.Lengva integracija: M\u016bs\u0173 klaviat\u016bros yra suderinamos su \u012fvairi\u0173 tip\u0173 s\u0105sajomis, \u012fskaitant PCB montuojamus sprendimus ir membraninius jungiklius.<\/p>\n<p>6.Zero defekt\u0173 juodosios d\u0117m\u0117s kontrol\u0117: Naudojant pa\u017eangius gamybos procesus ir grie\u017etas kokyb\u0117s kontrol\u0117s sistemas, m\u016bs\u0173 silikonin\u0117s klaviat\u016bros neturi joki\u0173 i\u0161vaizdos defekt\u0173, tod\u0117l kiekvienas gaminys atitinka auk\u0161\u010diausius i\u0161vaizdos kokyb\u0117s standartus.<\/p>\n<p>&nbsp;<\/p>\n<h3><strong>Silikonin\u0117s klaviat\u016bros parai\u0161kos:<\/strong><\/h3>\n<p>1.Buitin\u0117 elektronika: Puikiai tinka nuotolinio valdymo pulteliams, \u017eaidim\u0173 \u012frenginiams ir ne\u0161iojamiesiems prietaisams.<\/p>\n<p>2.Medicinos prietaisai: Medicinos priemon\u0117s: idealiai tinka pacient\u0173 monitoriams, diagnostinei \u012frangai ir d\u0117vimoms sveikatos technologijoms.<\/p>\n<p>3.Pramoniniai valdikliai: Pakankamai patikimas ma\u0161in\u0173 valdymui, prietais\u0173 skydams ir lauko \u012frangai.<\/p>\n<p>4.Automobili\u0173 sistemos: Automobilin\u0117s sistemos: patikimai naudojamos prietais\u0173 skydelio valdikliams, informacin\u0117ms ir pramogin\u0117ms sistemoms ir \u012f\u0117jimo be rakt\u0173 sistemoms.<\/p>","protected":false},"excerpt":{"rendered":"<p>Su m\u016bs\u0173 silikonin\u0117mis klaviat\u016bromis patirsite auk\u0161\u010diausi\u0105 malonum\u0105 lie\u010diant ir funkcionalum\u0105. \u0160ios klaviat\u016bros, skirtos \u012fvairioms reikm\u0117ms - nuo buitin\u0117s elektronikos iki pramonini\u0173 ma\u0161in\u0173 - pasi\u017eymi neprilygstamu na\u0161umu, patikimumu ir pritaikymu.Nesvarbu, ar jos naudojamos buitin\u0117je elektronikoje, medicinos \u012frangoje, ar pramoniniame valdyme, galite pasikliauti m\u016bs\u0173 silikonin\u0117mis klaviat\u016bromis, nes jos nepriekai\u0161tingai atrodo ir u\u017etikrina puiki\u0105 naudotojo patirt\u012f.<\/p>","protected":false},"featured_media":1735,"template":"","meta":[],"product_brand":[],"product_cat":[39],"product_tag":[],"class_list":{"0":"post-2225","1":"product","2":"type-product","3":"status-publish","4":"has-post-thumbnail","6":"product_cat-silicone-rubber","8":"first","9":"instock","10":"shipping-taxable","11":"product-type-simple"},"_links":{"self":[{"href":"https:\/\/membraneswitchmfg.com\/lt\/wp-json\/wp\/v2\/product\/2225","targetHints":{"allow":["GET"]}}],"collection":[{"href":"https:\/\/membraneswitchmfg.com\/lt\/wp-json\/wp\/v2\/product"}],"about":[{"href":"https:\/\/membraneswitchmfg.com\/lt\/wp-json\/wp\/v2\/types\/product"}],"wp:featuredmedia":[{"embeddable":true,"href":"https:\/\/membraneswitchmfg.com\/lt\/wp-json\/wp\/v2\/media\/1735"}],"wp:attachment":[{"href":"https:\/\/membraneswitchmfg.com\/lt\/wp-json\/wp\/v2\/media?parent=2225"}],"wp:term":[{"taxonomy":"product_brand","embeddable":true,"href":"https:\/\/membraneswitchmfg.com\/lt\/wp-json\/wp\/v2\/product_brand?post=2225"},{"taxonomy":"product_cat","embeddable":true,"href":"https:\/\/membraneswitchmfg.com\/lt\/wp-json\/wp\/v2\/product_cat?post=2225"},{"taxonomy":"product_tag","embeddable":true,"href":"https:\/\/membraneswitchmfg.com\/lt\/wp-json\/wp\/v2\/product_tag?post=2225"}],"curies":[{"name":"wp","href":"https:\/\/api.w.org\/{rel}","templated":true}]}}