{"id":2227,"date":"2024-07-22T14:19:04","date_gmt":"2024-07-22T14:19:04","guid":{"rendered":"https:\/\/membraneswitchmfg.com\/manufacturer\/silicone-gasket\/"},"modified":"2024-07-25T06:04:54","modified_gmt":"2024-07-25T06:04:54","slug":"silicone-gasket","status":"publish","type":"product","link":"https:\/\/membraneswitchmfg.com\/lt\/manufacturer\/silicone-gasket\/","title":{"rendered":"Silikonin\u0117 tarpin\u0117"},"content":{"rendered":"<h2><strong>Pagrindin\u0117s savyb\u0117s:<\/strong><\/h2>\n<p>1.High-Temperature atsparumas: M\u016bs\u0173 silikonin\u0117s tarpin\u0117s gali atlaikyti ekstremalias temperat\u016bras nuo -60 \u00b0C iki 230 \u00b0C, tod\u0117l jos tinka ir kar\u0161\u010diui, ir \u0161al\u010diui.<\/p>\n<p>2.Puikus lankstumas ir elastingumas: D\u0117l silikonui b\u016bdingo lankstumo m\u016bs\u0173 tarpikliai prisitaiko prie netaisykling\u0173 pavir\u0161i\u0173 ir u\u017etikrina sandar\u0173 ir patikim\u0105 sandarum\u0105 net esant dideliam sl\u0117giui.<\/p>\n<p>3.Superior atsparumas chemin\u0117ms med\u017eiagoms: Atsparios \u012fvairioms chemin\u0117ms med\u017eiagoms, alyvoms ir tirpikliams, m\u016bs\u0173 silikonin\u0117s tarpin\u0117s i\u0161laiko vientisum\u0105 ir na\u0161um\u0105 sud\u0117tingiausiomis s\u0105lygomis.<\/p>\n<p>4.Long-Lasting ilgaam\u017ei\u0161kumas: Ilgaam\u017ei\u0161kumas: \u0161ios tarpin\u0117s yra atsparios sen\u0117jimui, atmosferos poveikiui ir ultravioletiniams spinduliams, tod\u0117l u\u017etikrina ilgalaik\u012f tarnavimo laik\u0105 ir minimali\u0105 prie\u017ei\u016br\u0105.<\/p>\n<p>5.FDA ir medicinin\u0117s klas\u0117s parinktys: M\u016bs\u0173 silikonin\u0117s tarpin\u0117s yra saugios naudoti maisto pramon\u0117je, farmacijoje ir sveikatos prie\u017ei\u016broje.<\/p>\n<h2><strong>Silikonin\u0117s tarpin\u0117s Parai\u0161kos:<\/strong><\/h2>\n<p>1.Automobiliai: Automobiliai: idealiai tinka varikliams, transmisijoms ir i\u0161metimo sistemoms, u\u017etikrina patikim\u0105 sandarinim\u0105 ekstremaliomis s\u0105lygomis.<\/p>\n<p>2.Pramonin\u0117 \u012franga: Tinka siurbliams, kompresoriams ir ma\u0161inoms, apsaugo nuo nuot\u0117kio ir u\u017etikrina efektyv\u0173 veikim\u0105.<\/p>\n<p>3.Maistas ir g\u0117rimai: Puikiai tinka maisto perdirbimo \u012frangai sandarinti, u\u017etikrinant higienos ir saugos standartus.<\/p>\n<p>4.Medicinos prietaisai: Saugu naudoti medicinos prietaisuose ir \u012frangoje, u\u017etikrinant patikim\u0105 sandarinim\u0105 kritin\u0117se srityse.<\/p>\n<p>5.Elektronika: Efektyviai sandarina elektronikos korpusus, apsaugo jautrius komponentus nuo dr\u0117gm\u0117s ir dulki\u0173.<\/p>","protected":false},"excerpt":{"rendered":"<p>Atraskite geriausi\u0105 sandarinimo sprendim\u0105 su m\u016bs\u0173 auk\u0161\u010diausios kokyb\u0117s silikonin\u0117mis tarpin\u0117mis. \u0160ios tarpin\u0117s sukurtos taip, kad u\u017etikrint\u0173 i\u0161skirtines eksploatacines savybes, jos atitinka grie\u017etus \u012fvairi\u0173 pramon\u0117s \u0161ak\u0173 reikalavimus ir kiekvien\u0105 kart\u0105 u\u017etikrina nepriekai\u0161ting\u0105 sandarum\u0105. Nesvarbu, ar norite padidinti savo \u012frangos ilgaam\u017ei\u0161kum\u0105, ar u\u017etikrinti sandari\u0105 aplink\u0105, m\u016bs\u0173 silikonin\u0117s tarpin\u0117s yra idealus pasirinkimas. m\u016bs\u0173 \u012fsipareigojimas siekti kokyb\u0117s ir naujovi\u0173 u\u017etikrina, kad m\u016bs\u0173 silikonin\u0117s tarpin\u0117s atitikt\u0173 auk\u0161\u010diausius pramon\u0117s standartus. Si\u016blome \u012fvairi\u0173 dyd\u017ei\u0173, form\u0173 ir nestandartini\u0173 variant\u0173, kad atitikt\u0173 j\u016bs\u0173 konkre\u010dius poreikius. Pasitelk\u0119 savo ekspert\u0173 komand\u0105 ir pa\u017eangius gamybos procesus, teikiame tarpines, kurios u\u017etikrina pastov\u0173 na\u0161um\u0105 ir patikimum\u0105.<\/p>","protected":false},"featured_media":2216,"template":"","meta":[],"product_brand":[],"product_cat":[39],"product_tag":[],"class_list":{"0":"post-2227","1":"product","2":"type-product","3":"status-publish","4":"has-post-thumbnail","6":"product_cat-silicone-rubber","8":"first","9":"instock","10":"shipping-taxable","11":"product-type-simple"},"_links":{"self":[{"href":"https:\/\/membraneswitchmfg.com\/lt\/wp-json\/wp\/v2\/product\/2227","targetHints":{"allow":["GET"]}}],"collection":[{"href":"https:\/\/membraneswitchmfg.com\/lt\/wp-json\/wp\/v2\/product"}],"about":[{"href":"https:\/\/membraneswitchmfg.com\/lt\/wp-json\/wp\/v2\/types\/product"}],"wp:featuredmedia":[{"embeddable":true,"href":"https:\/\/membraneswitchmfg.com\/lt\/wp-json\/wp\/v2\/media\/2216"}],"wp:attachment":[{"href":"https:\/\/membraneswitchmfg.com\/lt\/wp-json\/wp\/v2\/media?parent=2227"}],"wp:term":[{"taxonomy":"product_brand","embeddable":true,"href":"https:\/\/membraneswitchmfg.com\/lt\/wp-json\/wp\/v2\/product_brand?post=2227"},{"taxonomy":"product_cat","embeddable":true,"href":"https:\/\/membraneswitchmfg.com\/lt\/wp-json\/wp\/v2\/product_cat?post=2227"},{"taxonomy":"product_tag","embeddable":true,"href":"https:\/\/membraneswitchmfg.com\/lt\/wp-json\/wp\/v2\/product_tag?post=2227"}],"curies":[{"name":"wp","href":"https:\/\/api.w.org\/{rel}","templated":true}]}}