{"id":2274,"date":"2024-07-26T02:52:22","date_gmt":"2024-07-26T02:52:22","guid":{"rendered":"https:\/\/membraneswitchmfg.com\/?post_type=product&#038;p=2274"},"modified":"2024-09-19T12:54:44","modified_gmt":"2024-09-19T12:54:44","slug":"magnetic-switch","status":"publish","type":"product","link":"https:\/\/membraneswitchmfg.com\/lt\/manufacturer\/magnetic-switch\/","title":{"rendered":"Magnetinis jungiklis"},"content":{"rendered":"<h4><strong><b>Pagrindin\u0117s savyb\u0117s:<\/b><\/strong><\/h4>\n<p><strong>1.<\/strong><strong>Beprecedentis patvarumas<\/strong>: M\u016bs\u0173 gaminys sukurtas taip, kad atlaikyt\u0173 iki 10 milijon\u0173 paspaudim\u0173, tod\u0117l u\u017etikrina pastov\u0173 veikim\u0105 ir patikimum\u0105 ilg\u0105 laik\u0105, tod\u0117l yra ekonomi\u0161kai efektyvus pasirinkimas ilgalaikiam naudojimui.<\/p>\n<p><strong>2.<\/strong><strong>\u012evairiapusis pritaikymas<\/strong>: \u0160iuo metu m\u016bs\u0173 magnetinis jungiklis pla\u010diai naudojamas \u012fvairiuose didel\u0117s paklausos sektoriuose, \u012fskaitant:<\/p>\n<ul>\n<li><strong>Medicinos \u012franga<\/strong>: M\u016bs\u0173 jungiklis yra labai svarbus medicinos prietais\u0173 komponentas, u\u017etikrinantis tiksl\u0173 ir patikim\u0105 valdym\u0105, saugum\u0105 ir patikimum\u0105 sveikatos prie\u017ei\u016bros aplinkoje.<\/li>\n<li><strong>B\u0117gimo takeliai<\/strong>: Integruotas \u012f treniruokli\u0173 \u012frang\u0105, m\u016bs\u0173 jungiklis u\u017etikrina skland\u0173 veikim\u0105 ir pagerina naudotojo patirt\u012f, atlaiko grie\u017etus da\u017eno naudojimo reikalavimus.<\/li>\n<\/ul>\n<h4><strong><b>Kod\u0117l verta rinktis m\u016bs\u0173 magnetin\u012f jungikl\u012f?<\/b><\/strong><\/h4>\n<p><strong>1.<\/strong><strong>Neprilygstamas tarnavimo laikas<\/strong>: Esame vienintelis magnetinis jungiklis \u0161alies rinkoje, kurio eksploatavimo trukm\u0117 - 10 milijon\u0173 paspaudim\u0173, tod\u0117l nustatome ilgaam\u017ei\u0161kumo standart\u0105.<\/p>\n<p><strong>2.<\/strong><strong>Patikimumas svarbiausiose programose<\/strong>: M\u016bs\u0173 jungikliais pasitikima medicinos \u012frangoje, kur patikimumas ir tikslumas yra svarbiausi.<\/p>\n<p><strong>3.<\/strong><strong>Veikimas didelio naudojimo aplinkoje<\/strong>: M\u016bs\u0173 jungiklis naudojamas b\u0117gimo takeliuose, tod\u0117l \u012frodo, kad jis yra atsparus didelio apkrovimo ir naudojimo s\u0105lygomis.<\/p>","protected":false},"excerpt":{"rendered":"<p>Pristatome m\u016bs\u0173 pa\u017eang\u0173 <span class=\"Y2IQFc\" lang=\"en\">Magnetinis membraninis jungiklis<\/span>, ilgaam\u017ei\u0161kumo ir patikimumo pavyzdys rinkoje. Pasi\u017eymi nepaprastu gaminio tarnavimo laiku iki <strong>10 milijon\u0173 spaudos ma\u0161in\u0173<\/strong>, m\u016bs\u0173 magnetinis jungiklis yra <strong>vienintelis tokio tipo produktas vidaus rinkoje, pasi\u017eymintis tokiu ilgaam\u017ei\u0161kumu.<\/strong>.Pristatome m\u016bs\u0173 pa\u017eang\u0173 magnetin\u012f jungikl\u012f, kuris yra ilgaam\u017ei\u0161kumo ir patikimumo pavyzdys rinkoje. M\u016bs\u0173 magnetinis jungiklis, pasi\u017eymintis nepaprastu iki 10 milijon\u0173 paspaudim\u0173 trukme, yra vienintelis tokio tipo jungiklis vidaus rinkoje, pasi\u017eymintis tokiu ilgaam\u017ei\u0161kumu.<\/p>","protected":false},"featured_media":2435,"template":"","meta":[],"product_brand":[],"product_cat":[40],"product_tag":[],"class_list":{"0":"post-2274","1":"product","2":"type-product","3":"status-publish","4":"has-post-thumbnail","6":"product_cat-membrane-switch","8":"first","9":"instock","10":"shipping-taxable","11":"product-type-simple"},"_links":{"self":[{"href":"https:\/\/membraneswitchmfg.com\/lt\/wp-json\/wp\/v2\/product\/2274","targetHints":{"allow":["GET"]}}],"collection":[{"href":"https:\/\/membraneswitchmfg.com\/lt\/wp-json\/wp\/v2\/product"}],"about":[{"href":"https:\/\/membraneswitchmfg.com\/lt\/wp-json\/wp\/v2\/types\/product"}],"wp:featuredmedia":[{"embeddable":true,"href":"https:\/\/membraneswitchmfg.com\/lt\/wp-json\/wp\/v2\/media\/2435"}],"wp:attachment":[{"href":"https:\/\/membraneswitchmfg.com\/lt\/wp-json\/wp\/v2\/media?parent=2274"}],"wp:term":[{"taxonomy":"product_brand","embeddable":true,"href":"https:\/\/membraneswitchmfg.com\/lt\/wp-json\/wp\/v2\/product_brand?post=2274"},{"taxonomy":"product_cat","embeddable":true,"href":"https:\/\/membraneswitchmfg.com\/lt\/wp-json\/wp\/v2\/product_cat?post=2274"},{"taxonomy":"product_tag","embeddable":true,"href":"https:\/\/membraneswitchmfg.com\/lt\/wp-json\/wp\/v2\/product_tag?post=2274"}],"curies":[{"name":"wp","href":"https:\/\/api.w.org\/{rel}","templated":true}]}}