{"id":2438,"date":"2024-09-20T06:37:42","date_gmt":"2024-09-20T06:37:42","guid":{"rendered":"https:\/\/membraneswitchmfg.com\/?post_type=product&#038;p=2438"},"modified":"2024-09-20T06:40:01","modified_gmt":"2024-09-20T06:40:01","slug":"in-mold-electronics-ime","status":"publish","type":"product","link":"https:\/\/membraneswitchmfg.com\/lt\/manufacturer\/in-mold-electronics-ime\/","title":{"rendered":"\"In-Mold Electronics\" (IME)"},"content":{"rendered":"<h2>Elektronika liejimo metu (IME): revoliucin\u0117 technologija<\/h2>\n<h3 data-sourcepos=\"5:1-5:24\">Pagrindiniai elektronikos liejimo metu prana\u0161umai<strong>:<\/strong><\/h3>\n<ul>\n<li><span class=\"citation-2 recitation\">Suma\u017eintos surinkimo i\u0161laidos:<\/span><span class=\"citation-2 recitation citation-end-2\"> Integruojant elektroninius komponentus tiesiai \u012f plastikin\u0119 dal\u012f, IME pa\u0161alina atskir\u0173 surinkimo etap\u0173 poreik\u012f, \u017eymiai suma\u017eindama gamybos i\u0161laidas.<\/span><\/li>\n<li>Patobulintas patvarumas: <span class=\"citation-3 recitation citation-end-3\">IME sukuria tvirt\u0105 ry\u0161\u012f tarp elektronini\u0173 komponent\u0173 ir plastikin\u0117s dalies, padidindama patvarum\u0105 ir atsparum\u0105 aplinkos veiksniams.<\/span><\/li>\n<li>Ma\u017eesnis formos faktorius: <span class=\"citation-4 recitation citation-end-4\">IME leid\u017eia sukurti plonesnius ir kompakti\u0161kesnius elektroninius prietaisus, tod\u0117l jie yra patogesni ne\u0161iotis ir esteti\u0161kesni.<\/span><\/li>\n<li>Patobulinta estetika: IME gali b\u016bti naudojama kuriant vientisus ir vizualiai patrauklius dizainus, skland\u017eiai integruojant elektroninius komponentus \u012f bendr\u0105 produkto i\u0161vaizd\u0105.<\/li>\n<li>Patobulintas patikimumas: <span class=\"citation-5 recitation citation-end-5\">Pa\u0161alinus i\u0161orinius sujungimus ir surinkimo etapus, IME gali padidinti elektronini\u0173 gamini\u0173 patikimum\u0105 ir ilgaam\u017ei\u0161kum\u0105.<\/span><\/li>\n<\/ul>\n<h3 data-sourcepos=\"13:1-13:24\">Elektronikos liejimo metu pritaikymas:<\/h3>\n<ul data-sourcepos=\"15:1-19:0\">\n<li data-sourcepos=\"15:1-15:100\">Buitin\u0117 elektronika: klaviat\u016bros, nuotolinio valdymo pultai, automobili\u0173 prietais\u0173 skydeliai ir ne\u0161iojami prietaisai.<\/li>\n<li data-sourcepos=\"16:1-16:110\">Medicinos prietaisai: <span class=\"citation-6 recitation citation-end-6\">Diagnostikos \u012franga, pacient\u0173 steb\u0117jimo sistemos ir implantuojami prietaisai.<\/span><\/li>\n<li data-sourcepos=\"16:1-16:110\">Automobili\u0173 pramon\u0117: <span class=\"citation-7 recitation citation-end-7\">Valdymo skydeliai, prietais\u0173 grup\u0117s ir dur\u0173 panel\u0117s.<\/span><\/li>\n<li data-sourcepos=\"16:1-16:110\">Pramonin\u0117 automatika: valdymo skydeliai, jutikliai ir kiti automatikos komponentai.<\/li>\n<\/ul>","protected":false},"excerpt":{"rendered":"<p><span class=\"citation-0 recitation\">\"In-Mold Electronics\" (IME)<\/span><span class=\"citation-0 recitation citation-end-0\"> yra gamybos procesas, kurio metu elektroniniai komponentai integruojami tiesiai \u012f plastikines dalis liejimo proceso metu.<\/span> <span class=\"citation-1 recitation citation-end-1\">\u0160is novatori\u0161kas metodas si\u016blo daugyb\u0119 prana\u0161um\u0173, palyginti su tradiciniais surinkimo metodais, tod\u0117l jis yra populiarus pasirinkimas \u012fvairiose pramon\u0117s \u0161akose.<\/span><\/p>\n<p><span class=\"citation-8 recitation citation-end-8\">IME yra pa\u017eangiausia technologija, si\u016blanti dideli\u0173 prana\u0161um\u0173 s\u0105naud\u0173, patvarumo, dizaino ir patikimumo at\u017evilgiu.<\/span> Technologijai toliau tobul\u0117jant, galime tik\u0117tis dar daugiau novatori\u0161k\u0173 pritaikym\u0173 ateityje.<\/p>","protected":false},"featured_media":2439,"template":"","meta":[],"product_brand":[],"product_cat":[40],"product_tag":[],"class_list":{"0":"post-2438","1":"product","2":"type-product","3":"status-publish","4":"has-post-thumbnail","6":"product_cat-membrane-switch","8":"first","9":"instock","10":"shipping-taxable","11":"product-type-simple"},"_links":{"self":[{"href":"https:\/\/membraneswitchmfg.com\/lt\/wp-json\/wp\/v2\/product\/2438","targetHints":{"allow":["GET"]}}],"collection":[{"href":"https:\/\/membraneswitchmfg.com\/lt\/wp-json\/wp\/v2\/product"}],"about":[{"href":"https:\/\/membraneswitchmfg.com\/lt\/wp-json\/wp\/v2\/types\/product"}],"wp:featuredmedia":[{"embeddable":true,"href":"https:\/\/membraneswitchmfg.com\/lt\/wp-json\/wp\/v2\/media\/2439"}],"wp:attachment":[{"href":"https:\/\/membraneswitchmfg.com\/lt\/wp-json\/wp\/v2\/media?parent=2438"}],"wp:term":[{"taxonomy":"product_brand","embeddable":true,"href":"https:\/\/membraneswitchmfg.com\/lt\/wp-json\/wp\/v2\/product_brand?post=2438"},{"taxonomy":"product_cat","embeddable":true,"href":"https:\/\/membraneswitchmfg.com\/lt\/wp-json\/wp\/v2\/product_cat?post=2438"},{"taxonomy":"product_tag","embeddable":true,"href":"https:\/\/membraneswitchmfg.com\/lt\/wp-json\/wp\/v2\/product_tag?post=2438"}],"curies":[{"name":"wp","href":"https:\/\/api.w.org\/{rel}","templated":true}]}}