{"id":1689,"date":"2024-06-22T14:56:03","date_gmt":"2024-06-22T14:56:03","guid":{"rendered":"https:\/\/membraneswitchmfg.com\/manufacturer\/outdoor-warning-signs\/"},"modified":"2024-06-26T00:53:33","modified_gmt":"2024-06-26T00:53:33","slug":"outdoor-warning-signs","status":"publish","type":"product","link":"https:\/\/membraneswitchmfg.com\/lv\/manufacturer\/outdoor-warning-signs\/","title":{"rendered":"\u0100ra br\u012bdin\u0101juma z\u012bmes"},"content":{"rendered":"<h2 class=\"\" data-sourcepos=\"1:1-1:84\">Outdoor Warning Signs: Enhancing Safety and Communication in Outdoor Environments<\/h2>\n<p data-sourcepos=\"3:1-3:144\">Effectively communicate potential hazards and important information in outdoor settings with our durable and customizable outdoor warning signs. Designed to withstand the rigors of outdoor environments, our signs ensure that your messages remain clear, visible, and attention-grabbing, even in harsh weather conditions.<\/p>\n<p data-sourcepos=\"5:1-5:49\"><strong>Unmatched Durability for Outdoor Environments<\/strong><\/p>\n<p data-sourcepos=\"7:1-7:133\">Crafted from high-quality materials and utilizing advanced printing techniques, our outdoor warning signs are built to last. They are resistant to fading, tearing, and chemical degradation, ensuring that your messages remain visible and effective for years to come.<\/p>\n<p data-sourcepos=\"9:1-9:44\"><strong>Customizable to Meet Your Specific Needs<\/strong><\/p>\n<p data-sourcepos=\"11:1-11:86\">M\u0113s pied\u0101v\u0101jam pla\u0161u piel\u0101go\u0161anas iesp\u0113ju kl\u0101stu, lai apmierin\u0101tu j\u016bsu \u012bpa\u0161\u0101s vajadz\u012bbas, tostarp:<\/p>\n<ul data-sourcepos=\"13:1-17:0\">\n<li data-sourcepos=\"13:1-13:60\"><strong>Variety of sizes and shapes to accommodate any message<\/strong><\/li>\n<li data-sourcepos=\"14:1-14:49\"><strong>Full-color printing for high-impact visuals<\/strong><\/li>\n<li data-sourcepos=\"15:1-15:67\"><strong>Customizable text and graphics to convey your message clearly<\/strong><\/li>\n<li data-sourcepos=\"16:1-17:0\"><strong>Choice of materials to suit your environment<\/strong><\/li>\n<\/ul>\n<p data-sourcepos=\"18:1-18:50\"><strong>Ideal for a Wide Range of Outdoor Applications<\/strong><\/p>\n<p data-sourcepos=\"20:1-20:80\">Our outdoor warning signs are ideal for a wide range of applications, including:<\/p>\n<ul data-sourcepos=\"22:1-22:10\">\n<li data-sourcepos=\"22:1-22:10\"><strong>Safety warnings and instructions<\/strong><\/li>\n<li data-sourcepos=\"23:1-23:36\"><strong>Regulatory compliance markings<\/strong><\/li>\n<li data-sourcepos=\"24:1-24:47\"><strong>Hazard identification and caution signage<\/strong><\/li>\n<li data-sourcepos=\"25:1-25:43\"><strong>Directional and informational signage<\/strong><\/li>\n<li data-sourcepos=\"26:1-27:0\"><strong>Construction site signage<\/strong><\/li>\n<\/ul>\n<p data-sourcepos=\"28:1-28:89\"><strong>Sadarbojieties ar \u0136\u012bnas eti\u0137e\u0161u sv\u012btrkodu printeru pieg\u0101d\u0101t\u0101jiem, kas nodro\u0161ina izcilu kvalit\u0101ti un kompetenci<\/strong><\/p>\n<p data-sourcepos=\"30:1-30:309\">At China Label Barcode Printer Suppliers, we are committed to providing our customers with the highest quality outdoor warning signs and the expertise to meet their specific application needs. Our team of experienced professionals can help you design and create the perfect signs for your unique requirements.<\/p>\n<p data-sourcepos=\"32:1-32:148\"><strong>Sazinieties ar mums \u0161odien<\/strong> to learn more about our outdoor warning signs and how we can help you enhance safety and communication in outdoor environments.<\/p>","protected":false},"excerpt":{"rendered":"<p>Outdoor warning signs are specially designed signs placed in exterior environments to communicate hazards, provide instructions, or convey important information. These signs are critical for maintaining safety and order in areas where environmental factors and potential hazards pose risks to people or property.<\/p>","protected":false},"featured_media":1656,"template":"","meta":[],"product_brand":[],"product_cat":[15],"product_tag":[],"class_list":{"0":"post-1689","1":"product","2":"type-product","3":"status-publish","4":"has-post-thumbnail","6":"product_cat-print-label","8":"first","9":"instock","10":"shipping-taxable","11":"product-type-simple"},"_links":{"self":[{"href":"https:\/\/membraneswitchmfg.com\/lv\/wp-json\/wp\/v2\/product\/1689","targetHints":{"allow":["GET"]}}],"collection":[{"href":"https:\/\/membraneswitchmfg.com\/lv\/wp-json\/wp\/v2\/product"}],"about":[{"href":"https:\/\/membraneswitchmfg.com\/lv\/wp-json\/wp\/v2\/types\/product"}],"wp:featuredmedia":[{"embeddable":true,"href":"https:\/\/membraneswitchmfg.com\/lv\/wp-json\/wp\/v2\/media\/1656"}],"wp:attachment":[{"href":"https:\/\/membraneswitchmfg.com\/lv\/wp-json\/wp\/v2\/media?parent=1689"}],"wp:term":[{"taxonomy":"product_brand","embeddable":true,"href":"https:\/\/membraneswitchmfg.com\/lv\/wp-json\/wp\/v2\/product_brand?post=1689"},{"taxonomy":"product_cat","embeddable":true,"href":"https:\/\/membraneswitchmfg.com\/lv\/wp-json\/wp\/v2\/product_cat?post=1689"},{"taxonomy":"product_tag","embeddable":true,"href":"https:\/\/membraneswitchmfg.com\/lv\/wp-json\/wp\/v2\/product_tag?post=1689"}],"curies":[{"name":"wp","href":"https:\/\/api.w.org\/{rel}","templated":true}]}}