{"id":1690,"date":"2024-06-22T14:56:03","date_gmt":"2024-06-22T14:56:03","guid":{"rendered":"https:\/\/membraneswitchmfg.com\/manufacturer\/electrical-power-cord-certification-label\/"},"modified":"2024-06-26T00:54:03","modified_gmt":"2024-06-26T00:54:03","slug":"electrical-power-cord-certification-label","status":"publish","type":"product","link":"https:\/\/membraneswitchmfg.com\/lv\/manufacturer\/electrical-power-cord-certification-label\/","title":{"rendered":"Elektrisk\u0101 baro\u0161anas vada sertifik\u0101cijas eti\u0137ete"},"content":{"rendered":"<h2 class=\"\" data-sourcepos=\"1:1-1:77\">Elektrisko str\u0101vas vadu sertifik\u0101cijas eti\u0137etes: dro\u0161\u012bbas un atbilst\u012bbas nodro\u0161in\u0101\u0161ana<\/h2>\n<p data-sourcepos=\"3:1-3:140\">Nodro\u0161iniet savu elektrisko str\u0101vas vadu dro\u0161\u012bbu un atbilst\u012bbu ar m\u016bsu iztur\u012bgaj\u0101m un augstas kvalit\u0101tes elektrisko str\u0101vas vadu sertifik\u0101cijas eti\u0137et\u0113m. \u0160\u012bs eti\u0137etes sniedz b\u016btisku inform\u0101ciju par j\u016bsu vadiem, pal\u012bdzot nov\u0113rst elektriskos apdraud\u0113jumus un nodro\u0161inot atbilst\u012bbu normat\u012bvajiem aktiem.<\/p>\n<p data-sourcepos=\"5:1-5:51\"><strong>Nep\u0101rsp\u0113jama iztur\u012bba pras\u012bgai videi<\/strong><\/p>\n<p data-sourcepos=\"7:1-7:3\">M\u016bsu elektrisko str\u0101vas vadu sertifik\u0101cijas eti\u0137etes ir izgatavotas no augst\u0101k\u0101s kvalit\u0101tes materi\u0101liem, kas var iztur\u0113t skarbos apst\u0101k\u013cus, tostarp ekstrem\u0101las temperat\u016bras, nobr\u0101zumus un \u0137\u012bmiskas vielas. T\u0101s ir iztur\u012bgas pret izbal\u0113\u0161anu, pl\u012bsumiem un sm\u0113r\u0113\u0161anos, nodro\u0161inot, ka svar\u012bg\u0101 inform\u0101cija uz j\u016bsu eti\u0137et\u0113m gadiem ilgi paliek skaidra un salas\u0101ma.<\/p>\n<p data-sourcepos=\"9:1-9:51\"><strong>B\u016btiska inform\u0101cija dro\u0161\u012bbai un atbilst\u012bbai<\/strong><\/p>\n<p data-sourcepos=\"11:1-11:39\">M\u016bsu elektrisko str\u0101vas vadu sertifik\u0101cijas eti\u0137etes ietver b\u016btisku inform\u0101ciju, piem\u0113ram:<\/p>\n<ul data-sourcepos=\"13:1-17:0\">\n<li data-sourcepos=\"13:1-13:47\"><strong>Ra\u017eot\u0101ja nosaukums un kontaktinform\u0101cija<\/strong><\/li>\n<li data-sourcepos=\"14:1-14:26\"><strong>Vada tips un nomin\u0101lais spriegums<\/strong><\/li>\n<li data-sourcepos=\"15:1-15:31\"><strong>Elektrisk\u0101s specifik\u0101cijas<\/strong><\/li>\n<li data-sourcepos=\"16:1-17:0\"><strong>Sertifik\u0101cijas mar\u0137\u0113jumi<\/strong><\/li>\n<\/ul>\n<p data-sourcepos=\"18:1-18:111\">\u0160\u012b inform\u0101cija pal\u012bdz nodro\u0161in\u0101t, ka j\u016bsu vadi tiek izmantoti dro\u0161i un saska\u0146\u0101 ar piem\u0113rojamajiem noteikumiem.<\/p>\n<p data-sourcepos=\"20:1-20:53\"><strong>Ide\u0101li piem\u0113rots pla\u0161am elektrisko pielietojumu kl\u0101stam<\/strong><\/p>\n<p data-sourcepos=\"22:1-22:112\">M\u016bsu elektrisko str\u0101vas vadu sertifik\u0101cijas eti\u0137etes ir ide\u0101li piem\u0113rotas pla\u0161am elektrisko pielietojumu kl\u0101stam, tostarp:<\/p>\n<ul data-sourcepos=\"24:1-25:28\">\n<li data-sourcepos=\"24:1-24:48\"><strong>Str\u0101vas vadi ier\u012bc\u0113m un elektronikai<\/strong><\/li>\n<li data-sourcepos=\"25:1-25:28\"><strong>R\u016bpnieciskie str\u0101vas vadi<\/strong><\/li>\n<li data-sourcepos=\"26:1-26:21\"><strong>Pagarin\u0101t\u0101ji<\/strong><\/li>\n<li data-sourcepos=\"27:1-27:31\"><strong>Vadi medic\u012bnas ier\u012bc\u0113m<\/strong><\/li>\n<li data-sourcepos=\"28:1-29:0\"><strong>Vadi izmanto\u0161anai \u0101rpus telp\u0101m<\/strong><\/li>\n<\/ul>\n<p data-sourcepos=\"30:1-30:89\"><strong>Sadarbojieties ar \u0136\u012bnas eti\u0137e\u0161u sv\u012btrkodu printeru pieg\u0101d\u0101t\u0101jiem, kas nodro\u0161ina izcilu kvalit\u0101ti un kompetenci<\/strong><\/p>\n<p data-sourcepos=\"32:1-32:358\">M\u0113s, China Label Barcode Printer Suppliers, esam ap\u0146\u0113mu\u0161ies nodro\u0161in\u0101t saviem klientiem visaugst\u0101k\u0101s kvalit\u0101tes elektrisko str\u0101vas vadu sertifik\u0101cijas eti\u0137etes un zin\u0101\u0161anas, lai apmierin\u0101tu vi\u0146u \u012bpa\u0161\u0101s pielietojuma vajadz\u012bbas. M\u016bsu pieredz\u0113ju\u0161o profesion\u0101\u013cu komanda var pal\u012bdz\u0113t jums izv\u0113l\u0113ties pareizo eti\u0137etes materi\u0101lu, l\u012bmi un drukas iesp\u0113jas j\u016bsu unik\u0101laj\u0101m pras\u012bb\u0101m.<\/p>\n<p data-sourcepos=\"34:1-34:170\"><strong>Sazinieties ar mums \u0161odien<\/strong> lai uzzin\u0101tu vair\u0101k par m\u016bsu elektrisko str\u0101vas vadu sertifik\u0101cijas eti\u0137et\u0113m un to, k\u0101 m\u0113s varam pal\u012bdz\u0113t jums nodro\u0161in\u0101t j\u016bsu elektrisko vadu dro\u0161\u012bbu un atbilst\u012bbu.<\/p>","protected":false},"excerpt":{"rendered":"<p>Elektrisk\u0101s str\u0101vas kabe\u013ci, \u012bpa\u0161i tie, ko izmanto sadz\u012bves elektronik\u0101, ier\u012bc\u0113s un r\u016bpnieciskos lietojumos, bie\u017ei vien ir pak\u013cauti stingriem dro\u0161\u012bbas un veiktsp\u0113jas standartiem. \u0160ie standarti tiek apstiprin\u0101ti ar sertifik\u0101cijas eti\u0137et\u0113m vai atz\u012bm\u0113m uz str\u0101vas kabe\u013ciem.<\/p>","protected":false},"featured_media":1654,"template":"","meta":[],"product_brand":[],"product_cat":[15],"product_tag":[],"class_list":{"0":"post-1690","1":"product","2":"type-product","3":"status-publish","4":"has-post-thumbnail","6":"product_cat-print-label","8":"first","9":"instock","10":"shipping-taxable","11":"product-type-simple"},"_links":{"self":[{"href":"https:\/\/membraneswitchmfg.com\/lv\/wp-json\/wp\/v2\/product\/1690","targetHints":{"allow":["GET"]}}],"collection":[{"href":"https:\/\/membraneswitchmfg.com\/lv\/wp-json\/wp\/v2\/product"}],"about":[{"href":"https:\/\/membraneswitchmfg.com\/lv\/wp-json\/wp\/v2\/types\/product"}],"wp:featuredmedia":[{"embeddable":true,"href":"https:\/\/membraneswitchmfg.com\/lv\/wp-json\/wp\/v2\/media\/1654"}],"wp:attachment":[{"href":"https:\/\/membraneswitchmfg.com\/lv\/wp-json\/wp\/v2\/media?parent=1690"}],"wp:term":[{"taxonomy":"product_brand","embeddable":true,"href":"https:\/\/membraneswitchmfg.com\/lv\/wp-json\/wp\/v2\/product_brand?post=1690"},{"taxonomy":"product_cat","embeddable":true,"href":"https:\/\/membraneswitchmfg.com\/lv\/wp-json\/wp\/v2\/product_cat?post=1690"},{"taxonomy":"product_tag","embeddable":true,"href":"https:\/\/membraneswitchmfg.com\/lv\/wp-json\/wp\/v2\/product_tag?post=1690"}],"curies":[{"name":"wp","href":"https:\/\/api.w.org\/{rel}","templated":true}]}}