{"id":1691,"date":"2024-06-22T14:56:03","date_gmt":"2024-06-22T14:56:03","guid":{"rendered":"https:\/\/membraneswitchmfg.com\/manufacturer\/anti-counterfeiting-anti-theft-label\/"},"modified":"2024-06-26T00:51:33","modified_gmt":"2024-06-26T00:51:33","slug":"anti-counterfeiting-anti-theft-label","status":"publish","type":"product","link":"https:\/\/membraneswitchmfg.com\/lv\/manufacturer\/anti-counterfeiting-anti-theft-label\/","title":{"rendered":"Pretvilto\u0161anas pret vilto\u0161anu un z\u0101dz\u012bbu eti\u0137ete"},"content":{"rendered":"<h2 class=\"\" data-sourcepos=\"1:1-1:76\">Pretvilto\u0161anas un pretzag\u0161anas eti\u0137etes: Aizsarg\u0101jiet savus produktus un z\u012bmolu<\/h2>\n<p data-sourcepos=\"3:1-3:90\">Aizsarg\u0101jiet savus produktus un z\u012bmola reput\u0101ciju ar m\u016bsu inovat\u012bvaj\u0101m pretvilto\u0161anas eti\u0137et\u0113m pret z\u0101dz\u012bb\u0101m. \u0160\u012bs modern\u0101s eti\u0137etes ir izstr\u0101d\u0101tas t\u0101, lai nov\u0113rstu vilto\u0161anu, nepie\u013cautu z\u0101dz\u012bbas un nodro\u0161in\u0101tu j\u016bsu produktu autentiskumu, nodro\u0161inot mieru gan jums, gan j\u016bsu klientiem.<\/p>\n<p data-sourcepos=\"5:1-5:31\"><strong>Nep\u0101rsp\u0113jamas dro\u0161\u012bbas funkcijas<\/strong><\/p>\n<p data-sourcepos=\"7:1-7:110\">M\u016bsu pretvilto\u0161anas eti\u0137et\u0113s, kas aizsarg\u0101tas pret z\u0101dz\u012bb\u0101m, ir iek\u013cauti da\u017e\u0101di sare\u017e\u0123\u012bti dro\u0161\u012bbas elementi, tostarp:<\/p>\n<ul data-sourcepos=\"9:1-11:15\">\n<li data-sourcepos=\"9:1-9:85\"><strong>Unik\u0101li pret viltojumiem aizsarg\u0101ti dizaini<\/strong> kas p\u0113c no\u0146em\u0161anas tiek salauzti vai atkl\u0101j sl\u0113ptus zi\u0146ojumus.<\/li>\n<li data-sourcepos=\"10:1-10:66\"><strong>Ieb\u016bv\u0113ts mikroteksts<\/strong> kas ir redzams tikai palielin\u0101jum\u0101<\/li>\n<li data-sourcepos=\"11:1-11:15\"><strong>Hologr\u0101fiskie att\u0113li<\/strong> ko nevar atk\u0101rtot.<\/li>\n<li data-sourcepos=\"12:1-13:0\"><strong>Specializ\u0113t\u0101s tintes<\/strong> kas rea\u0123\u0113 uz \u012bpa\u0161\u0101m \u0137\u012bmisk\u0101m viel\u0101m vai \u0161\u0137\u012bdin\u0101t\u0101jiem.<\/li>\n<\/ul>\n<p data-sourcepos=\"14:1-14:152\">\u0160\u012bs funkcijas padara praktiski neiesp\u0113jamu j\u016bsu eti\u0137e\u0161u atdarin\u0101\u0161anu, aizsarg\u0101jot j\u016bsu produktus un z\u012bmolu no nesankcion\u0113tas atdarin\u0101\u0161anas.<\/p>\n<p data-sourcepos=\"16:1-16:49\"><strong>Daudzpus\u012bgi lietojumi produktu aizsardz\u012bbai<\/strong><\/p>\n<p data-sourcepos=\"18:1-18:99\">M\u016bsu pretvilto\u0161anas eti\u0137etes ir piem\u0113rotas da\u017e\u0101diem lietojumiem, tostarp:<\/p>\n<ul data-sourcepos=\"20:1-23:1\">\n<li data-sourcepos=\"20:1-20:45\"><strong>Farmaceitiskie un vesel\u012bbas apr\u016bpes produkti<\/strong><\/li>\n<li data-sourcepos=\"21:1-21:36\"><strong>Elektronika un pat\u0113ri\u0146a preces<\/strong><\/li>\n<li data-sourcepos=\"22:1-22:32\"><strong>Luksusa preces un kosm\u0113tika<\/strong><\/li>\n<li data-sourcepos=\"23:1-23:1\"><strong>R\u016bpniec\u012bbas komponenti un iek\u0101rtas<\/strong><\/li>\n<li data-sourcepos=\"24:1-25:0\"><strong>Programmat\u016bra un digit\u0101lie produkti<\/strong><\/li>\n<\/ul>\n<p data-sourcepos=\"26:1-26:166\">Uzliekot m\u016bsu eti\u0137etes uz saviem produktiem, j\u016bs varat nov\u0113rst vilto\u0161anu, nepie\u013caut z\u0101dz\u012bbas un nodro\u0161in\u0101t, ka j\u016bsu klienti sa\u0146em \u012bstus produktus no autoriz\u0113tiem avotiem.<\/p>\n<p data-sourcepos=\"28:1-28:89\"><strong>Sadarbojieties ar \u0136\u012bnas eti\u0137e\u0161u sv\u012btrkodu printeru pieg\u0101d\u0101t\u0101jiem, kas nodro\u0161ina izcilu kvalit\u0101ti un kompetenci<\/strong><\/p>\n<p data-sourcepos=\"30:1-30:362\">\u0136\u012bna Label Barcode Printer Pieg\u0101d\u0101t\u0101ji, m\u0113s esam ap\u0146\u0113mu\u0161ies nodro\u0161in\u0101t m\u016bsu klientiem augst\u0101k\u0101s kvalit\u0101tes pretvilto\u0161anas pret z\u0101dz\u012bbu eti\u0137etes un zin\u0101\u0161anas, lai apmierin\u0101tu vi\u0146u \u012bpa\u0161\u0101s lietojuma vajadz\u012bbas. M\u016bsu pieredz\u0113ju\u0161o profesion\u0101\u013cu komanda var pal\u012bdz\u0113t jums izv\u0113l\u0113ties pareizo eti\u0137e\u0161u materi\u0101lu, dro\u0161\u012bbas elementus un druk\u0101\u0161anas iesp\u0113jas atbilsto\u0161i j\u016bsu unik\u0101laj\u0101m pras\u012bb\u0101m.<\/p>\n<p data-sourcepos=\"32:1-32:169\"><strong>Sazinieties ar mums \u0161odien<\/strong> lai uzzin\u0101tu vair\u0101k par m\u016bsu pretvilto\u0161anas un pretzag\u0161anas eti\u0137et\u0113m un par to, k\u0101 m\u0113s varam jums pal\u012bdz\u0113t aizsarg\u0101t j\u016bsu produktus un z\u012bmolu no vilto\u0161anas un z\u0101dz\u012bb\u0101m.<\/p>\n<p data-sourcepos=\"34:1-34:80\"><strong>Papildu atsl\u0113gv\u0101rdi:<\/strong> printeru eti\u0137etes, pretvilto\u0161anas eti\u0137e\u0161u druk\u0101\u0161anas uz\u0146\u0113mums<\/p>","protected":false},"excerpt":{"rendered":"<p>Pretvilto\u0161anas un pretzag\u0161anas eti\u0137etes ir specializ\u0113tas dro\u0161\u012bbas birkas un mar\u0137\u0113jumi, kas paredz\u0113ti produktu un akt\u012bvu aizsardz\u012bbai pret neat\u013cautu pavairo\u0161anu, z\u0101dz\u012bbu un vilto\u0161anu. \u0160aj\u0101s eti\u0137et\u0113s ir iek\u013cautas modernas tehnolo\u0123ijas, lai p\u0101rbaud\u012btu autentiskumu, nov\u0113rstu vilto\u0161anu un nepie\u013cautu z\u0101dz\u012bbas, nodro\u0161inot pre\u010du integrit\u0101ti un dro\u0161\u012bbu da\u017e\u0101d\u0101s nozar\u0113s.<\/p>","protected":false},"featured_media":1652,"template":"","meta":[],"product_brand":[],"product_cat":[15],"product_tag":[],"class_list":{"0":"post-1691","1":"product","2":"type-product","3":"status-publish","4":"has-post-thumbnail","6":"product_cat-print-label","8":"first","9":"instock","10":"shipping-taxable","11":"product-type-simple"},"_links":{"self":[{"href":"https:\/\/membraneswitchmfg.com\/lv\/wp-json\/wp\/v2\/product\/1691","targetHints":{"allow":["GET"]}}],"collection":[{"href":"https:\/\/membraneswitchmfg.com\/lv\/wp-json\/wp\/v2\/product"}],"about":[{"href":"https:\/\/membraneswitchmfg.com\/lv\/wp-json\/wp\/v2\/types\/product"}],"wp:featuredmedia":[{"embeddable":true,"href":"https:\/\/membraneswitchmfg.com\/lv\/wp-json\/wp\/v2\/media\/1652"}],"wp:attachment":[{"href":"https:\/\/membraneswitchmfg.com\/lv\/wp-json\/wp\/v2\/media?parent=1691"}],"wp:term":[{"taxonomy":"product_brand","embeddable":true,"href":"https:\/\/membraneswitchmfg.com\/lv\/wp-json\/wp\/v2\/product_brand?post=1691"},{"taxonomy":"product_cat","embeddable":true,"href":"https:\/\/membraneswitchmfg.com\/lv\/wp-json\/wp\/v2\/product_cat?post=1691"},{"taxonomy":"product_tag","embeddable":true,"href":"https:\/\/membraneswitchmfg.com\/lv\/wp-json\/wp\/v2\/product_tag?post=1691"}],"curies":[{"name":"wp","href":"https:\/\/api.w.org\/{rel}","templated":true}]}}