{"id":1693,"date":"2024-06-22T14:56:03","date_gmt":"2024-06-22T14:56:03","guid":{"rendered":"https:\/\/membraneswitchmfg.com\/manufacturer\/removable-non-residual-electrostatic-film-label\/"},"modified":"2024-06-25T14:49:18","modified_gmt":"2024-06-25T14:49:18","slug":"removable-non-residual-electrostatic-film-label","status":"publish","type":"product","link":"https:\/\/membraneswitchmfg.com\/lv\/manufacturer\/removable-non-residual-electrostatic-film-label\/","title":{"rendered":"No\u0146emama vienreiz\u0113ja elektrostatisk\u0101 pl\u0113ves eti\u0137ete"},"content":{"rendered":"<h2 class=\"\" data-sourcepos=\"3:1-3:94\">No\u0146emamas elektrostatisk\u0101s pl\u0113ves eti\u0137etes bez atlikumiem: daudzpus\u012bgi un atk\u0101rtoti lietojami mar\u0137\u0113\u0161anas risin\u0101jumi<\/h2>\n<p data-sourcepos=\"5:1-5:318\">Izbaudiet atk\u0101rtoti lietojamas mar\u0137\u0113\u0161anas \u0113rt\u012bbas ar m\u016bsu no\u0146emam\u0101m elektrostatisk\u0101s pl\u0113ves eti\u0137et\u0113m bez atlikumiem. \u0160\u012bs daudzpus\u012bg\u0101s eti\u0137etes pied\u0101v\u0101 \u0113rtu risin\u0101jumu pagaidu nor\u0101d\u0113m, produktu identifik\u0101cijai un rekl\u0101mas zi\u0146ojumiem, dro\u0161i piel\u012bpot pie da\u017e\u0101d\u0101m virsm\u0101m, neatst\u0101jot lip\u012bgus atlikumus.<\/p>\n<p data-sourcepos=\"7:1-7:52\"><strong>Nep\u0101rsp\u0113jama daudzpus\u012bba pagaidu lietojumiem<\/strong><\/p>\n<p data-sourcepos=\"9:1-9:162\">M\u016bsu no\u0146emam\u0101s elektrostatisk\u0101s pl\u0113ves eti\u0137etes bez atlikumiem ir ide\u0101li piem\u0113rotas lietojumiem, kur eti\u0137etes ir bie\u017ei j\u0101no\u0146em un j\u0101p\u0101rvieto. T\u0101s ir lieliski piem\u0113rotas:<\/p>\n<ul data-sourcepos=\"11:1-16:0\">\n<li data-sourcepos=\"11:1-11:36\"><strong>Mazumtirdzniec\u012bbas un rekl\u0101mas nor\u0101d\u0113m<\/strong><\/li>\n<li data-sourcepos=\"12:1-12:38\"><strong>Noliktavas un invent\u0101ra mar\u0137\u0113\u0161anai<\/strong><\/li>\n<li data-sourcepos=\"13:1-13:40\"><strong>Pagaidu biroja un pas\u0101kumu nor\u0101d\u0113m<\/strong><\/li>\n<li data-sourcepos=\"14:1-14:41\"><strong>Produktu mar\u0137\u0113\u0161anai un identifik\u0101cijai<\/strong><\/li>\n<li data-sourcepos=\"15:1-16:0\"><strong>Izgl\u012btojo\u0161\u0101m un instrukt\u012bv\u0101m nor\u0101d\u0113m<\/strong><\/li>\n<\/ul>\n<p data-sourcepos=\"17:1-17:29\"><strong>Atk\u0101rtoti lietojamas un bez atlikumiem<\/strong><\/p>\n<p data-sourcepos=\"19:1-19:284\">Izgatavotas no augstas kvalit\u0101tes elektrostatisk\u0101s pl\u0113ves, \u0161\u012bs eti\u0137etes dro\u0161i piel\u012bp pie glud\u0101m virsm\u0101m, neizmantojot l\u012bmvielas. T\u0101s var viegli no\u0146emt un p\u0101rvietot, neatst\u0101jot lip\u012bgus atlikumus, padarot t\u0101s par ilgtsp\u0113j\u012bgu un videi draudz\u012bgu mar\u0137\u0113\u0161anas izv\u0113li.<\/p>\n<p data-sourcepos=\"21:1-21:2\"><strong>Savietojamas ar pla\u0161u printeru kl\u0101stu<\/strong><\/p>\n<p data-sourcepos=\"23:1-23:243\">M\u016bsu no\u0146emam\u0101s elektrostatisk\u0101s pl\u0113ves eti\u0137etes bez atlikumiem ir savietojamas ar pla\u0161u tintes un l\u0101zerprinteru kl\u0101stu, \u013caujot jums izveidot piel\u0101gotas eti\u0137etes uz vietas. T\u0101s ir pieejamas da\u017e\u0101dos izm\u0113ros un form\u0101s, lai atbilstu j\u016bsu \u012bpa\u0161aj\u0101m vajadz\u012bb\u0101m.<\/p>\n<p data-sourcepos=\"25:1-25:89\"><strong>Sadarbojieties ar \u0136\u012bnas eti\u0137e\u0161u sv\u012btrkodu printeru pieg\u0101d\u0101t\u0101jiem, kas nodro\u0161ina izcilu kvalit\u0101ti un kompetenci<\/strong><\/p>\n<p data-sourcepos=\"27:1-27:360\">M\u0113s, China Label Barcode Printer Suppliers, esam ap\u0146\u0113mu\u0161ies nodro\u0161in\u0101t saviem klientiem visaugst\u0101k\u0101s kvalit\u0101tes no\u0146emamas elektrostatisk\u0101s pl\u0113ves eti\u0137etes bez atlikumiem un zin\u0101\u0161anas, lai apmierin\u0101tu vi\u0146u \u012bpa\u0161\u0101s lietojumu vajadz\u012bbas. M\u016bsu pieredz\u0113ju\u0161o profesion\u0101\u013cu komanda var pal\u012bdz\u0113t jums izv\u0113l\u0113ties pareizo eti\u0137etes materi\u0101lu, izm\u0113ru un druk\u0101\u0161anas iesp\u0113jas j\u016bsu unik\u0101laj\u0101m pras\u012bb\u0101m.<\/p>\n<p data-sourcepos=\"29:1-29:170\"><strong>Sazinieties ar mums \u0161odien<\/strong> lai uzzin\u0101tu vair\u0101k par m\u016bsu no\u0146emam\u0101m elektrostatisk\u0101s pl\u0113ves eti\u0137et\u0113m bez atlikumiem un to, k\u0101 m\u0113s varam pal\u012bdz\u0113t jums racionaliz\u0113t mar\u0137\u0113\u0161anas procesus un samazin\u0101t atkritumu daudzumu.<\/p>","protected":false},"excerpt":{"rendered":"<p>No\u0146emamas elektrostatisk\u0101s pl\u0113ves eti\u0137etes bez atlikumiem ir eti\u0137e\u0161u veids, kas piel\u012bp pie virsm\u0101m, izmantojot statisko elektr\u012bbu, nevis l\u012bmi. \u0160\u012b unik\u0101l\u0101 iez\u012bme \u013cauj t\u0101s viegli uzkl\u0101t un no\u0146emt, neatst\u0101jot lip\u012bgus atlikumus vai boj\u0101jumus.<\/p>","protected":false},"featured_media":1658,"template":"","meta":[],"product_brand":[],"product_cat":[15],"product_tag":[],"class_list":{"0":"post-1693","1":"product","2":"type-product","3":"status-publish","4":"has-post-thumbnail","6":"product_cat-print-label","8":"first","9":"instock","10":"shipping-taxable","11":"product-type-simple"},"_links":{"self":[{"href":"https:\/\/membraneswitchmfg.com\/lv\/wp-json\/wp\/v2\/product\/1693","targetHints":{"allow":["GET"]}}],"collection":[{"href":"https:\/\/membraneswitchmfg.com\/lv\/wp-json\/wp\/v2\/product"}],"about":[{"href":"https:\/\/membraneswitchmfg.com\/lv\/wp-json\/wp\/v2\/types\/product"}],"wp:featuredmedia":[{"embeddable":true,"href":"https:\/\/membraneswitchmfg.com\/lv\/wp-json\/wp\/v2\/media\/1658"}],"wp:attachment":[{"href":"https:\/\/membraneswitchmfg.com\/lv\/wp-json\/wp\/v2\/media?parent=1693"}],"wp:term":[{"taxonomy":"product_brand","embeddable":true,"href":"https:\/\/membraneswitchmfg.com\/lv\/wp-json\/wp\/v2\/product_brand?post=1693"},{"taxonomy":"product_cat","embeddable":true,"href":"https:\/\/membraneswitchmfg.com\/lv\/wp-json\/wp\/v2\/product_cat?post=1693"},{"taxonomy":"product_tag","embeddable":true,"href":"https:\/\/membraneswitchmfg.com\/lv\/wp-json\/wp\/v2\/product_tag?post=1693"}],"curies":[{"name":"wp","href":"https:\/\/api.w.org\/{rel}","templated":true}]}}