{"id":1694,"date":"2024-06-22T14:56:04","date_gmt":"2024-06-22T14:56:04","guid":{"rendered":"https:\/\/membraneswitchmfg.com\/manufacturer\/listing-card-product-manual\/"},"modified":"2024-06-25T14:40:27","modified_gmt":"2024-06-25T14:40:27","slug":"listing-card-product-manual","status":"publish","type":"product","link":"https:\/\/membraneswitchmfg.com\/lv\/manufacturer\/listing-card-product-manual\/","title":{"rendered":"Re\u0123istr\u0101cijas karte un produkta rokasgr\u0101mata"},"content":{"rendered":"<h2 class=\"\" data-sourcepos=\"1:1-1:87\">Sarakstu kart\u012btes un produktu rokasgr\u0101matas: produktu prezent\u0101cijas un z\u012bmola identit\u0101tes uzlabo\u0161ana<\/h2>\n<p data-sourcepos=\"3:1-3:108\">Uzlabojiet savu produktu prezent\u0101ciju un z\u012bmola identit\u0101ti ar m\u016bsu augstas kvalit\u0101tes sarakstu kart\u012bt\u0113m un produktu rokasgr\u0101mat\u0101m. \u0160ie b\u016btiskie r\u012bki sniedz v\u0113rt\u012bgu inform\u0101ciju klientiem, uzlabojot vi\u0146u iepirk\u0161an\u0101s pieredzi un veicinot z\u012bmola lojalit\u0101ti.<\/p>\n<p data-sourcepos=\"5:1-5:56\"><strong>Sarakstu kart\u012btes: skaidra un kodol\u012bga inform\u0101cija par produktu<\/strong><\/p>\n<p data-sourcepos=\"7:1-7:21\">Sarakstu kart\u012btes pied\u0101v\u0101 kodol\u012bgu un informat\u012bvu p\u0101rskatu par j\u016bsu produktiem, sniedzot b\u016btisku inform\u0101ciju \u012bsum\u0101. T\u0101s ir ide\u0101li piem\u0113rotas:<\/p>\n<ul data-sourcepos=\"9:1-12:0\">\n<li data-sourcepos=\"9:1-9:64\"><strong>Produktu nosaukumu, aprakstu un specifik\u0101ciju att\u0113lo\u0161anai<\/strong><\/li>\n<li data-sourcepos=\"10:1-10:44\"><strong>Galveno funkciju un priek\u0161roc\u012bbu izcel\u0161anai<\/strong><\/li>\n<li data-sourcepos=\"11:1-12:0\"><strong>Produktu att\u0113lu un z\u012bmola demonstr\u0113\u0161anai<\/strong><\/li>\n<\/ul>\n<p data-sourcepos=\"13:1-13:48\"><strong>Produktu rokasgr\u0101matas: visaptvero\u0161a lietot\u0101ja rokasgr\u0101mata<\/strong><\/p>\n<p data-sourcepos=\"15:1-15:23\">Produktu rokasgr\u0101matas sniedz visaptvero\u0161us nor\u0101d\u012bjumus un vadl\u012bnijas par j\u016bsu produktiem, nodro\u0161inot klientu apmierin\u0101t\u012bbu un samazinot atbalsta izmaksas. T\u0101s ietver:<\/p>\n<ul data-sourcepos=\"17:1-21:0\">\n<li data-sourcepos=\"17:1-17:50\"><strong>Detaliz\u0113tas uzst\u0101d\u012b\u0161anas un iestat\u012b\u0161anas instrukcijas<\/strong><\/li>\n<li data-sourcepos=\"18:1-18:39\"><strong>Soli pa solim darb\u012bbas proced\u016bras<\/strong><\/li>\n<li data-sourcepos=\"19:1-19:35\"><strong>Probl\u0113mu nov\u0113r\u0161anas padomi un bie\u017ei uzdotie jaut\u0101jumi<\/strong><\/li>\n<li data-sourcepos=\"20:1-21:0\"><strong>Dro\u0161\u012bbas br\u012bdin\u0101jumi un piesardz\u012bbas pas\u0101kumi<\/strong><\/li>\n<\/ul>\n<p data-sourcepos=\"22:1-22:89\"><strong>Sadarbojieties ar \u0136\u012bnas eti\u0137e\u0161u sv\u012btrkodu printeru pieg\u0101d\u0101t\u0101jiem, kas nodro\u0161ina izcilu kvalit\u0101ti un kompetenci<\/strong><\/p>\n<p data-sourcepos=\"24:1-24:316\">M\u0113s, China Label Barcode Printer Suppliers, esam ap\u0146\u0113mu\u0161ies nodro\u0161in\u0101t saviem klientiem visaugst\u0101k\u0101s kvalit\u0101tes sarakstu kart\u012btes un produktu rokasgr\u0101matas. M\u016bsu pieredz\u0113ju\u0161o profesion\u0101\u013cu komanda var pal\u012bdz\u0113t jums izstr\u0101d\u0101t un izveidot piel\u0101gotus materi\u0101lus, kas atbilst j\u016bsu z\u012bmola identit\u0101tei un efekt\u012bvi nodod inform\u0101ciju par produktu.<\/p>\n<p data-sourcepos=\"26:1-26:62\"><strong>Sazinieties ar mums \u0161odien<\/strong> lai uzzin\u0101tu vair\u0101k par m\u016bsu sarakstu kart\u012bt\u0113m un produktu rokasgr\u0101mat\u0101m un par to, k\u0101 m\u0113s varam pal\u012bdz\u0113t jums uzlabot j\u016bsu produktu prezent\u0101ciju, uzlabot klientu pieredzi un stiprin\u0101t j\u016bsu z\u012bmolu.<\/p>\n<p data-sourcepos=\"28:1-28:150\"><strong>Papildu atsl\u0113gv\u0101rdi:<\/strong> sd kar\u0161u printeru eti\u0137etes, id kar\u0161u eti\u0137e\u0161u printeris, eti\u0137e\u0161u kar\u0161u printeris, druk\u0101t eti\u0137etes Ziemassv\u0113tku kart\u012bt\u0113m, apdruk\u0101tas kartona eti\u0137etes<\/p>","protected":false},"excerpt":{"rendered":"<p>Produkta karte vai lieto\u0161anas instrukcija ir dokuments, kas sniedz detaliz\u0113tu inform\u0101ciju par produktu vai pakalpojumu. To parasti izmanto uz\u0146\u0113mumi, lai inform\u0113tu klientus par savu produktu funkcij\u0101m, priek\u0161roc\u012bb\u0101m un specifik\u0101cij\u0101m.<\/p>","protected":false},"featured_media":1657,"template":"","meta":[],"product_brand":[],"product_cat":[15],"product_tag":[],"class_list":{"0":"post-1694","1":"product","2":"type-product","3":"status-publish","4":"has-post-thumbnail","6":"product_cat-print-label","8":"first","9":"instock","10":"shipping-taxable","11":"product-type-simple"},"_links":{"self":[{"href":"https:\/\/membraneswitchmfg.com\/lv\/wp-json\/wp\/v2\/product\/1694","targetHints":{"allow":["GET"]}}],"collection":[{"href":"https:\/\/membraneswitchmfg.com\/lv\/wp-json\/wp\/v2\/product"}],"about":[{"href":"https:\/\/membraneswitchmfg.com\/lv\/wp-json\/wp\/v2\/types\/product"}],"wp:featuredmedia":[{"embeddable":true,"href":"https:\/\/membraneswitchmfg.com\/lv\/wp-json\/wp\/v2\/media\/1657"}],"wp:attachment":[{"href":"https:\/\/membraneswitchmfg.com\/lv\/wp-json\/wp\/v2\/media?parent=1694"}],"wp:term":[{"taxonomy":"product_brand","embeddable":true,"href":"https:\/\/membraneswitchmfg.com\/lv\/wp-json\/wp\/v2\/product_brand?post=1694"},{"taxonomy":"product_cat","embeddable":true,"href":"https:\/\/membraneswitchmfg.com\/lv\/wp-json\/wp\/v2\/product_cat?post=1694"},{"taxonomy":"product_tag","embeddable":true,"href":"https:\/\/membraneswitchmfg.com\/lv\/wp-json\/wp\/v2\/product_tag?post=1694"}],"curies":[{"name":"wp","href":"https:\/\/api.w.org\/{rel}","templated":true}]}}