{"id":1773,"date":"2024-06-24T05:57:57","date_gmt":"2024-06-24T05:57:57","guid":{"rendered":"https:\/\/membraneswitchmfg.com\/manufacturer\/silver-flex-membrane-switch\/"},"modified":"2024-06-25T13:26:16","modified_gmt":"2024-06-25T13:26:16","slug":"silver-flex-membrane-switch","status":"publish","type":"product","link":"https:\/\/membraneswitchmfg.com\/lv\/manufacturer\/silver-flex-membrane-switch\/","title":{"rendered":"Sudraba Flex membr\u0101nas sl\u0113dzis"},"content":{"rendered":"<h2><strong><b>Sudraba Flex membr\u0101nas sl\u0113d\u017ei: uzticami un rentabli risin\u0101jumi<\/b><\/strong><\/h2>\n<p><strong>Nep\u0101rsp\u0113jama daudzpus\u012bba un veiktsp\u0113ja<\/strong><\/p>\n<p>Sudraba Flex membr\u0101nas sl\u0113d\u017ei ir paz\u012bstami ar savu:<\/p>\n<ul>\n<li><strong>Pl\u0101ns un elast\u012bgs dizains \u0113rtai integr\u0101cijai<\/strong><\/li>\n<li><strong>Taustes atgriezenisk\u0101 saite uzlabotai lietot\u0101ja pieredzei<\/strong><\/li>\n<li><strong>Ilgs kalpo\u0161anas laiks ar miljoniem aktiviz\u0101ciju<\/strong><\/li>\n<li><strong>Iztur\u012bba pret mitrumu, putek\u013ciem un skarbiem apst\u0101k\u013ciem<\/strong><\/li>\n<\/ul>\n<p><strong>Cost-Effective Solutions for Your Needs<\/strong><\/p>\n<p>Sudraba Flex membr\u0101nas sl\u0113d\u017ei pied\u0101v\u0101 rentablu risin\u0101jumu, nezaud\u0113jot kvalit\u0101ti. Tie ir ide\u0101li piem\u0113roti lietojumiem, kur:<\/p>\n<ul>\n<li><strong>Budget is a primary concern<\/strong><\/li>\n<li><strong>Large quantities are required<\/strong><\/li>\n<li><strong>Space constraints are a factor<\/strong><\/li>\n<\/ul>\n<p><strong>Pieteikumi<\/strong><\/p>\n<p>Sudraba Flex membr\u0101nas sl\u0113d\u017ei tiek pla\u0161i izmantoti da\u017e\u0101d\u0101s nozar\u0113s, tostarp:<\/p>\n<ul>\n<li><strong>Pat\u0113ri\u0146a elektronika<\/strong><\/li>\n<li><strong>Medic\u012bnisk\u0101s ier\u012bces<\/strong><\/li>\n<li><strong>R\u016bpnieciskie vad\u012bbas pane\u013ci<\/strong><\/li>\n<li><strong>Ier\u012bces<\/strong><\/li>\n<li><strong>Un daudz ko citu<\/strong><\/li>\n<\/ul>\n<p><strong>Piel\u0101gojamas opcijas<\/strong><\/p>\n<p>M\u0113s pied\u0101v\u0101jam pla\u0161u piel\u0101go\u0161anas iesp\u0113ju kl\u0101stu, lai apmierin\u0101tu j\u016bsu \u012bpa\u0161\u0101s vajadz\u012bbas, tostarp:<\/p>\n<ul>\n<li><strong>Da\u017e\u0101di sl\u0113d\u017eu izm\u0113ri un konfigur\u0101cijas<\/strong><\/li>\n<li><strong>Piel\u0101gota grafika un aizmugur\u0113jais izgaismojums<\/strong><\/li>\n<li><strong>Taktil\u0101s atgriezenisk\u0101s saites opcijas<\/strong><\/li>\n<li><strong>Vides bl\u012bv\u0113\u0161ana un aizsardz\u012bba<\/strong><\/li>\n<\/ul>\n<p><strong>Sadarbojieties ar uzticamu \u016bdensnecaurlaid\u012bgu membr\u0101nas sl\u0113d\u017eu pieg\u0101d\u0101t\u0101ju<\/strong><\/p>\n<p>Ar gadu pieredzi un ap\u0146em\u0161anos nodro\u0161in\u0101t kvalit\u0101ti, m\u0113s esam j\u016bsu uzticamais Sudraba Flex membr\u0101nas sl\u0113d\u017eu pieg\u0101d\u0101t\u0101js. M\u016bsu ekspertu komanda var pal\u012bdz\u0113t jums izstr\u0101d\u0101t un ra\u017eot ide\u0101lus sl\u0113d\u017eus j\u016bsu lietojumam.<\/p>\n<p><strong>Sazinieties ar mums \u0161odien<\/strong>\u00a0lai uzzin\u0101tu vair\u0101k par m\u016bsu Sudraba Flex membr\u0101nas sl\u0113d\u017eiem un to, k\u0101 m\u0113s varam pal\u012bdz\u0113t jums sasniegt j\u016bsu produktu m\u0113r\u0137us, vienlaikus iek\u013caujoties bud\u017eet\u0101.<\/p>","protected":false},"excerpt":{"rendered":"<p>Izbaudiet perfektu veiktsp\u0113jas un pieejam\u012bbas l\u012bdzsvaru ar m\u016bsu Silver Flex membr\u0101nas sl\u0113d\u017eiem. \u0160ie daudzpus\u012bgie sl\u0113d\u017ei pied\u0101v\u0101 taust\u0101mu, atsauc\u012bgu saj\u016btu un ilgsto\u0161u iztur\u012bbu, padarot tos par ide\u0101lu izv\u0113li pla\u0161am lietojumu kl\u0101stam.<\/p>","protected":false},"featured_media":1759,"template":"","meta":[],"product_brand":[],"product_cat":[40],"product_tag":[],"class_list":{"0":"post-1773","1":"product","2":"type-product","3":"status-publish","4":"has-post-thumbnail","6":"product_cat-membrane-switch","8":"first","9":"instock","10":"shipping-taxable","11":"product-type-simple"},"_links":{"self":[{"href":"https:\/\/membraneswitchmfg.com\/lv\/wp-json\/wp\/v2\/product\/1773","targetHints":{"allow":["GET"]}}],"collection":[{"href":"https:\/\/membraneswitchmfg.com\/lv\/wp-json\/wp\/v2\/product"}],"about":[{"href":"https:\/\/membraneswitchmfg.com\/lv\/wp-json\/wp\/v2\/types\/product"}],"wp:featuredmedia":[{"embeddable":true,"href":"https:\/\/membraneswitchmfg.com\/lv\/wp-json\/wp\/v2\/media\/1759"}],"wp:attachment":[{"href":"https:\/\/membraneswitchmfg.com\/lv\/wp-json\/wp\/v2\/media?parent=1773"}],"wp:term":[{"taxonomy":"product_brand","embeddable":true,"href":"https:\/\/membraneswitchmfg.com\/lv\/wp-json\/wp\/v2\/product_brand?post=1773"},{"taxonomy":"product_cat","embeddable":true,"href":"https:\/\/membraneswitchmfg.com\/lv\/wp-json\/wp\/v2\/product_cat?post=1773"},{"taxonomy":"product_tag","embeddable":true,"href":"https:\/\/membraneswitchmfg.com\/lv\/wp-json\/wp\/v2\/product_tag?post=1773"}],"curies":[{"name":"wp","href":"https:\/\/api.w.org\/{rel}","templated":true}]}}