{"id":1774,"date":"2024-06-24T05:57:57","date_gmt":"2024-06-24T05:57:57","guid":{"rendered":"https:\/\/membraneswitchmfg.com\/manufacturer\/copper-flex-membrane-switch\/"},"modified":"2024-06-25T13:28:19","modified_gmt":"2024-06-25T13:28:19","slug":"copper-flex-membrane-switch","status":"publish","type":"product","link":"https:\/\/membraneswitchmfg.com\/lv\/manufacturer\/copper-flex-membrane-switch\/","title":{"rendered":"Vara Flex membr\u0101nas sl\u0113dzis"},"content":{"rendered":"<h2><strong><b>Vara Flex membr\u0101nu sl\u0113d\u017ei: Izcila veiktsp\u0113ja pras\u012bg\u0101m lietojumprogramm\u0101m<\/b><\/strong><\/h2>\n<p><strong>Nep\u0101rsp\u0113jama iztur\u012bba un precizit\u0101te<\/strong><\/p>\n<p>Vara Flex membr\u0101nu sl\u0113d\u017ei ir izstr\u0101d\u0101ti, lai nodro\u0161in\u0101tu izcil\u012bbu, un tiem piem\u012bt:<\/p>\n<ul>\n<li><strong>Augstas vad\u012btsp\u0113jas vara sliedes uzlabotai sign\u0101la p\u0101rraidei<\/strong><\/li>\n<li><strong>Prec\u012bzi sh\u0113mas mode\u013ci dro\u0161ai darb\u012bbai<\/strong><\/li>\n<li><strong>Iztur\u012bga konstrukcija, kas nodro\u0161ina iztur\u012bbu pret skarbiem vides apst\u0101k\u013ciem<\/strong><\/li>\n<\/ul>\n<p><strong>Izbaudiet priek\u0161roc\u012bbas<\/strong><\/p>\n<p>Ar vara Flex membr\u0101nu sl\u0113d\u017eiem varat sagaid\u012bt:<\/p>\n<ul>\n<li><strong>Samazin\u0101tas d\u012bkst\u0101ves un apkopes izmaksas<\/strong><\/li>\n<li><strong>Uzlabota produktu veiktsp\u0113ja un uzticam\u012bba<\/strong><\/li>\n<li><strong>Uzlabota lietot\u0101ju apmierin\u0101t\u012bba un z\u012bmola reput\u0101cija<\/strong><\/li>\n<\/ul>\n<p><strong>Pieteikumi<\/strong><\/p>\n<p>Vara Flex membr\u0101nu sl\u0113d\u017ei ir piem\u0113roti da\u017e\u0101diem lietojumiem, tostarp:<\/p>\n<ul>\n<li><strong>R\u016bpniecisk\u0101s vad\u012bbas sist\u0113mas<\/strong><\/li>\n<li><strong>Medic\u012bnisk\u0101s ier\u012bces<\/strong><\/li>\n<li><strong>Milit\u0101r\u0101s un kosmisk\u0101s avi\u0101cijas iek\u0101rtas<\/strong><\/li>\n<li><strong>Skarbas vides lietojumi<\/strong><\/li>\n<li><strong>Un daudz ko citu<\/strong><\/li>\n<\/ul>\n<p><strong>Piel\u0101gojami risin\u0101jumi<\/strong><\/p>\n<p>M\u0113s pied\u0101v\u0101jam pla\u0161u piel\u0101go\u0161anas iesp\u0113ju kl\u0101stu, lai apmierin\u0101tu j\u016bsu \u012bpa\u0161\u0101s vajadz\u012bbas, tostarp:<\/p>\n<ul>\n<li><strong>Da\u017e\u0101di sl\u0113d\u017eu izm\u0113ri un konfigur\u0101cijas<\/strong><\/li>\n<li><strong>Piel\u0101gota grafika un aizmugur\u0113jais izgaismojums<\/strong><\/li>\n<li><strong>Taktil\u0101s atgriezenisk\u0101s saites opcijas<\/strong><\/li>\n<li><strong>Vides bl\u012bv\u0113\u0161ana un aizsardz\u012bba<\/strong><\/li>\n<\/ul>\n<p><strong>Sadarbojieties ar pieredz\u0113ju\u0161u \u016bdensnecaurlaid\u012bgu elast\u012bgu membr\u0101nu sl\u0113d\u017eu pieg\u0101d\u0101t\u0101ju<\/strong><\/p>\n<p>Pateicoties ilggad\u0113jai pieredzei un ap\u0146\u0113m\u012bbai nodro\u0161in\u0101t kvalit\u0101ti, m\u0113s esam j\u016bsu uzticamais vara elast\u012bgo membr\u0101nu sl\u0113d\u017eu avots. M\u016bsu ekspertu komanda var pal\u012bdz\u0113t jums izstr\u0101d\u0101t un izgatavot ide\u0101lus sl\u0113d\u017eus j\u016bsu lietojumam.<\/p>\n<p><strong>Sazinieties ar mums \u0161odien<\/strong>\u00a0lai uzzin\u0101tu vair\u0101k par m\u016bsu vara Flex membr\u0101nu sl\u0113d\u017eiem un par to, k\u0101 m\u0113s varam pal\u012bdz\u0113t jums sasniegt izcilu veiktsp\u0113ju un uzticam\u012bbu j\u016bsu sare\u017e\u0123\u012btajos lietojumos.<\/p>","protected":false},"excerpt":{"rendered":"<p>Uzlabojiet sava produkta veiktsp\u0113ju, izmantojot m\u016bsu jaun\u0101kos vara elast\u012bg\u0101s membr\u0101nas sl\u0113d\u017eus, kas izstr\u0101d\u0101ti, lai iztur\u0113tu sare\u017e\u0123\u012btas vides apst\u0101k\u013cus. \u0160iem izcilajiem sl\u0113d\u017eiem ir izcila iztur\u012bba, precizit\u0101te un ilgsto\u0161a uzticam\u012bba, t\u0101p\u0113c tie ir ide\u0101la izv\u0113le kritiski svar\u012bgiem lietojumiem.<\/p>","protected":false},"featured_media":1747,"template":"","meta":[],"product_brand":[],"product_cat":[40],"product_tag":[],"class_list":{"0":"post-1774","1":"product","2":"type-product","3":"status-publish","4":"has-post-thumbnail","6":"product_cat-membrane-switch","8":"first","9":"instock","10":"shipping-taxable","11":"product-type-simple"},"_links":{"self":[{"href":"https:\/\/membraneswitchmfg.com\/lv\/wp-json\/wp\/v2\/product\/1774","targetHints":{"allow":["GET"]}}],"collection":[{"href":"https:\/\/membraneswitchmfg.com\/lv\/wp-json\/wp\/v2\/product"}],"about":[{"href":"https:\/\/membraneswitchmfg.com\/lv\/wp-json\/wp\/v2\/types\/product"}],"wp:featuredmedia":[{"embeddable":true,"href":"https:\/\/membraneswitchmfg.com\/lv\/wp-json\/wp\/v2\/media\/1747"}],"wp:attachment":[{"href":"https:\/\/membraneswitchmfg.com\/lv\/wp-json\/wp\/v2\/media?parent=1774"}],"wp:term":[{"taxonomy":"product_brand","embeddable":true,"href":"https:\/\/membraneswitchmfg.com\/lv\/wp-json\/wp\/v2\/product_brand?post=1774"},{"taxonomy":"product_cat","embeddable":true,"href":"https:\/\/membraneswitchmfg.com\/lv\/wp-json\/wp\/v2\/product_cat?post=1774"},{"taxonomy":"product_tag","embeddable":true,"href":"https:\/\/membraneswitchmfg.com\/lv\/wp-json\/wp\/v2\/product_tag?post=1774"}],"curies":[{"name":"wp","href":"https:\/\/api.w.org\/{rel}","templated":true}]}}