{"id":1776,"date":"2024-06-24T05:57:57","date_gmt":"2024-06-24T05:57:57","guid":{"rendered":"https:\/\/membraneswitchmfg.com\/manufacturer\/rubber-keypad-membrane-switch\/"},"modified":"2024-06-25T13:32:14","modified_gmt":"2024-06-25T13:32:14","slug":"rubber-keypad-membrane-switch","status":"publish","type":"product","link":"https:\/\/membraneswitchmfg.com\/lv\/manufacturer\/rubber-keypad-membrane-switch\/","title":{"rendered":"Gumijas tastat\u016bras membr\u0101nas sl\u0113dzis"},"content":{"rendered":"<h2><strong><b>Gumijas tastat\u016bras membr\u0101nas sl\u0113dzis: uzlabota iztur\u012bba un taustes atgriezenisk\u0101 saite<\/b><\/strong><\/h2>\n<p><strong>Nep\u0101rsp\u0113jama iztur\u012bba un taustes reakcija<\/strong><\/p>\n<p>Gumijas tastat\u016bras membr\u0101nas sl\u0113d\u017ei ir izstr\u0101d\u0101ti izcil\u012bbai, un tiem ir:<\/p>\n<ul>\n<li><strong>Augstas kvalit\u0101tes silikona gumija izcilai iztur\u012bbai un elast\u012bbai<\/strong><\/li>\n<li><strong>Taustes kupoli apmierino\u0161am un atsauc\u012bgam tausti\u0146a nospiedumam<\/strong><\/li>\n<li><strong>Iztur\u012bba pret mitrumu, putek\u013ciem un skarbiem apst\u0101k\u013ciem<\/strong><\/li>\n<li><strong>Ilgs kalpo\u0161anas laiks ar miljoniem aktiviz\u0101ciju<\/strong><\/li>\n<\/ul>\n<p><strong>Izbaudiet priek\u0161roc\u012bbas<\/strong><\/p>\n<p>Ar gumijas tastat\u016bras membr\u0101nas sl\u0113d\u017eiem j\u016bs varat sagaid\u012bt:<\/p>\n<ul>\n<li><strong>Samazin\u0101tas d\u012bkst\u0101ves un apkopes izmaksas<\/strong><\/li>\n<li><strong>Uzlabota lietot\u0101ju apmierin\u0101t\u012bba un produkta lietojam\u012bba<\/strong><\/li>\n<li><strong>Uzlabota produktu veiktsp\u0113ja un uzticam\u012bba<\/strong><\/li>\n<\/ul>\n<p><strong>Pieteikumi<\/strong><\/p>\n<p>Gumijas tastat\u016bras membr\u0101nas sl\u0113d\u017ei ir labi piem\u0113roti pla\u0161am lietojumu kl\u0101stam, tostarp:<\/p>\n<ul>\n<li><strong>Pat\u0113ri\u0146a elektronika<\/strong><\/li>\n<li><strong>Medic\u012bnisk\u0101s ier\u012bces<\/strong><\/li>\n<li><strong>R\u016bpnieciskie vad\u012bbas pane\u013ci<\/strong><\/li>\n<li><strong>Telekomunik\u0101ciju iek\u0101rtas<\/strong><\/li>\n<li><strong>Un daudz ko citu<\/strong><\/li>\n<\/ul>\n<p><strong>Piel\u0101gojami risin\u0101jumi<\/strong><\/p>\n<p>M\u0113s pied\u0101v\u0101jam pla\u0161u piel\u0101go\u0161anas iesp\u0113ju kl\u0101stu, lai apmierin\u0101tu j\u016bsu \u012bpa\u0161\u0101s vajadz\u012bbas, tostarp:<\/p>\n<ul>\n<li><strong>Da\u017e\u0101di sl\u0113d\u017eu izm\u0113ri un konfigur\u0101cijas<\/strong><\/li>\n<li><strong>Piel\u0101gota grafika un aizmugur\u0113jais izgaismojums<\/strong><\/li>\n<li><strong>Taktil\u0101s atgriezenisk\u0101s saites opcijas<\/strong><\/li>\n<li><strong>Vides bl\u012bv\u0113\u0161ana un aizsardz\u012bba<\/strong><\/li>\n<\/ul>\n<p><strong>Sadarbojieties ar pieredz\u0113ju\u0161u silikona membr\u0101nas sl\u0113d\u017eu pieg\u0101d\u0101t\u0101ju<\/strong><\/p>\n<p>Ar gadiem ilgu pieredzi un ap\u0146em\u0161anos nodro\u0161in\u0101t kvalit\u0101ti, m\u0113s esam j\u016bsu uzticamais gumijas tastat\u016bras membr\u0101nas sl\u0113d\u017eu avots. M\u016bsu ekspertu komanda var pal\u012bdz\u0113t jums izstr\u0101d\u0101t un ra\u017eot ide\u0101lus sl\u0113d\u017eus j\u016bsu lietojumam.<\/p>\n<p><strong>Sazinieties ar mums \u0161odien<\/strong>\u00a0lai uzzin\u0101tu vair\u0101k par m\u016bsu gumijas tastat\u016bras membr\u0101nas sl\u0113d\u017eiem un to, k\u0101 m\u0113s varam pal\u012bdz\u0113t jums sasniegt izcilu veiktsp\u0113ju, iztur\u012bbu un lietot\u0101ju apmierin\u0101t\u012bbu j\u016bsu produktos.<\/p>","protected":false},"excerpt":{"rendered":"<p>Izbaudiet perfektu iztur\u012bbas un taktil\u0101s atgriezenisk\u0101s saites kombin\u0101ciju ar m\u016bsu gumijas tastat\u016bras membr\u0101nas sl\u0113d\u017eiem. \u0160ie daudzpus\u012bgie sl\u0113d\u017ei nodro\u0161ina \u0113rtu lieto\u0161anas pieredzi, ilgsto\u0161u darb\u012bbu un rentablus risin\u0101jumus visda\u017e\u0101d\u0101kajiem lietojumiem.<\/p>","protected":false},"featured_media":1758,"template":"","meta":[],"product_brand":[],"product_cat":[40],"product_tag":[],"class_list":{"0":"post-1776","1":"product","2":"type-product","3":"status-publish","4":"has-post-thumbnail","6":"product_cat-membrane-switch","8":"first","9":"instock","10":"shipping-taxable","11":"product-type-simple"},"_links":{"self":[{"href":"https:\/\/membraneswitchmfg.com\/lv\/wp-json\/wp\/v2\/product\/1776","targetHints":{"allow":["GET"]}}],"collection":[{"href":"https:\/\/membraneswitchmfg.com\/lv\/wp-json\/wp\/v2\/product"}],"about":[{"href":"https:\/\/membraneswitchmfg.com\/lv\/wp-json\/wp\/v2\/types\/product"}],"wp:featuredmedia":[{"embeddable":true,"href":"https:\/\/membraneswitchmfg.com\/lv\/wp-json\/wp\/v2\/media\/1758"}],"wp:attachment":[{"href":"https:\/\/membraneswitchmfg.com\/lv\/wp-json\/wp\/v2\/media?parent=1776"}],"wp:term":[{"taxonomy":"product_brand","embeddable":true,"href":"https:\/\/membraneswitchmfg.com\/lv\/wp-json\/wp\/v2\/product_brand?post=1776"},{"taxonomy":"product_cat","embeddable":true,"href":"https:\/\/membraneswitchmfg.com\/lv\/wp-json\/wp\/v2\/product_cat?post=1776"},{"taxonomy":"product_tag","embeddable":true,"href":"https:\/\/membraneswitchmfg.com\/lv\/wp-json\/wp\/v2\/product_tag?post=1776"}],"curies":[{"name":"wp","href":"https:\/\/api.w.org\/{rel}","templated":true}]}}