{"id":1777,"date":"2024-06-24T05:57:57","date_gmt":"2024-06-24T05:57:57","guid":{"rendered":"https:\/\/membraneswitchmfg.com\/manufacturer\/graphic-overlay\/"},"modified":"2024-07-25T08:41:13","modified_gmt":"2024-07-25T08:41:13","slug":"graphic-overlay","status":"publish","type":"product","link":"https:\/\/membraneswitchmfg.com\/lv\/manufacturer\/graphic-overlay\/","title":{"rendered":"Grafiskais p\u0101rkl\u0101jums"},"content":{"rendered":"<h2><strong><b>Grafiskas p\u0101rkl\u0101jumi: lietot\u0101ja pieredzes un z\u012bmola identit\u0101tes uzlabo\u0161ana<\/b><\/strong><\/h2>\n<p><strong>Lietot\u0101ja pieredzes uzlabo\u0161ana<\/strong><\/p>\n<p>Grafiskas p\u0101rkl\u0101jumi sp\u0113l\u0113 b\u016btisku lomu lietot\u0101ja pieredzes uzlabo\u0161an\u0101, jo:<\/p>\n<ul>\n<li><strong>Nodro\u0161ina skaidras instrukcijas un eti\u0137etes<\/strong><\/li>\n<li><strong>Pal\u012bdz lietot\u0101jiem orient\u0113ties darb\u012bb\u0101 un funkcij\u0101s<\/strong><\/li>\n<li><strong>Att\u0113lo br\u012bdin\u0101jumus un dro\u0161\u012bbas inform\u0101ciju<\/strong><\/li>\n<li><strong>Rada intuit\u012bvu un lietot\u0101jam draudz\u012bgu saskarni<\/strong><\/li>\n<\/ul>\n<p><strong>Z\u012bmols un identit\u0101te<\/strong><\/p>\n<p>Grafiskas p\u0101rkl\u0101jumi kalpo k\u0101 sp\u0113c\u012bgi r\u012bki z\u012bmola komunik\u0101cijai, jo:<\/p>\n<ul>\n<li><strong>Att\u0113lo uz\u0146\u0113muma logotipus un z\u012bmola elementus<\/strong><\/li>\n<li><strong>Nostiprina z\u012bmola identit\u0101ti un v\u0113st\u012bjumu<\/strong><\/li>\n<li><strong>Vienota un profesion\u0101la z\u012bmola t\u0113la izveide<\/strong><\/li>\n<\/ul>\n<p><strong>Pieteikumi<\/strong><\/p>\n<p>Grafiskas p\u0101rkl\u0101jumi tiek pla\u0161i izmantoti da\u017e\u0101dos lietojumos, tostarp:<\/p>\n<ul>\n<li><strong>R\u016bpnieciskie vad\u012bbas pane\u013ci<\/strong><\/li>\n<li><strong>Medic\u012bnisk\u0101s ier\u012bces<\/strong><\/li>\n<li><strong>Pat\u0113ri\u0146a elektronika<\/strong><\/li>\n<li><strong>Ier\u012bces<\/strong><\/li>\n<li><strong>Ma\u0161\u012bnas un iek\u0101rtas<\/strong><\/li>\n<\/ul>\n<p><strong>Piel\u0101gojami risin\u0101jumi<\/strong><\/p>\n<p>M\u0113s pied\u0101v\u0101jam pla\u0161u piel\u0101go\u0161anas iesp\u0113ju kl\u0101stu, lai apmierin\u0101tu j\u016bsu \u012bpa\u0161\u0101s vajadz\u012bbas, tostarp:<\/p>\n<ul>\n<li><strong>Da\u017e\u0101di materi\u0101li un apdares<\/strong><\/li>\n<li><strong>Piel\u0101gota grafika un dizains<\/strong><\/li>\n<li><strong>Fona apgaismojuma un apgaismojuma opcijas<\/strong><\/li>\n<li><strong>Reljefs un fakt\u016bras<\/strong><\/li>\n<\/ul>\n<p><strong>Sadarbojieties ar pieredz\u0113ju\u0161u grafisko p\u0101rkl\u0101jumu ra\u017eot\u0101ju<\/strong><\/p>\n<p>Ar gadiem ilgu pieredzi un ap\u0146em\u0161anos nodro\u0161in\u0101t kvalit\u0101ti, m\u0113s esam j\u016bsu uzticamais avots piel\u0101gotiem grafiskiem p\u0101rkl\u0101jumiem. M\u016bsu ekspertu komanda var pal\u012bdz\u0113t jums izstr\u0101d\u0101t un ra\u017eot ide\u0101lus p\u0101rkl\u0101jumus, lai uzlabotu j\u016bsu produkta funkcionalit\u0101ti, lietot\u0101ja pieredzi un z\u012bmola identit\u0101ti.<\/p>\n<p><strong>Sazinieties ar mums \u0161odien<\/strong>\u00a0lai uzzin\u0101tu vair\u0101k par m\u016bsu grafiskajiem p\u0101rkl\u0101jumu risin\u0101jumiem un to, k\u0101 m\u0113s varam pal\u012bdz\u0113t jums uzlabot j\u016bsu produktus.<\/p>\n<p><strong>Papildu atsl\u0113gv\u0101rdi:<\/strong>\u00a0membr\u0101nas l\u012bme\u0146a sl\u0113dzis, sl\u0113d\u017ea membr\u0101na, grafisks p\u0101rkl\u0101jums<\/p>\n<h2><strong><b>Nosaukumz\u012bmes: Uzlabojiet sava produkta identit\u0101ti un funkcionalit\u0101ti<\/b><\/strong><\/h2>\n<p><strong>Paaugstiniet sava produkta identit\u0101ti<\/strong><\/p>\n<p>Nosaukumz\u012bm\u0113m ir b\u016btiska loma j\u016bsu z\u012bmola identit\u0101tes veido\u0161an\u0101, jo t\u0101s:<\/p>\n<ul>\n<li><strong>Uzskat\u0101mi att\u0113lo j\u016bsu uz\u0146\u0113muma logotipu un z\u012bmola nosaukumu<\/strong><\/li>\n<li><strong>Pastiprina j\u016bsu z\u012bmola v\u0113st\u012bjumu un v\u0113rt\u012bbas<\/strong><\/li>\n<li><strong>Vienota un profesion\u0101la z\u012bmola t\u0113la izveide<\/strong><\/li>\n<\/ul>\n<p><strong>Sniedziet b\u016btisku inform\u0101ciju<\/strong><\/p>\n<p>Nosaukumz\u012bmes efekt\u012bvi nodod b\u016btisku inform\u0101ciju par produktu, tostarp:<\/p>\n<ul>\n<li><strong>Produkta nosaukums un mode\u013ca numurs<\/strong><\/li>\n<li><strong>Normat\u012bvie mar\u0137\u0113jumi un sertifik\u0101ti<\/strong><\/li>\n<li><strong>Lieto\u0161anas instrukcijas un br\u012bdin\u0101jumi<\/strong><\/li>\n<li><strong>Kontaktinform\u0101cija atbalstam<\/strong><\/li>\n<\/ul>\n<p><strong>Uzlabojiet produkta funkcionalit\u0101ti<\/strong><\/p>\n<p>Nosaukumz\u012bm\u0113s var iek\u013caut ar\u012b funkcion\u0101lus elementus, piem\u0113ram:<\/p>\n<ul>\n<li><strong>Spiedpogas membr\u0101nas sl\u0113d\u017ei lietot\u0101ja mijiedarb\u012bbai<\/strong><\/li>\n<li><strong>LED indikatori statusa atjaunin\u0101jumiem<\/strong><\/li>\n<li><strong>Sv\u012btrkodu eti\u0137etes \u0113rtai identifik\u0101cijai<\/strong><\/li>\n<\/ul>\n<p><strong>Pieteikumi<\/strong><\/p>\n<p>Nosaukumz\u012bmes tiek pla\u0161i izmantotas da\u017e\u0101dos lietojumos, tostarp:<\/p>\n<ul>\n<li><strong>R\u016bpnieciskie vad\u012bbas pane\u013ci<\/strong><\/li>\n<li><strong>Medic\u012bnisk\u0101s ier\u012bces<\/strong><\/li>\n<li><strong>Pat\u0113ri\u0146a elektronika<\/strong><\/li>\n<li><strong>Ier\u012bces<\/strong><\/li>\n<li><strong>Ma\u0161\u012bnas un iek\u0101rtas<\/strong><\/li>\n<\/ul>\n<p><strong>Piel\u0101gojami risin\u0101jumi<\/strong><\/p>\n<p>M\u0113s pied\u0101v\u0101jam pla\u0161u piel\u0101go\u0161anas iesp\u0113ju kl\u0101stu, lai apmierin\u0101tu j\u016bsu \u012bpa\u0161\u0101s vajadz\u012bbas, tostarp:<\/p>\n<ul>\n<li><strong>Da\u017e\u0101di materi\u0101li un apdares<\/strong><\/li>\n<li><strong>Piel\u0101gota grafika un dizains<\/strong><\/li>\n<li><strong>Fona apgaismojuma un apgaismojuma opcijas<\/strong><\/li>\n<li><strong>Reljefs un fakt\u016bras<\/strong><\/li>\n<\/ul>\n<p><strong>Sadarbojieties ar pieredz\u0113ju\u0161u nosaukumz\u012bmju ra\u017eot\u0101ju<\/strong><\/p>\n<p>Ar gadiem ilgu pieredzi un ap\u0146em\u0161anos nodro\u0161in\u0101t kvalit\u0101ti, m\u0113s esam j\u016bsu uzticamais avots piel\u0101got\u0101m nosaukumz\u012bm\u0113m. M\u016bsu ekspertu komanda var pal\u012bdz\u0113t jums izstr\u0101d\u0101t un ra\u017eot perfektas nosaukumz\u012bmes, lai uzlabotu j\u016bsu produkta identit\u0101ti, funkcionalit\u0101ti un est\u0113tisko pievilc\u012bbu.<\/p>\n<p><strong>Sazinieties ar mums \u0161odien<\/strong>\u00a0lai uzzin\u0101tu vair\u0101k par m\u016bsu datu pl\u0101ksn\u012b\u0161u risin\u0101jumiem un to, k\u0101 m\u0113s varam pal\u012bdz\u0113t jums uzlabot j\u016bsu produktus.<\/p>\n<p><strong>Papildu atsl\u0113gv\u0101rdi:<\/strong>\u00a0spiedpogas membr\u0101nas sl\u0113dzis, sl\u0113d\u017ea tipa membr\u0101na, Nosaukumz\u012bme<\/p>","protected":false},"excerpt":{"rendered":"<p>Grafiskas p\u0101rkl\u0101jumi, kas paz\u012bstami ar\u012b k\u0101 datu pl\u0101ksn\u012btes vai priek\u0161\u0113jie pane\u013ci, ir b\u016btiski komponenti, kas uzlabo lietot\u0101ja pieredzi un elektronisko ier\u012b\u010du z\u012bmola identit\u0101ti. \u0160ie pl\u0101nie plastmasas vai polim\u0113ru materi\u0101la sl\u0101\u0146i ar piel\u0101gotiem apdruk\u0101tiem grafikiem un tekstu ir neman\u0101mi integr\u0113ti ier\u012bces virsm\u0101.<\/p>","protected":false},"featured_media":1749,"template":"","meta":[],"product_brand":[],"product_cat":[40],"product_tag":[],"class_list":{"0":"post-1777","1":"product","2":"type-product","3":"status-publish","4":"has-post-thumbnail","6":"product_cat-membrane-switch","8":"first","9":"instock","10":"shipping-taxable","11":"product-type-simple"},"_links":{"self":[{"href":"https:\/\/membraneswitchmfg.com\/lv\/wp-json\/wp\/v2\/product\/1777","targetHints":{"allow":["GET"]}}],"collection":[{"href":"https:\/\/membraneswitchmfg.com\/lv\/wp-json\/wp\/v2\/product"}],"about":[{"href":"https:\/\/membraneswitchmfg.com\/lv\/wp-json\/wp\/v2\/types\/product"}],"wp:featuredmedia":[{"embeddable":true,"href":"https:\/\/membraneswitchmfg.com\/lv\/wp-json\/wp\/v2\/media\/1749"}],"wp:attachment":[{"href":"https:\/\/membraneswitchmfg.com\/lv\/wp-json\/wp\/v2\/media?parent=1777"}],"wp:term":[{"taxonomy":"product_brand","embeddable":true,"href":"https:\/\/membraneswitchmfg.com\/lv\/wp-json\/wp\/v2\/product_brand?post=1777"},{"taxonomy":"product_cat","embeddable":true,"href":"https:\/\/membraneswitchmfg.com\/lv\/wp-json\/wp\/v2\/product_cat?post=1777"},{"taxonomy":"product_tag","embeddable":true,"href":"https:\/\/membraneswitchmfg.com\/lv\/wp-json\/wp\/v2\/product_tag?post=1777"}],"curies":[{"name":"wp","href":"https:\/\/api.w.org\/{rel}","templated":true}]}}