{"id":1780,"date":"2024-06-24T05:57:57","date_gmt":"2024-06-24T05:57:57","guid":{"rendered":"https:\/\/membraneswitchmfg.com\/manufacturer\/membrane-switch-with-backlighting\/"},"modified":"2024-06-25T13:56:06","modified_gmt":"2024-06-25T13:56:06","slug":"membrane-switch-with-backlighting","status":"publish","type":"product","link":"https:\/\/membraneswitchmfg.com\/lv\/manufacturer\/membrane-switch-with-backlighting\/","title":{"rendered":"Membr\u0101nas sl\u0113dzis ar fona apgaismojumu"},"content":{"rendered":"<h2><strong><b>Membr\u0101nas sl\u0113d\u017ei ar apgaismojumu: Uzlabota redzam\u012bba un lietot\u0101ja pieredze<\/b><\/strong><\/h2>\n<p><strong>Uzlabota redzam\u012bba v\u0101ja apgaismojuma apst\u0101k\u013cos<\/strong><\/p>\n<p>Membr\u0101nas sl\u0113d\u017ei ar apgaismojumu nodro\u0161ina, ka tausti\u0146i un le\u0123endas ir viegli saskat\u0101mi pat v\u0101ji apgaismot\u0101 vai tum\u0161\u0101 vid\u0113. Tas ir \u012bpa\u0161i svar\u012bgi lietojumiem, kur ier\u012bces tiek darbin\u0101tas v\u0101ja apgaismojuma apst\u0101k\u013cos, piem\u0113ram:<\/p>\n<ul>\n<li><strong>Medic\u012bnas iek\u0101rtas<\/strong><\/li>\n<li><strong>R\u016bpnieciskie vad\u012bbas pane\u013ci<\/strong><\/li>\n<li><strong>Avi\u0101cijas un kosmosa apr\u012bkojums<\/strong><\/li>\n<li><strong>Milit\u0101rie lietojumi<\/strong><\/li>\n<li><strong>Pat\u0113ri\u0146a elektronika<\/strong><\/li>\n<\/ul>\n<p><strong>Uzlabota lietot\u0101ja pieredze<\/strong><\/p>\n<p>Membr\u0101nas sl\u0113d\u017ei ar apgaismojumu ne tikai uzlabo redzam\u012bbu, bet ar\u012b uzlabo visp\u0101r\u0113jo lietot\u0101ja pieredzi, pateicoties:<\/p>\n<ul>\n<li><strong>K\u013c\u016bdu samazin\u0101\u0161ana un precizit\u0101tes uzlabo\u0161ana<\/strong><\/li>\n<li><strong>Pal\u012bdz lietot\u0101jiem orient\u0113ties darb\u012bb\u0101 un funkcij\u0101s<\/strong><\/li>\n<li><strong>Intuit\u012bv\u0101ka un lietot\u0101jam draudz\u012bg\u0101ka saskarne<\/strong><\/li>\n<li><strong>Elegances un izsmalcin\u0101t\u012bbas pie\u0161\u0137ir\u0161ana ier\u012bcei<\/strong><\/li>\n<\/ul>\n<p><strong>Da\u017e\u0101das apgaismojuma iesp\u0113jas<\/strong><\/p>\n<p>Membr\u0101nas sl\u0113d\u017ei ar apgaismojumu pied\u0101v\u0101 pla\u0161u piel\u0101go\u0161anas iesp\u0113ju kl\u0101stu, tostarp:<\/p>\n<ul>\n<li><strong>Da\u017e\u0101das LED kr\u0101sas un intensit\u0101tes<\/strong><\/li>\n<li><strong>Vienm\u0113r\u012bgs vai zon\u0113ts apgaismojums<\/strong><\/li>\n<li><strong>Statiski vai dinamiski apgaismojuma efekti<\/strong><\/li>\n<li><strong>Piel\u0101gotas grafikas un ikonas<\/strong><\/li>\n<\/ul>\n<p><strong>Sadarbojieties ar pieredz\u0113ju\u0161u membr\u0101nas sl\u0113d\u017eu ar apgaismojumu ra\u017eot\u0101ju<\/strong><\/p>\n<p>Ar gadiem ilgu pieredzi un ap\u0146em\u0161anos nodro\u0161in\u0101t kvalit\u0101ti, m\u0113s esam j\u016bsu uzticamais avots piel\u0101gotiem membr\u0101nas sl\u0113d\u017eiem ar apgaismojumu. M\u016bsu ekspertu komanda var pal\u012bdz\u0113t jums izstr\u0101d\u0101t un ra\u017eot perfektus sl\u0113d\u017eus, lai uzlabotu j\u016bsu produkta redzam\u012bbu, lietot\u0101ja pieredzi un visp\u0101r\u0113jo est\u0113tisko pievilc\u012bbu.<\/p>\n<p><strong>Sazinieties ar mums \u0161odien<\/strong>\u00a0lai uzzin\u0101tu vair\u0101k par m\u016bsu membr\u0101nas sl\u0113d\u017eu ar apgaismojumu risin\u0101jumiem un to, k\u0101 m\u0113s varam pal\u012bdz\u0113t jums uzlabot j\u016bsu produktus.<\/p>","protected":false},"excerpt":{"rendered":"<p>Membr\u0101nas sl\u0113d\u017ei ar apgaismojumu uzlabo lietot\u0101ja pieredzi un elektronisko ier\u012b\u010du funkcionalit\u0101ti, nodro\u0161inot skaidru redzam\u012bbu v\u0101j\u0101 apgaismojum\u0101. \u0160ie inovat\u012bvie sl\u0113d\u017ei apvieno tradicion\u0101lo membr\u0101nas sl\u0113d\u017eu taustes atgriezenisko saiti ar gaismas dio\u017eu apgaismojuma jaudu, radot lietot\u0101jam draudz\u012bgu un vizu\u0101li pievilc\u012bgu saskarni.<\/p>","protected":false},"featured_media":1752,"template":"","meta":[],"product_brand":[],"product_cat":[40],"product_tag":[],"class_list":{"0":"post-1780","1":"product","2":"type-product","3":"status-publish","4":"has-post-thumbnail","6":"product_cat-membrane-switch","8":"first","9":"instock","10":"shipping-taxable","11":"product-type-simple"},"_links":{"self":[{"href":"https:\/\/membraneswitchmfg.com\/lv\/wp-json\/wp\/v2\/product\/1780","targetHints":{"allow":["GET"]}}],"collection":[{"href":"https:\/\/membraneswitchmfg.com\/lv\/wp-json\/wp\/v2\/product"}],"about":[{"href":"https:\/\/membraneswitchmfg.com\/lv\/wp-json\/wp\/v2\/types\/product"}],"wp:featuredmedia":[{"embeddable":true,"href":"https:\/\/membraneswitchmfg.com\/lv\/wp-json\/wp\/v2\/media\/1752"}],"wp:attachment":[{"href":"https:\/\/membraneswitchmfg.com\/lv\/wp-json\/wp\/v2\/media?parent=1780"}],"wp:term":[{"taxonomy":"product_brand","embeddable":true,"href":"https:\/\/membraneswitchmfg.com\/lv\/wp-json\/wp\/v2\/product_brand?post=1780"},{"taxonomy":"product_cat","embeddable":true,"href":"https:\/\/membraneswitchmfg.com\/lv\/wp-json\/wp\/v2\/product_cat?post=1780"},{"taxonomy":"product_tag","embeddable":true,"href":"https:\/\/membraneswitchmfg.com\/lv\/wp-json\/wp\/v2\/product_tag?post=1780"}],"curies":[{"name":"wp","href":"https:\/\/api.w.org\/{rel}","templated":true}]}}