{"id":1781,"date":"2024-06-24T05:57:57","date_gmt":"2024-06-24T05:57:57","guid":{"rendered":"https:\/\/membraneswitchmfg.com\/manufacturer\/membrane-switch-back-support\/"},"modified":"2024-07-25T08:37:56","modified_gmt":"2024-07-25T08:37:56","slug":"membrane-switch-back-support","status":"publish","type":"product","link":"https:\/\/membraneswitchmfg.com\/lv\/manufacturer\/membrane-switch-back-support\/","title":{"rendered":"Membr\u0101nas sl\u0113dzis + muguras atbalsts"},"content":{"rendered":"<h2><strong><b>Membr\u0101nas sl\u0113dzis + atbalsts no aizmugures: uzlabota iztur\u012bba un funkcionalit\u0101te<\/b><\/strong><\/h2>\n<p><strong>Uzlabota iztur\u012bba un stabilit\u0101te<\/strong><\/p>\n<p>Atbalsts no aizmugures nodro\u0161ina stingru pamatu membr\u0101nas sl\u0113dzim, iev\u0113rojami uzlabojot t\u0101 iztur\u012bbu un kalpo\u0161anas laiku. Tas ir \u012bpa\u0161i noder\u012bgi vid\u0113s, kur sl\u0113dzis tiek pak\u013cauts bie\u017eai lieto\u0161anai vai skarbajiem apst\u0101k\u013ciem.<\/p>\n<ul>\n<li><strong>Iztur\u012bgs pret deform\u0101ciju un nodilumu<\/strong><\/li>\n<li><strong>Aizsarg\u0101 sl\u0113dzi no triecieniem un vibr\u0101cij\u0101m<\/strong><\/li>\n<li><strong>Pagarin\u0101t sl\u0113d\u017ea kalpo\u0161anas laiku<\/strong><\/li>\n<\/ul>\n<p><strong>Uzlabota funkcionalit\u0101te un mont\u0101\u017eas iesp\u0113jas<\/strong><\/p>\n<p>Atbalsts no aizmugures atvieglo dro\u0161u un prec\u012bzu membr\u0101nas sl\u0113d\u017ea mont\u0101\u017eu, nodro\u0161inot pareizu izl\u012bdzin\u0101\u0161anu un darb\u012bbu. Tas ar\u012b \u013cauj integr\u0113t papildu komponentus, piem\u0113ram, gaismas diodes un savienot\u0101jus.<\/p>\n<ul>\n<li><strong>Nodro\u0161ina vien\u0101 l\u012bmen\u012b vai paceltu mont\u0101\u017eu<\/strong><\/li>\n<li><strong>Nodro\u0161ina mont\u0101\u017eas caurumus un kniedes<\/strong><\/li>\n<li><strong>\u013bauj integr\u0113t elektroniku<\/strong><\/li>\n<\/ul>\n<p><strong>Uzlabota est\u0113tika un profesion\u0101ls izskats<\/strong><\/p>\n<p>Atbalsts no aizmugures uzlabo membr\u0101nas sl\u0113d\u017ea kop\u0113jo est\u0113tiku, radot profesion\u0101l\u0101ku un vizu\u0101li pievilc\u012bg\u0101ku izskatu. To var piel\u0101got ar kr\u0101s\u0101m, fakt\u016br\u0101m un apdari, lai tas atbilstu ier\u012bces dizainam.<\/p>\n<ul>\n<li><strong>Gluds un moderns dizains<\/strong><\/li>\n<li><strong>Da\u017e\u0101das kr\u0101sas un apdares<\/strong><\/li>\n<li><strong>Piel\u0101gojama grafika un logotipi<\/strong><\/li>\n<\/ul>\n<p><strong>Pieteikumi<\/strong><\/p>\n<p>Membr\u0101nas sl\u0113d\u017ei ar atbalstu no aizmugures tiek pla\u0161i izmantoti da\u017e\u0101dos lietojumos, tostarp:<\/p>\n<ul>\n<li><strong>R\u016bpnieciskie vad\u012bbas pane\u013ci<\/strong><\/li>\n<li><strong>Medic\u012bnisk\u0101s ier\u012bces<\/strong><\/li>\n<li><strong>Pat\u0113ri\u0146a elektronika<\/strong><\/li>\n<li><strong>Telekomunik\u0101ciju iek\u0101rtas<\/strong><\/li>\n<li><strong>Transporta konsoles<\/strong><\/li>\n<\/ul>\n<p><strong>Piel\u0101gojami risin\u0101jumi<\/strong><\/p>\n<p>M\u0113s pied\u0101v\u0101jam pla\u0161u piel\u0101go\u0161anas iesp\u0113ju kl\u0101stu, lai apmierin\u0101tu j\u016bsu \u012bpa\u0161\u0101s vajadz\u012bbas, tostarp:<\/p>\n<ul>\n<li><strong>Da\u017e\u0101di atbalsta materi\u0101li no aizmugures (alum\u012bnijs, plastmasa utt.)<\/strong><\/li>\n<li><strong>Piel\u0101goti izm\u0113ri un formas<\/strong><\/li>\n<li><strong>Izgriezumi un caurumi komponentiem<\/strong><\/li>\n<li><strong>Virsmas apstr\u0101de un apdare<\/strong><\/li>\n<\/ul>\n<p><strong>Sadarbojieties ar pieredz\u0113ju\u0161u membr\u0101nas sl\u0113d\u017eu ra\u017eot\u0101ju<\/strong><\/p>\n<p>Ar gadiem ilgu pieredzi un ap\u0146em\u0161anos nodro\u0161in\u0101t kvalit\u0101ti, m\u0113s esam j\u016bsu uzticamais avots piel\u0101gotiem membr\u0101nas sl\u0113d\u017eiem ar atbalstu no aizmugures. M\u016bsu ekspertu komanda var pal\u012bdz\u0113t jums izstr\u0101d\u0101t un ra\u017eot perfektus sl\u0113d\u017eus, lai uzlabotu j\u016bsu produkta iztur\u012bbu, funkcionalit\u0101ti un est\u0113tisko pievilc\u012bbu.<\/p>\n<p><strong>Sazinieties ar mums \u0161odien<\/strong>\u00a0lai uzzin\u0101tu vair\u0101k par m\u016bsu membr\u0101nas sl\u0113d\u017eu risin\u0101jumiem ar atbalstu no aizmugures un to, k\u0101 m\u0113s varam pal\u012bdz\u0113t jums uzlabot j\u016bsu produktus.<\/p>\n<p><strong>Papildu atsl\u0113gv\u0101rdi:<\/strong>\u00a0elast\u012bgs membr\u0101nas sl\u0113dzis, iesl\u0113g\u0161anas\/izsl\u0113g\u0161anas membr\u0101nas sl\u0113dzis<\/p>","protected":false},"excerpt":{"rendered":"<p>Membr\u0101nas sl\u0113d\u017ei apvienojum\u0101 ar atbalstu no aizmugures pied\u0101v\u0101 iztur\u012bgu un daudzpus\u012bgu risin\u0101jumu lietot\u0101ja saskarn\u0113m, apvienojot membr\u0101nas sl\u0113d\u017eu taustes atgriezenisko saiti ar aizmugur\u0113j\u0101 pane\u013ca struktur\u0101lo integrit\u0101ti. \u0160\u012b integr\u0101cija uzlabo sl\u0113d\u017ea iztur\u012bbu, funkcionalit\u0101ti un est\u0113tisko pievilc\u012bbu, padarot to ide\u0101li piem\u0113rotu pla\u0161am lietojumu kl\u0101stam.<\/p>","protected":false},"featured_media":1754,"template":"","meta":[],"product_brand":[],"product_cat":[40],"product_tag":[],"class_list":{"0":"post-1781","1":"product","2":"type-product","3":"status-publish","4":"has-post-thumbnail","6":"product_cat-membrane-switch","8":"first","9":"instock","10":"shipping-taxable","11":"product-type-simple"},"_links":{"self":[{"href":"https:\/\/membraneswitchmfg.com\/lv\/wp-json\/wp\/v2\/product\/1781","targetHints":{"allow":["GET"]}}],"collection":[{"href":"https:\/\/membraneswitchmfg.com\/lv\/wp-json\/wp\/v2\/product"}],"about":[{"href":"https:\/\/membraneswitchmfg.com\/lv\/wp-json\/wp\/v2\/types\/product"}],"wp:featuredmedia":[{"embeddable":true,"href":"https:\/\/membraneswitchmfg.com\/lv\/wp-json\/wp\/v2\/media\/1754"}],"wp:attachment":[{"href":"https:\/\/membraneswitchmfg.com\/lv\/wp-json\/wp\/v2\/media?parent=1781"}],"wp:term":[{"taxonomy":"product_brand","embeddable":true,"href":"https:\/\/membraneswitchmfg.com\/lv\/wp-json\/wp\/v2\/product_brand?post=1781"},{"taxonomy":"product_cat","embeddable":true,"href":"https:\/\/membraneswitchmfg.com\/lv\/wp-json\/wp\/v2\/product_cat?post=1781"},{"taxonomy":"product_tag","embeddable":true,"href":"https:\/\/membraneswitchmfg.com\/lv\/wp-json\/wp\/v2\/product_tag?post=1781"}],"curies":[{"name":"wp","href":"https:\/\/api.w.org\/{rel}","templated":true}]}}