{"id":1783,"date":"2024-06-24T05:57:57","date_gmt":"2024-06-24T05:57:57","guid":{"rendered":"https:\/\/membraneswitchmfg.com\/manufacturer\/oca-membrane-switch-keypad\/"},"modified":"2024-06-25T14:00:06","modified_gmt":"2024-06-25T14:00:06","slug":"oca-membrane-switch-keypad","status":"publish","type":"product","link":"https:\/\/membraneswitchmfg.com\/lv\/manufacturer\/oca-membrane-switch-keypad\/","title":{"rendered":"OCA membr\u0101nas sl\u0113d\u017ea tastat\u016bra"},"content":{"rendered":"<h2><strong><b>OCA membr\u0101nas sl\u0113d\u017eu tastat\u016bra: uzlabota iztur\u012bba un taustes reakcija<\/b><\/strong><\/h2>\n<p><strong>Uzlabota iztur\u012bba un \u016bdensiztur\u012bba<\/strong><\/p>\n<p>OCA membr\u0101nas sl\u0113d\u017eu tastat\u016bras ir \u012bpa\u0161i iztur\u012bgas, iztur\u012bgas pret skarbiem apst\u0101k\u013ciem un bie\u017eu lieto\u0161anu. OCA sl\u0101nis nodro\u0161ina aizsargbarjeru pret mitrumu, putek\u013ciem un pies\u0101r\u0146ot\u0101jiem, pagarinot tastat\u016bras kalpo\u0161anas laiku.<\/p>\n<ul>\n<li><strong>Iztur\u012bgs pret \u016bdeni, \u0137imik\u0101lij\u0101m un UV stariem<\/strong><\/li>\n<li><strong>Iztur\u012bgs pret ekstrem\u0101l\u0101m temperat\u016br\u0101m un vibr\u0101cij\u0101m<\/strong><\/li>\n<li><strong>Piem\u0113rots \u0101ra un r\u016bpnieciskai videi<\/strong><\/li>\n<\/ul>\n<p><strong>Izcila taustes reakcija un skaidra atgriezenisk\u0101 saite<\/strong><\/p>\n<p>OCA membr\u0101nas sl\u0113d\u017eu tastat\u016bras nodro\u0161ina prec\u012bzu un konsekventu taustes reakciju, nodro\u0161inot prec\u012bzu un uzticamu lietot\u0101ja ievadi. OCA sl\u0101nis uzlabo tausti\u0146u g\u0101jienu un nodro\u0161ina skaidru klik\u0161\u0137a atgriezenisko saiti pozit\u012bvam lietot\u0101ja apstiprin\u0101jumam.<\/p>\n<ul>\n<li><strong>Prec\u012bza un konsekventa tausti\u0146u aktiviz\u0113\u0161ana<\/strong><\/li>\n<li><strong>Skaidra klik\u0161\u0137a atgriezenisk\u0101 saite taustes apstiprin\u0101\u0161anai<\/strong><\/li>\n<li><strong>Samazina k\u013c\u016bdas un uzlabo lietot\u0101ja pieredzi<\/strong><\/li>\n<\/ul>\n<p><strong>Uzlabota vizu\u0101l\u0101 skaidr\u012bba un fona apgaismojuma opcijas<\/strong><\/p>\n<p>OCA membr\u0101nas sl\u0113d\u017eu tastat\u016bras pied\u0101v\u0101 izcilu vizu\u0101lo skaidr\u012bbu ar skaidr\u0101m le\u0123end\u0101m un simboliem, kurus ir viegli las\u012bt pat v\u0101j\u0101 apgaismojum\u0101. OCA sl\u0101nis nodro\u0161ina vienm\u0113r\u012bgu fona apgaismojumu, nodro\u0161inot skaidru redzam\u012bbu v\u0101ja apgaismojuma apst\u0101k\u013cos.<\/p>\n<ul>\n<li><strong>Skaidras un salas\u0101mas le\u0123endas un simboli<\/strong><\/li>\n<li><strong>Vienm\u0113r\u012bgas fona apgaismojuma opcijas uzlabotai redzam\u012bbai<\/strong><\/li>\n<li><strong>Piel\u0101gojami grafikas un z\u012bmola elementi<\/strong><\/li>\n<\/ul>\n<p><strong>Pieteikumi<\/strong><\/p>\n<p>OCA membr\u0101nas sl\u0113d\u017eu tastat\u016bras tiek pla\u0161i izmantotas da\u017e\u0101dos lietojumos, tostarp:<\/p>\n<ul>\n<li><strong>R\u016bpnieciskie vad\u012bbas pane\u013ci<\/strong><\/li>\n<li><strong>Medic\u012bnisk\u0101s ier\u012bces<\/strong><\/li>\n<li><strong>Pat\u0113ri\u0146a elektronika<\/strong><\/li>\n<li><strong>Telekomunik\u0101ciju iek\u0101rtas<\/strong><\/li>\n<li><strong>Transporta konsoles<\/strong><\/li>\n<\/ul>\n<p><strong>Piel\u0101gojami risin\u0101jumi<\/strong><\/p>\n<p>M\u0113s pied\u0101v\u0101jam pla\u0161u piel\u0101go\u0161anas iesp\u0113ju kl\u0101stu, lai apmierin\u0101tu j\u016bsu \u012bpa\u0161\u0101s vajadz\u012bbas, tostarp:<\/p>\n<ul>\n<li><strong>Da\u017e\u0101di tausti\u0146u izm\u0113ri, izk\u0101rtojumi un konfigur\u0101cijas<\/strong><\/li>\n<li><strong>Custom graphics, legends, and branding elements<\/strong><\/li>\n<li><strong>Fona apgaismojuma opcijas un kr\u0101sas<\/strong><\/li>\n<li><strong>Integr\u0101cija ar papildu sast\u0101vda\u013c\u0101m<\/strong><\/li>\n<\/ul>\n<p><strong>Sadarbojieties ar pieredz\u0113ju\u0161u OCA membr\u0101nas sl\u0113d\u017eu tastat\u016bru ra\u017eot\u0101ju<\/strong><\/p>\n<p>Ar gadiem ilgu pieredzi un ap\u0146em\u0161anos nodro\u0161in\u0101t kvalit\u0101ti, m\u0113s esam j\u016bsu uzticamais avots piel\u0101got\u0101m OCA membr\u0101nas sl\u0113d\u017eu tastat\u016br\u0101m. M\u016bsu ekspertu komanda var pal\u012bdz\u0113t jums izstr\u0101d\u0101t un ra\u017eot perfektas tastat\u016bras, lai uzlabotu j\u016bsu produkta iztur\u012bbu, taustes reakciju, vizu\u0101lo skaidr\u012bbu un visp\u0101r\u0113jo veiktsp\u0113ju.<\/p>\n<p><strong>Sazinieties ar mums \u0161odien<\/strong>\u00a0lai uzzin\u0101tu vair\u0101k par m\u016bsu OCA membr\u0101nas sl\u0113d\u017eu tastat\u016bru risin\u0101jumiem un to, k\u0101 m\u0113s varam pal\u012bdz\u0113t jums uzlabot j\u016bsu produktus.<\/p>","protected":false},"excerpt":{"rendered":"<p>OCA (Optiski caursp\u012bd\u012bga l\u012bme) membr\u0101nas sl\u0113d\u017eu tastat\u016bras pied\u0101v\u0101 izcilu alternat\u012bvu tradicion\u0101laj\u0101m membr\u0101nas sl\u0113d\u017eu tastat\u016br\u0101m, nodro\u0161inot uzlabotu iztur\u012bbu, taustes reakciju un vizu\u0101lo skaidr\u012bbu. \u0160\u012bs novatorisk\u0101s tastat\u016bras ir ide\u0101li piem\u0113rotas lietojumiem, kuriem nepiecie\u0161ama augsta veiktsp\u0113ja un uzticam\u012bba sare\u017e\u0123\u012bt\u0101 vid\u0113.<\/p>","protected":false},"featured_media":1756,"template":"","meta":[],"product_brand":[],"product_cat":[40],"product_tag":[],"class_list":{"0":"post-1783","1":"product","2":"type-product","3":"status-publish","4":"has-post-thumbnail","6":"product_cat-membrane-switch","8":"first","9":"instock","10":"shipping-taxable","11":"product-type-simple"},"_links":{"self":[{"href":"https:\/\/membraneswitchmfg.com\/lv\/wp-json\/wp\/v2\/product\/1783","targetHints":{"allow":["GET"]}}],"collection":[{"href":"https:\/\/membraneswitchmfg.com\/lv\/wp-json\/wp\/v2\/product"}],"about":[{"href":"https:\/\/membraneswitchmfg.com\/lv\/wp-json\/wp\/v2\/types\/product"}],"wp:featuredmedia":[{"embeddable":true,"href":"https:\/\/membraneswitchmfg.com\/lv\/wp-json\/wp\/v2\/media\/1756"}],"wp:attachment":[{"href":"https:\/\/membraneswitchmfg.com\/lv\/wp-json\/wp\/v2\/media?parent=1783"}],"wp:term":[{"taxonomy":"product_brand","embeddable":true,"href":"https:\/\/membraneswitchmfg.com\/lv\/wp-json\/wp\/v2\/product_brand?post=1783"},{"taxonomy":"product_cat","embeddable":true,"href":"https:\/\/membraneswitchmfg.com\/lv\/wp-json\/wp\/v2\/product_cat?post=1783"},{"taxonomy":"product_tag","embeddable":true,"href":"https:\/\/membraneswitchmfg.com\/lv\/wp-json\/wp\/v2\/product_tag?post=1783"}],"curies":[{"name":"wp","href":"https:\/\/api.w.org\/{rel}","templated":true}]}}