{"id":1784,"date":"2024-06-24T05:57:57","date_gmt":"2024-06-24T05:57:57","guid":{"rendered":"https:\/\/membraneswitchmfg.com\/manufacturer\/digital-printing-graphic-overlay\/"},"modified":"2024-06-25T13:50:44","modified_gmt":"2024-06-25T13:50:44","slug":"digital-printing-graphic-overlay","status":"publish","type":"product","link":"https:\/\/membraneswitchmfg.com\/lv\/manufacturer\/digital-printing-graphic-overlay\/","title":{"rendered":"Digit\u0101l\u0101 druk\u0101\u0161ana Grafiskais p\u0101rkl\u0101jums"},"content":{"rendered":"<h2><strong><b>Digit\u0101li druk\u0101ti grafiski p\u0101rkl\u0101jumi: Produktu est\u0113tikas un funkcionalit\u0101tes uzlabo\u0161ana<\/b><\/strong><\/h2>\n<p><strong>Izcelt produktu est\u0113tiku<\/strong><\/p>\n<p>Grafiskie p\u0101rkl\u0101jumi var iev\u0113rojami uzlabot izstr\u0101d\u0101juma izskatu:<\/p>\n<ul>\n<li><strong>Uz\u0146\u0113muma logotipu, z\u012bmolved\u012bbas elementu un produktu grafikas iek\u013cau\u0161ana.<\/strong><\/li>\n<li><strong>Vienota un profesion\u0101la z\u012bmola t\u0113la izveide<\/strong><\/li>\n<li><strong>Elegances un izsmalcin\u0101t\u012bbas piesk\u0101riens<\/strong><\/li>\n<\/ul>\n<p><strong>Produkta funkcionalit\u0101tes uzlabo\u0161ana<\/strong><\/p>\n<p>Grafiskie p\u0101rkl\u0101jumi var ar\u012b uzlabot produkta funkcionalit\u0101ti, izmantojot:<\/p>\n<ul>\n<li><strong>skaidru instrukciju un nor\u0101d\u012bjumu snieg\u0161ana lietot\u0101jiem<\/strong><\/li>\n<li><strong>Pogu, sl\u0113d\u017eu un citu vad\u012bbas ier\u012b\u010du identific\u0113\u0161ana<\/strong><\/li>\n<li><strong>St\u0101vok\u013ca indikatoru un br\u012bdin\u0101juma simbolu r\u0101d\u012b\u0161ana<\/strong><\/li>\n<\/ul>\n<p>Digit\u0101li druk\u0101ts grafisks p\u0101rkl\u0101jums<\/p>\n<p>Digit\u0101li druk\u0101tos grafiskos p\u0101rkl\u0101jumus var uzkl\u0101t uz da\u017e\u0101diem materi\u0101liem, tostarp:<\/p>\n<ul>\n<li><strong>Plastmasa<\/strong><\/li>\n<li><strong>Met\u0101li<\/strong><\/li>\n<li><strong>Stikls<\/strong><\/li>\n<li><strong>Koks<\/strong><\/li>\n<\/ul>\n<p>\u0160ie p\u0101rkl\u0101jumi ir ar\u012b \u013coti iztur\u012bgi, jo sp\u0113j iztur\u0113t skarbus apst\u0101k\u013cus un bie\u017eu lieto\u0161anu.<\/p>\n<p><strong>Pieteikumi<\/strong><\/p>\n<p>Grafiskos p\u0101rkl\u0101jumus pla\u0161i izmanto da\u017e\u0101d\u0101s lietojumprogramm\u0101s, tostarp:<\/p>\n<ul>\n<li><strong>R\u016bpnieciskie vad\u012bbas pane\u013ci<\/strong><\/li>\n<li><strong>Medic\u012bnisk\u0101s ier\u012bces<\/strong><\/li>\n<li><strong>Pat\u0113ri\u0146a elektronika<\/strong><\/li>\n<li><strong>Ier\u012bces<\/strong><\/li>\n<li><strong>Ma\u0161\u012bnas un iek\u0101rtas<\/strong><\/li>\n<\/ul>\n<p><strong>Piel\u0101gojami risin\u0101jumi<\/strong><\/p>\n<p>M\u0113s pied\u0101v\u0101jam pla\u0161u piel\u0101go\u0161anas iesp\u0113ju kl\u0101stu, lai apmierin\u0101tu j\u016bsu \u012bpa\u0161\u0101s vajadz\u012bbas, tostarp:<\/p>\n<ul>\n<li><strong>Da\u017e\u0101di materi\u0101li, apdares materi\u0101li un biezumi<\/strong><\/li>\n<li><strong>Piel\u0101gota grafika, dizains un teksts<\/strong><\/li>\n<li><strong>Fona apgaismojuma un apgaismojuma opcijas<\/strong><\/li>\n<li><strong>Izcir\u0161ana un sare\u017e\u0123\u012btas formas<\/strong><\/li>\n<\/ul>\n<p><strong>Sadarbojieties ar pieredz\u0113ju\u0161u grafisko p\u0101rkl\u0101jumu ra\u017eot\u0101ju<\/strong><\/p>\n<p>Ar gadiem ilgu pieredzi un ap\u0146\u0113m\u012bbu nodro\u0161in\u0101t kvalit\u0101ti m\u0113s esam j\u016bsu uzticams avots, kas pied\u0101v\u0101 piel\u0101gotus digit\u0101li druk\u0101tus grafiskus p\u0101rkl\u0101jumus. M\u016bsu ekspertu komanda var pal\u012bdz\u0113t jums izstr\u0101d\u0101t un izgatavot ide\u0101lus p\u0101rkl\u0101jumus, lai uzlabotu j\u016bsu produkta est\u0113tiku, funkcionalit\u0101ti un visp\u0101r\u0113jo pievilc\u012bbu.<\/p>\n<p><strong>Sazinieties ar mums \u0161odien<\/strong>\u00a0lai uzzin\u0101tu vair\u0101k par m\u016bsu grafiskajiem p\u0101rkl\u0101jumu risin\u0101jumiem un to, k\u0101 m\u0113s varam pal\u012bdz\u0113t jums uzlabot j\u016bsu produktus.<\/p>","protected":false},"excerpt":{"rendered":"<p>Digit\u0101li druk\u0101ts grafiskais p\u0101rkl\u0101jums ir daudzpus\u012bgs un rentabls risin\u0101jums, lai uzlabotu da\u017e\u0101du izstr\u0101d\u0101jumu est\u0113tiku un funkcionalit\u0101ti. \u0160ie iztur\u012bgie p\u0101rkl\u0101jumi tiek apdruk\u0101ti ar augstas iz\u0161\u0137irtsp\u0113jas grafik\u0101m, logotipiem un tekstu, p\u0101rveidojot parastas virsmas par vizu\u0101li pievilc\u012bg\u0101m un informat\u012bv\u0101m saskarn\u0113m.<\/p>","protected":false},"featured_media":1748,"template":"","meta":[],"product_brand":[],"product_cat":[40],"product_tag":[],"class_list":{"0":"post-1784","1":"product","2":"type-product","3":"status-publish","4":"has-post-thumbnail","6":"product_cat-membrane-switch","8":"first","9":"instock","10":"shipping-taxable","11":"product-type-simple"},"_links":{"self":[{"href":"https:\/\/membraneswitchmfg.com\/lv\/wp-json\/wp\/v2\/product\/1784","targetHints":{"allow":["GET"]}}],"collection":[{"href":"https:\/\/membraneswitchmfg.com\/lv\/wp-json\/wp\/v2\/product"}],"about":[{"href":"https:\/\/membraneswitchmfg.com\/lv\/wp-json\/wp\/v2\/types\/product"}],"wp:featuredmedia":[{"embeddable":true,"href":"https:\/\/membraneswitchmfg.com\/lv\/wp-json\/wp\/v2\/media\/1748"}],"wp:attachment":[{"href":"https:\/\/membraneswitchmfg.com\/lv\/wp-json\/wp\/v2\/media?parent=1784"}],"wp:term":[{"taxonomy":"product_brand","embeddable":true,"href":"https:\/\/membraneswitchmfg.com\/lv\/wp-json\/wp\/v2\/product_brand?post=1784"},{"taxonomy":"product_cat","embeddable":true,"href":"https:\/\/membraneswitchmfg.com\/lv\/wp-json\/wp\/v2\/product_cat?post=1784"},{"taxonomy":"product_tag","embeddable":true,"href":"https:\/\/membraneswitchmfg.com\/lv\/wp-json\/wp\/v2\/product_tag?post=1784"}],"curies":[{"name":"wp","href":"https:\/\/api.w.org\/{rel}","templated":true}]}}