{"id":1789,"date":"2024-06-24T05:57:57","date_gmt":"2024-06-24T05:57:57","guid":{"rendered":"https:\/\/membraneswitchmfg.com\/manufacturer\/screen-printed-graphics\/"},"modified":"2024-06-25T13:37:37","modified_gmt":"2024-06-25T13:37:37","slug":"screen-printed-graphics","status":"publish","type":"product","link":"https:\/\/membraneswitchmfg.com\/lv\/manufacturer\/screen-printed-graphics\/","title":{"rendered":"Sietspieda grafika"},"content":{"rendered":"<h2><strong><b>Sietspiedes grafika: iztur\u012bgi un rentabli risin\u0101jumi membr\u0101nas sl\u0113d\u017eu p\u0101rkl\u0101jumiem<\/b><\/strong><\/h2>\n<p><strong>Iztur\u012bgs un ilgm\u016b\u017e\u012bgs<\/strong><\/p>\n<p>Sietspiedes grafika ir paz\u012bstama ar savu izcilo iztur\u012bbu, izturot skarbu vidi, bie\u017eu lieto\u0161anu un agres\u012bvus t\u012br\u012b\u0161anas l\u012bdzek\u013cus. Tinte stingri piel\u012bp p\u0101rkl\u0101juma materi\u0101lam, pretojoties izbal\u0113\u0161anai, skr\u0101p\u0113jumiem un \u0137\u012bmisk\u0101m viel\u0101m.<\/p>\n<ul>\n<li><strong>Ilgm\u016b\u017e\u012bgas kr\u0101sas un le\u0123endas<\/strong><\/li>\n<li><strong>Piem\u0113rots lieto\u0161anai \u0101rpus telp\u0101m un r\u016bpniec\u012bb\u0101<\/strong><\/li>\n<li><strong>Iztur\u012bgs pret nodilumu<\/strong><\/li>\n<\/ul>\n<p><strong>Rentabls liela apjoma ra\u017eo\u0161anai<\/strong><\/p>\n<p>Sietspiede ir \u012bpa\u0161i rentabla liela apjoma ra\u017eo\u0161anas s\u0113rij\u0101m, jo iestat\u012b\u0161anas izmaksas tiek sadal\u012btas uz lielu skaitu vien\u012bbu. Tas padara to par ide\u0101lu izv\u0113li lietojumiem, kuriem nepiecie\u0161ams konsekvents z\u012bmols un augsts iztur\u012bbas l\u012bmenis.<\/p>\n<ul>\n<li><strong>Zem\u0101kas vien\u012bbas izmaksas lieliem pas\u016bt\u012bjumiem<\/strong><\/li>\n<li><strong>Konsekventa kvalit\u0101te un izskats<\/strong><\/li>\n<li><strong>Piem\u0113rots masveida ra\u017eo\u0161anai<\/strong><\/li>\n<\/ul>\n<p><strong>Daudzpus\u012bba un dizaina iesp\u0113jas<\/strong><\/p>\n<p>Sietspiedi var izmantot ar pla\u0161u materi\u0101lu kl\u0101stu, tostarp plastmasu, met\u0101lu un audumus. Tas pied\u0101v\u0101 ar\u012b da\u017e\u0101das dizaina iesp\u0113jas, tostarp:<\/p>\n<ul>\n<li><strong>Crisp and clear text and symbols<\/strong><\/li>\n<li><strong>Spilgtas un konsekventas kr\u0101sas<\/strong><\/li>\n<li><strong>Sare\u017e\u0123\u012bti raksti un fakt\u016bras<\/strong><\/li>\n<\/ul>\n<p><strong>Pieteikumi<\/strong><\/p>\n<p>Sietspiedes grafika tiek pla\u0161i izmantota da\u017e\u0101dos lietojumos, tostarp:<\/p>\n<ul>\n<li><strong>Membr\u0101nas sl\u0113d\u017eu p\u0101rkl\u0101jumi<\/strong><\/li>\n<li><strong>Vad\u012bbas pane\u013ci<\/strong><\/li>\n<li><strong>Medic\u012bnisk\u0101s ier\u012bces<\/strong><\/li>\n<li><strong>Pat\u0113ri\u0146a elektronika<\/strong><\/li>\n<li><strong>Ier\u012bces<\/strong><\/li>\n<\/ul>\n<p><strong>Sadarbojieties ar pieredz\u0113ju\u0161u sietspiedes un membr\u0101nas sl\u0113d\u017eu ra\u017eot\u0101ju<\/strong><\/p>\n<p>Ar gadiem ilgu pieredzi sietspiedes un membr\u0101nas sl\u0113d\u017eu tehnolo\u0123ij\u0101, m\u0113s esam j\u016bsu uzticamais avots augstas kvalit\u0101tes, p\u0113c pas\u016bt\u012bjuma apdruk\u0101tiem membr\u0101nas sl\u0113d\u017eu p\u0101rkl\u0101jumiem. M\u016bsu ekspertu komanda cie\u0161i sadarbosies ar jums, lai nodro\u0161in\u0101tu, ka j\u016bsu dizaini tiek prec\u012bzi atveidoti un ka j\u016bsu membr\u0101nas sl\u0113d\u017ei atbilst j\u016bsu \u012bpa\u0161aj\u0101m veiktsp\u0113jas un iztur\u012bbas pras\u012bb\u0101m.<\/p>\n<p><strong>Sazinieties ar mums \u0161odien<\/strong>\u00a0lai uzzin\u0101tu vair\u0101k par m\u016bsu sietspiedes iesp\u0113j\u0101m un to, k\u0101 m\u0113s varam pal\u012bdz\u0113t jums izveidot iztur\u012bgus un rentablus membr\u0101nas sl\u0113d\u017eu p\u0101rkl\u0101jumus.<\/p>","protected":false},"excerpt":{"rendered":"<p>Sietspiedes grafika pied\u0101v\u0101 laika p\u0101rbaudi iztur\u0113ju\u0161u un rentablu metodi, lai izveidotu iztur\u012bgus un vizu\u0101li pievilc\u012bgus p\u0101rkl\u0101jumus membr\u0101nas sl\u0113d\u017eiem. \u0160\u012b daudzpus\u012bg\u0101 drukas tehnika izmanto trafareti un tintes, lai p\u0101rnestu dizainus uz da\u017e\u0101diem materi\u0101liem, nodro\u0161inot prec\u012bzus un konsekventus rezult\u0101tus.<\/p>","protected":false},"featured_media":1765,"template":"","meta":[],"product_brand":[],"product_cat":[40],"product_tag":[],"class_list":{"0":"post-1789","1":"product","2":"type-product","3":"status-publish","4":"has-post-thumbnail","6":"product_cat-membrane-switch","8":"first","9":"instock","10":"shipping-taxable","11":"product-type-simple"},"_links":{"self":[{"href":"https:\/\/membraneswitchmfg.com\/lv\/wp-json\/wp\/v2\/product\/1789","targetHints":{"allow":["GET"]}}],"collection":[{"href":"https:\/\/membraneswitchmfg.com\/lv\/wp-json\/wp\/v2\/product"}],"about":[{"href":"https:\/\/membraneswitchmfg.com\/lv\/wp-json\/wp\/v2\/types\/product"}],"wp:featuredmedia":[{"embeddable":true,"href":"https:\/\/membraneswitchmfg.com\/lv\/wp-json\/wp\/v2\/media\/1765"}],"wp:attachment":[{"href":"https:\/\/membraneswitchmfg.com\/lv\/wp-json\/wp\/v2\/media?parent=1789"}],"wp:term":[{"taxonomy":"product_brand","embeddable":true,"href":"https:\/\/membraneswitchmfg.com\/lv\/wp-json\/wp\/v2\/product_brand?post=1789"},{"taxonomy":"product_cat","embeddable":true,"href":"https:\/\/membraneswitchmfg.com\/lv\/wp-json\/wp\/v2\/product_cat?post=1789"},{"taxonomy":"product_tag","embeddable":true,"href":"https:\/\/membraneswitchmfg.com\/lv\/wp-json\/wp\/v2\/product_tag?post=1789"}],"curies":[{"name":"wp","href":"https:\/\/api.w.org\/{rel}","templated":true}]}}