{"id":1790,"date":"2024-06-24T05:57:57","date_gmt":"2024-06-24T05:57:57","guid":{"rendered":"https:\/\/membraneswitchmfg.com\/manufacturer\/antimicrobial-membrane-switch\/"},"modified":"2024-06-25T13:35:10","modified_gmt":"2024-06-25T13:35:10","slug":"antimicrobial-membrane-switch","status":"publish","type":"product","link":"https:\/\/membraneswitchmfg.com\/lv\/manufacturer\/antimicrobial-membrane-switch\/","title":{"rendered":"Pretmikrobu membr\u0101nas sl\u0113dzis"},"content":{"rendered":"<h2><strong><b>Antimikrobi\u0101l\u0101s membr\u0101nas sl\u0113d\u017ei: c\u012b\u0146a pret mikrobiem un lietot\u0101ju dro\u0161\u012bbas uzlabo\u0161ana<\/b><\/strong><\/h2>\n<p><strong>Aizsardz\u012bba pret kait\u012bgiem mikroorganismiem<\/strong><\/p>\n<p>Antimikrobi\u0101lie membr\u0101nas sl\u0113d\u017ei ir pies\u0101tin\u0101ti ar antimikrobi\u0101liem l\u012bdzek\u013ciem, piem\u0113ram, sudraba joniem vai vara piedev\u0101m, kas akt\u012bvi kav\u0113 bakt\u0113riju, s\u0113n\u012b\u0161u un v\u012brusu aug\u0161anu. \u0160\u012b akt\u012bv\u0101 aizsardz\u012bba pal\u012bdz nov\u0113rst savstarp\u0113ju pies\u0101r\u0146ojumu un infekciju izplat\u012b\u0161anos, \u012bpa\u0161i kritisk\u0101s apr\u016bpes iest\u0101d\u0113s.<\/p>\n<ul>\n<li><strong>Samaziniet ar vesel\u012bbas apr\u016bpi saist\u012bto infekciju (HAI) risku<\/strong><\/li>\n<li><strong>Aizsarg\u0101jiet pret patog\u0113nu izplat\u012b\u0161anos sabiedrisk\u0101s viet\u0101s<\/strong><\/li>\n<li><strong>Uzturiet higi\u0113nisku vidi r\u016bpniecisk\u0101s telp\u0101s<\/strong><\/li>\n<\/ul>\n<p><strong>Uzlabota dro\u0161\u012bba un lietot\u0101ju labkl\u0101j\u012bba<\/strong><\/p>\n<p>Iek\u013caujot antimikrobi\u0101lo aizsardz\u012bbu, membr\u0101nas sl\u0113d\u017ei veicina dro\u0161\u0101ku un vesel\u012bg\u0101ku vidi lietot\u0101jiem. Tas ir \u012bpa\u0161i svar\u012bgi viet\u0101s, kur bie\u017ei notiek saskare ar virsm\u0101m, piem\u0113ram, slimn\u012bc\u0101s, laboratorij\u0101s un p\u0101rtikas sagatavo\u0161anas viet\u0101s.<\/p>\n<ul>\n<li><strong>Veiciniet roku higi\u0113nu un infekciju profilaksi<\/strong><\/li>\n<li><strong>Aizsarg\u0101jiet neaizsarg\u0101tas iedz\u012bvot\u0101ju grupas no infekcij\u0101m<\/strong><\/li>\n<li><strong>Radiet lietot\u0101jiem dro\u0161\u012bbas un uztic\u0113\u0161an\u0101s saj\u016btu<\/strong><\/li>\n<\/ul>\n<p><strong>Iztur\u012bgs un funkcion\u0101ls dizains<\/strong><\/p>\n<p>Antimikrobi\u0101lie membr\u0101nas sl\u0113d\u017ei ir ne tikai efekt\u012bvi pret mikrobiem, bet ar\u012b saglab\u0101 iztur\u012bbu un funkcionalit\u0101ti, kas tiek sagaid\u012bta no standarta membr\u0101nas sl\u0113d\u017eiem. Tie ir izstr\u0101d\u0101ti, lai iztur\u0113tu bie\u017eu lieto\u0161anu, sp\u0113c\u012bgus t\u012br\u012b\u0161anas l\u012bdzek\u013cus un pras\u012bgas vides.<\/p>\n<ul>\n<li><strong>Prec\u012bza un atsauc\u012bga taktil\u0101 atgriezenisk\u0101 saite<\/strong><\/li>\n<li><strong>Iztur\u012bba pret skr\u0101p\u0113jumiem, \u0137\u012bmisk\u0101m viel\u0101m un UV stariem<\/strong><\/li>\n<li><strong>Ilgsto\u0161a darb\u012bba viet\u0101s ar lielu noslodzi<\/strong><\/li>\n<\/ul>\n<p><strong>Pieteikumi<\/strong><\/p>\n<p>Antimikrobi\u0101lie membr\u0101nas sl\u0113d\u017ei tiek pla\u0161i izmantoti da\u017e\u0101dos lietojumos, kur higi\u0113na un infekciju kontrole ir \u013coti svar\u012bga, tostarp:<\/p>\n<ul>\n<li><strong>Vesel\u012bbas apr\u016bpes iest\u0101des:<\/strong>Slimn\u012bcas, kl\u012bnikas, laboratorijas<\/li>\n<li><strong>Sabiedrisk\u0101s vietas:<\/strong>Lidostas, transporta mezgli, skolas<\/li>\n<li><strong>R\u016bpniecisk\u0101 vide:<\/strong>P\u0101rtikas p\u0101rstr\u0101de, ra\u017eo\u0161ana, t\u012brtelpas<\/li>\n<li><strong>Komerci\u0101l\u0101s telpas:<\/strong>Mazumtirdzniec\u012bbas veikali, restor\u0101ni, viesn\u012bcas<\/li>\n<\/ul>\n<p><strong>Sadarbojieties ar pieredz\u0113ju\u0161u antimikrobi\u0101lo membr\u0101nas sl\u0113d\u017eu ra\u017eot\u0101ju<\/strong><\/p>\n<p>Ar gadiem ilgu pieredzi antimikrobi\u0101lo tehnolo\u0123iju un membr\u0101nas sl\u0113d\u017eu ra\u017eo\u0161an\u0101, m\u0113s esam j\u016bsu uzticamais augstas kvalit\u0101tes antimikrobi\u0101lo membr\u0101nas sl\u0113d\u017eu avots. M\u016bsu ekspertu komanda cie\u0161i sadarbosies ar jums, lai izprastu j\u016bsu \u012bpa\u0161\u0101s vajadz\u012bbas un nodro\u0161in\u0101tu piel\u0101gotus risin\u0101jumus, kas uzlabo dro\u0161\u012bbu un lietot\u0101ju labkl\u0101j\u012bbu.<\/p>\n<p><strong>Sazinieties ar mums \u0161odien<\/strong>\u00a0lai uzzin\u0101tu vair\u0101k par m\u016bsu antimikrobi\u0101lo membr\u0101nas sl\u0113d\u017eu risin\u0101jumiem un to, k\u0101 m\u0113s varam pal\u012bdz\u0113t jums izveidot t\u012br\u0101ku, dro\u0161\u0101ku un vesel\u012bg\u0101ku vidi j\u016bsu lietot\u0101jiem.<\/p>","protected":false},"excerpt":{"rendered":"<p>Vesel\u012bbas apr\u016bpes iest\u0101d\u0113s, publisk\u0101s viet\u0101s un r\u016bpnieciskaj\u0101 vid\u0113 t\u012bras un higi\u0113niskas vides uztur\u0113\u0161ana ir \u0101rk\u0101rt\u012bgi svar\u012bga. Antimikrobi\u0101lajiem membr\u0101nas sl\u0113d\u017eiem ir b\u016btiska loma \u0161aj\u0101 darb\u0101, iek\u013caujot antimikrobi\u0101l\u0101s \u012bpa\u0161\u012bbas to dizain\u0101, efekt\u012bvi apkarojot kait\u012bgu mikroorganismu aug\u0161anu.<\/p>","protected":false},"featured_media":1766,"template":"","meta":[],"product_brand":[],"product_cat":[40],"product_tag":[],"class_list":{"0":"post-1790","1":"product","2":"type-product","3":"status-publish","4":"has-post-thumbnail","6":"product_cat-membrane-switch","8":"first","9":"instock","10":"shipping-taxable","11":"product-type-simple"},"_links":{"self":[{"href":"https:\/\/membraneswitchmfg.com\/lv\/wp-json\/wp\/v2\/product\/1790","targetHints":{"allow":["GET"]}}],"collection":[{"href":"https:\/\/membraneswitchmfg.com\/lv\/wp-json\/wp\/v2\/product"}],"about":[{"href":"https:\/\/membraneswitchmfg.com\/lv\/wp-json\/wp\/v2\/types\/product"}],"wp:featuredmedia":[{"embeddable":true,"href":"https:\/\/membraneswitchmfg.com\/lv\/wp-json\/wp\/v2\/media\/1766"}],"wp:attachment":[{"href":"https:\/\/membraneswitchmfg.com\/lv\/wp-json\/wp\/v2\/media?parent=1790"}],"wp:term":[{"taxonomy":"product_brand","embeddable":true,"href":"https:\/\/membraneswitchmfg.com\/lv\/wp-json\/wp\/v2\/product_brand?post=1790"},{"taxonomy":"product_cat","embeddable":true,"href":"https:\/\/membraneswitchmfg.com\/lv\/wp-json\/wp\/v2\/product_cat?post=1790"},{"taxonomy":"product_tag","embeddable":true,"href":"https:\/\/membraneswitchmfg.com\/lv\/wp-json\/wp\/v2\/product_tag?post=1790"}],"curies":[{"name":"wp","href":"https:\/\/api.w.org\/{rel}","templated":true}]}}