{"id":1792,"date":"2024-06-24T05:57:58","date_gmt":"2024-06-24T05:57:58","guid":{"rendered":"https:\/\/membraneswitchmfg.com\/manufacturer\/anti-ultraviolet-membrane-switch\/"},"modified":"2024-06-25T13:20:26","modified_gmt":"2024-06-25T13:20:26","slug":"anti-ultraviolet-membrane-switch","status":"publish","type":"product","link":"https:\/\/membraneswitchmfg.com\/lv\/manufacturer\/anti-ultraviolet-membrane-switch\/","title":{"rendered":"Pret ultravioleto staru membr\u0101nas sl\u0113dzis"},"content":{"rendered":"<h2><strong><b>Anti-Ultraviolet Membr\u0101nas Sl\u0113d\u017ei: Iztur\u012bga Veiktsp\u0113ja Skarbos Apst\u0101k\u013cos<\/b><\/strong><\/h2>\n<p><strong>Aizsardz\u012bba Pret UV Starojumu<\/strong><\/p>\n<p>Anti-ultraviolet\u0101s membr\u0101nas sl\u0113d\u017ei ietver UV iztur\u012bgus materi\u0101lus un p\u0101rkl\u0101jumus, kas efekt\u012bvi absorb\u0113 un blo\u0137\u0113 UV starus, nov\u0113r\u0161ot to boj\u0101jumus sl\u0113d\u017ea komponentiem un grafikai. \u0160\u012b aizsardz\u012bba nodro\u0161ina, ka sl\u0113d\u017ei saglab\u0101 savu funkcionalit\u0101ti, izskatu un kalpo\u0161anas laiku.<\/p>\n<ul>\n<li><strong>Nov\u0113r\u0161 le\u0123endu un grafikas izbal\u0113\u0161anu un kr\u0101sas mai\u0146u<\/strong><\/li>\n<li><strong>Saglab\u0101 sl\u0113d\u017ea funkcionalit\u0101ti un taustes reakciju<\/strong><\/li>\n<li><strong>Pagarin\u0101t membr\u0101nas sl\u0113d\u017eu kalpo\u0161anas laiku \u0101ra lietojumos<\/strong><\/li>\n<\/ul>\n<p><strong>Iztur\u012bgs un piem\u0113rots lieto\u0161anai \u0101rpus telp\u0101m<\/strong><\/p>\n<p>Anti-ultraviolet\u0101s membr\u0101nas sl\u0113d\u017ei ir ne tikai UV iztur\u012bgi, bet ar\u012b izstr\u0101d\u0101ti t\u0101, lai iztur\u0113tu skarbos laika apst\u0101k\u013cus, tostarp ekstrem\u0101las temperat\u016bras, mitrumu un putek\u013cus. Tie ir piem\u0113roti lieto\u0161anai \u0101rpus telp\u0101m, kur iztur\u012bba un uzticam\u012bba ir vissvar\u012bg\u0101k\u0101.<\/p>\n<ul>\n<li><strong>Iztur\u012bba pret skr\u0101p\u0113jumiem, \u0137\u012bmisk\u0101m viel\u0101m un UV stariem<\/strong><\/li>\n<li><strong>Darba temperat\u016bras diapazons no -40\u00b0C l\u012bdz 85\u00b0C<\/strong><\/li>\n<li><strong>Piem\u0113rots \u0101ra kioskiem, r\u016bpnieciskiem vad\u012bbas pane\u013ciem un izk\u0101rtn\u0113m<\/strong><\/li>\n<\/ul>\n<p><strong>Pieteikumi<\/strong><\/p>\n<p>Anti-ultraviolet\u0101s membr\u0101nas sl\u0113d\u017ei tiek pla\u0161i izmantoti da\u017e\u0101dos \u0101ra lietojumos, tostarp:<\/p>\n<ul>\n<li><strong>\u0100ra kioski:<\/strong>Bankom\u0101ti, inform\u0101cijas kioski, digit\u0101l\u0101s izk\u0101rtnes<\/li>\n<li><strong>R\u016bpnieciskie vad\u012bbas pane\u013ci:<\/strong>Satiksmes sign\u0101li, ap\u016bde\u0146o\u0161anas sist\u0113mas, saules pane\u013ci<\/li>\n<li><strong>Transporta izk\u0101rtnes:<\/strong>Ce\u013ca z\u012bmes, dzelzce\u013ca sign\u0101li, lidostas izk\u0101rtnes<\/li>\n<li><strong>J\u016bras lietojumi:<\/strong>Laivu vad\u012bbas ier\u012bces, navig\u0101cijas pane\u013ci, sakaru sist\u0113mas<\/li>\n<li><strong>Lauksaimniec\u012bbas tehnika:<\/strong>Traktori, kombaini, ap\u016bde\u0146o\u0161anas sist\u0113mas<\/li>\n<\/ul>\n<p><strong>Sadarbojieties ar pieredz\u0113ju\u0161u anti-ultraviolet\u0101s membr\u0101nas sl\u0113d\u017eu ra\u017eot\u0101ju<\/strong><\/p>\n<p>Ar gadiem ilgu pieredzi UV iztur\u012bgu materi\u0101lu un membr\u0101nas sl\u0113d\u017eu ra\u017eo\u0161an\u0101, m\u0113s esam j\u016bsu uzticamais avots augstas kvalit\u0101tes anti-ultravioletajiem membr\u0101nas sl\u0113d\u017eiem. M\u016bsu ekspertu komanda cie\u0161i sadarbosies ar jums, lai izprastu j\u016bsu \u012bpa\u0161\u0101s vajadz\u012bbas un nodro\u0161in\u0101tu piel\u0101gotus risin\u0101jumus, kas nodro\u0161ina ilgsto\u0161u veiktsp\u0113ju skarbos \u0101ra apst\u0101k\u013cos.<\/p>\n<p><strong>Sazinieties ar mums \u0161odien<\/strong>\u00a0lai uzzin\u0101tu vair\u0101k par m\u016bsu anti-ultravioletajiem membr\u0101nas sl\u0113d\u017eu risin\u0101jumiem un to, k\u0101 m\u0113s varam pal\u012bdz\u0113t jums izveidot iztur\u012bgas, uzticamas un vizu\u0101li pievilc\u012bgas saskarnes j\u016bsu \u0101ra lietojumiem.<\/p>","protected":false},"excerpt":{"rendered":"<p>\u0100ra vid\u0113s un lietojumos, kas pak\u013cauti tie\u0161iem saules stariem, membr\u0101nas sl\u0113d\u017ei var saskarties ar degrad\u0101ciju un kr\u0101sas mai\u0146u ultraviolet\u0101 (UV) starojuma d\u0113\u013c. Anti-ultravioletie membr\u0101nas sl\u0113d\u017ei ir paredz\u0113ti, lai iztur\u0113tu sp\u0113c\u012bgu UV starojumu, nodro\u0161inot ilgsto\u0161u darb\u012bbu un saglab\u0101jot savu vizu\u0101lo integrit\u0101ti pat ekstrem\u0101los apst\u0101k\u013cos.<\/p>","protected":false},"featured_media":1768,"template":"","meta":[],"product_brand":[],"product_cat":[40],"product_tag":[],"class_list":{"0":"post-1792","1":"product","2":"type-product","3":"status-publish","4":"has-post-thumbnail","6":"product_cat-membrane-switch","8":"first","9":"instock","10":"shipping-taxable","11":"product-type-simple"},"_links":{"self":[{"href":"https:\/\/membraneswitchmfg.com\/lv\/wp-json\/wp\/v2\/product\/1792","targetHints":{"allow":["GET"]}}],"collection":[{"href":"https:\/\/membraneswitchmfg.com\/lv\/wp-json\/wp\/v2\/product"}],"about":[{"href":"https:\/\/membraneswitchmfg.com\/lv\/wp-json\/wp\/v2\/types\/product"}],"wp:featuredmedia":[{"embeddable":true,"href":"https:\/\/membraneswitchmfg.com\/lv\/wp-json\/wp\/v2\/media\/1768"}],"wp:attachment":[{"href":"https:\/\/membraneswitchmfg.com\/lv\/wp-json\/wp\/v2\/media?parent=1792"}],"wp:term":[{"taxonomy":"product_brand","embeddable":true,"href":"https:\/\/membraneswitchmfg.com\/lv\/wp-json\/wp\/v2\/product_brand?post=1792"},{"taxonomy":"product_cat","embeddable":true,"href":"https:\/\/membraneswitchmfg.com\/lv\/wp-json\/wp\/v2\/product_cat?post=1792"},{"taxonomy":"product_tag","embeddable":true,"href":"https:\/\/membraneswitchmfg.com\/lv\/wp-json\/wp\/v2\/product_tag?post=1792"}],"curies":[{"name":"wp","href":"https:\/\/api.w.org\/{rel}","templated":true}]}}