{"id":1793,"date":"2024-06-24T05:57:58","date_gmt":"2024-06-24T05:57:58","guid":{"rendered":"https:\/\/membraneswitchmfg.com\/manufacturer\/ip68-waterproof-membrane-switch\/"},"modified":"2024-06-25T12:29:03","modified_gmt":"2024-06-25T12:29:03","slug":"ip68-waterproof-membrane-switch","status":"publish","type":"product","link":"https:\/\/membraneswitchmfg.com\/lv\/manufacturer\/ip68-waterproof-membrane-switch\/","title":{"rendered":"IP68 \u016bdensiztur\u012bgs membr\u0101nas sl\u0113dzis"},"content":{"rendered":"<h2><strong><b>IP68 \u016bdensnecaurlaid\u012bgi membr\u0101nas sl\u0113d\u017ei: Dro\u0161as darb\u012bbas nodro\u0161in\u0101\u0161ana sare\u017e\u0123\u012bt\u0101 vid\u0113<\/b><\/strong><\/h2>\n<p><strong>Nep\u0101rsp\u0113jama \u016bdensnecaurlaid\u012bga aizsardz\u012bba<\/strong><\/p>\n<p>IP68 \u016bdensnecaurlaid\u012bgie membr\u0101nu sl\u0113d\u017ei ir r\u016bp\u012bgi nosl\u0113gti un konstru\u0113ti t\u0101, lai nov\u0113rstu \u016bdens, putek\u013cu vai citu pies\u0101r\u0146ot\u0101ju iek\u013c\u016b\u0161anu. \u0160is izcilais aizsardz\u012bbas l\u012bmenis padara tos ide\u0101li piem\u0113rotus izmanto\u0161anai sare\u017e\u0123\u012bt\u0101s vid\u0113s, piem\u0113ram:<\/p>\n<ul>\n<li><strong>Lieto\u0161ana \u0101rpus telp\u0101m:<\/strong>Kioski, izk\u0101rtnes, r\u016bpnieciskie vad\u012bbas pane\u013ci<\/li>\n<li><strong>J\u016bras vide:<\/strong>Laivu vad\u012bbas ier\u012bces, navig\u0101cijas sist\u0113mas, sakaru iek\u0101rtas<\/li>\n<li><strong>p\u0101rtikas p\u0101rstr\u0101des un dz\u0113rienu ra\u017eo\u0161anas nozares:<\/strong>mazg\u0101\u0161anas zonas, ma\u0161\u012bnu vad\u012bbas ier\u012bces, iepako\u0161anas iek\u0101rtas<\/li>\n<li><strong>Medic\u012bnas un laboratorijas iest\u0101d\u0113s:<\/strong>Sterila vide, \u0137irur\u0123isk\u0101s iek\u0101rtas, diagnostikas ier\u012bces<\/li>\n<\/ul>\n<p><strong>Iztur\u012bba un uzticam\u012bba<\/strong><\/p>\n<p>IP68 \u016bdensnecaurlaid\u012bgie membr\u0101nu sl\u0113d\u017ei ir ne tikai \u016bdensnecaurlaid\u012bgi, bet ar\u012b \u012bpa\u0161i iztur\u012bgi, jo tie sp\u0113j iztur\u0113t skarbus ekspluat\u0101cijas apst\u0101k\u013cus, bie\u017eu lieto\u0161anu un agres\u012bvus t\u012br\u012b\u0161anas l\u012bdzek\u013cus. Tas nodro\u0161ina ilgsto\u0161u darb\u012bbu un zemas kop\u0113j\u0101s ekspluat\u0101cijas izmaksas.<\/p>\n<ul>\n<li><strong>Iztur\u012bba pret skr\u0101p\u0113jumiem, \u0137\u012bmisk\u0101m viel\u0101m un UV stariem<\/strong><\/li>\n<li><strong>Pla\u0161s darba temperat\u016bras diapazons<\/strong><\/li>\n<li><strong>Ilgs kalpo\u0161anas laiks pat sare\u017e\u0123\u012bt\u0101s vid\u0113s<\/strong><\/li>\n<\/ul>\n<p><strong>Piel\u0101gojami risin\u0101jumi<\/strong><\/p>\n<p>M\u0113s pied\u0101v\u0101jam pla\u0161u piel\u0101go\u0161anas iesp\u0113ju kl\u0101stu IP68 \u016bdensiztur\u012bgiem membr\u0101nu sl\u0113d\u017eiem, tostarp:<\/p>\n<ul>\n<li><strong>Da\u017e\u0101du izm\u0113ru un stilu sl\u0113d\u017ei<\/strong><\/li>\n<li><strong>Piel\u0101gota grafika un le\u0123endas<\/strong><\/li>\n<li><strong>Fona apgaismojuma un apgaismojuma opcijas<\/strong><\/li>\n<li><strong>Papildu komponentu integr\u0101cija<\/strong><\/li>\n<\/ul>\n<p><strong>Sadarbojieties ar pieredz\u0113ju\u0161u IP68 \u016bdensiztur\u012bgu membr\u0101nas sl\u0113d\u017eu ra\u017eot\u0101ju<\/strong><\/p>\n<p>Ar gadiem ilgu pieredzi \u016bdensnecaurlaid\u012bgo membr\u0101nu sl\u0113d\u017eu tehnolo\u0123iju jom\u0101 un ap\u0146em\u0161anos nodro\u0161in\u0101t kvalit\u0101ti, m\u0113s esam j\u016bsu uzticams avots piel\u0101gotiem IP68 \u016bdensnecaurlaid\u012bgiem membr\u0101nu sl\u0113d\u017eiem. M\u016bsu ekspertu komanda cie\u0161i sadarbosies ar jums, lai izprastu j\u016bsu konkr\u0113t\u0101s vajadz\u012bbas un pied\u0101v\u0101tu risin\u0101jumus, kas nodro\u0161ina uzticamu darb\u012bbu un ilgsto\u0161u veiktsp\u0113ju pat visgr\u016bt\u0101kaj\u0101s vid\u0113s.<\/p>\n<p><strong>Sazinieties ar mums \u0161odien<\/strong>\u00a0lai uzzin\u0101tu vair\u0101k par m\u016bsu IP68 \u016bdensnecaurlaid\u012bgajiem membr\u0101nu sl\u0113d\u017eu risin\u0101jumiem un par to, k\u0101 m\u0113s varam pal\u012bdz\u0113t aizsarg\u0101t j\u016bsu kritiski svar\u012bg\u0101s iek\u0101rtas un nodro\u0161in\u0101t to nevainojamu darb\u012bbu jebkur\u0101 vid\u0113.<\/p>","protected":false},"excerpt":{"rendered":"<p>Lietojumprogramm\u0101s, kur\u0101s ir nepiecie\u0161ama \u016bdens, putek\u013cu un citu smagu apst\u0101k\u013cu iedarb\u012bba, IP68 \u016bdensnecaurlaid\u012bgie membr\u0101nu sl\u0113d\u017ei nodro\u0161ina vislab\u0101ko aizsardz\u012bbu. \u0160ie iztur\u012bgie sl\u0113d\u017ei ir izstr\u0101d\u0101ti atbilsto\u0161i stingraj\u0101m IP68 aizsardz\u012bbas pret iek\u013c\u016b\u0161anu standarta pras\u012bb\u0101m, nodro\u0161inot uzticamu darb\u012bbu pat tad, ja tie ir iegremd\u0113ti \u016bden\u012b vai pak\u013cauti \u0101rk\u0101rt\u0113jai putek\u013cu un net\u012brumu iek\u013c\u016b\u0161anai.<\/p>","protected":false},"featured_media":1769,"template":"","meta":[],"product_brand":[],"product_cat":[40],"product_tag":[],"class_list":{"0":"post-1793","1":"product","2":"type-product","3":"status-publish","4":"has-post-thumbnail","6":"product_cat-membrane-switch","8":"first","9":"instock","10":"shipping-taxable","11":"product-type-simple"},"_links":{"self":[{"href":"https:\/\/membraneswitchmfg.com\/lv\/wp-json\/wp\/v2\/product\/1793","targetHints":{"allow":["GET"]}}],"collection":[{"href":"https:\/\/membraneswitchmfg.com\/lv\/wp-json\/wp\/v2\/product"}],"about":[{"href":"https:\/\/membraneswitchmfg.com\/lv\/wp-json\/wp\/v2\/types\/product"}],"wp:featuredmedia":[{"embeddable":true,"href":"https:\/\/membraneswitchmfg.com\/lv\/wp-json\/wp\/v2\/media\/1769"}],"wp:attachment":[{"href":"https:\/\/membraneswitchmfg.com\/lv\/wp-json\/wp\/v2\/media?parent=1793"}],"wp:term":[{"taxonomy":"product_brand","embeddable":true,"href":"https:\/\/membraneswitchmfg.com\/lv\/wp-json\/wp\/v2\/product_brand?post=1793"},{"taxonomy":"product_cat","embeddable":true,"href":"https:\/\/membraneswitchmfg.com\/lv\/wp-json\/wp\/v2\/product_cat?post=1793"},{"taxonomy":"product_tag","embeddable":true,"href":"https:\/\/membraneswitchmfg.com\/lv\/wp-json\/wp\/v2\/product_tag?post=1793"}],"curies":[{"name":"wp","href":"https:\/\/api.w.org\/{rel}","templated":true}]}}