{"id":1795,"date":"2024-06-24T05:57:58","date_gmt":"2024-06-24T05:57:58","guid":{"rendered":"https:\/\/membraneswitchmfg.com\/manufacturer\/membrane-keypads-and-keyboards\/"},"modified":"2024-06-25T12:34:01","modified_gmt":"2024-06-25T12:34:01","slug":"membrane-keypads-and-keyboards","status":"publish","type":"product","link":"https:\/\/membraneswitchmfg.com\/lv\/manufacturer\/membrane-keypads-and-keyboards\/","title":{"rendered":"Membr\u0101nu tastat\u016bras un klaviat\u016bras"},"content":{"rendered":"<h2><strong><b>Membr\u0101nu tastat\u016bras un klaviat\u016bras: uzticami un rentabli ievades risin\u0101jumi<\/b><\/strong><\/h2>\n<p><strong>Iztur\u012bgs un rentabls<\/strong><\/p>\n<p>Membr\u0101nu tastat\u016bras un klaviat\u016bras ir paz\u012bstamas ar savu iztur\u012bbu un pieejam\u012bbu. Vienk\u0101r\u0161\u0101 konstrukcija un kust\u012bgu deta\u013cu tr\u016bkums padara t\u0101s maz\u0101k pak\u013cautas nodilumam, pagarinot to kalpo\u0161anas laiku. Turkl\u0101t ra\u017eo\u0161anas process ir sal\u012bdzino\u0161i l\u0113ts, k\u0101 rezult\u0101t\u0101 izmaksas ir zem\u0101kas sal\u012bdzin\u0101jum\u0101 ar cit\u0101m ievades ier\u012bc\u0113m.<\/p>\n<ul>\n<li><strong>Ilgs kalpo\u0161anas laiks ar minim\u0101lu apkopi<\/strong><\/li>\n<li><strong>Rentabls risin\u0101jums liela apjoma lietojumiem<\/strong><\/li>\n<li><strong>Piem\u0113rots skarbai videi un bie\u017eai lieto\u0161anai<\/strong><\/li>\n<\/ul>\n<p><strong>Daudzpus\u012bgi lietojumi<\/strong><\/p>\n<p>Membr\u0101nu tastat\u016bras un klaviat\u016bras ir daudzpus\u012bgas ievades ier\u012bces, kas piem\u0113rotas da\u017e\u0101diem lietojumiem, tostarp:<\/p>\n<ul>\n<li><strong>R\u016bpnieciskie vad\u012bbas pane\u013ci<\/strong><\/li>\n<li><strong>Medic\u012bnisk\u0101s ier\u012bces<\/strong><\/li>\n<li><strong>Pat\u0113ri\u0146a elektronika<\/strong><\/li>\n<li><strong>Ier\u012bces<\/strong><\/li>\n<li><strong>Tirdzniec\u012bbas autom\u0101ti<\/strong><\/li>\n<li><strong>Bankom\u0101ti (ATM)<\/strong><\/li>\n<\/ul>\n<p><strong>Piel\u0101gojamas opcijas<\/strong><\/p>\n<p>Membr\u0101nu tastat\u016bras un klaviat\u016bras var piel\u0101got, lai t\u0101s atbilstu \u012bpa\u0161\u0101m pras\u012bb\u0101m, tostarp:<\/p>\n<ul>\n<li><strong>Da\u017e\u0101di tausti\u0146u izk\u0101rtojumi un izm\u0113ri<\/strong><\/li>\n<li><strong>Piel\u0101gota grafika un le\u0123endas<\/strong><\/li>\n<li><strong>Fona apgaismojuma un apgaismojuma opcijas<\/strong><\/li>\n<li><strong>Papildu komponentu integr\u0101cija<\/strong><\/li>\n<\/ul>\n<p><strong>Sadarbojieties ar pieredz\u0113ju\u0161u membr\u0101nu tastat\u016bru un klaviat\u016bru ra\u017eot\u0101ju<\/strong><\/p>\n<p>Ar gadiem ilgu pieredzi membr\u0101nu tastat\u016bru un klaviat\u016bru tehnolo\u0123ij\u0101 m\u0113s esam j\u016bsu uzticamais augstas kvalit\u0101tes, piel\u0101gotu ievades risin\u0101jumu avots. M\u016bsu ekspertu komanda cie\u0161i sadarbosies ar jums, lai izprastu j\u016bsu \u012bpa\u0161\u0101s vajadz\u012bbas un nodro\u0161in\u0101tu risin\u0101jumus, kas nodro\u0161ina uzticamu veiktsp\u0113ju, rentabilit\u0101ti un daudzpus\u012bbu.<\/p>\n<p><strong><a href=\"https:\/\/membraneswitchmfg.com\/lv\/contact\/\">Sazinieties ar mums <\/a>\u0161odien<\/strong>\u00a0lai uzzin\u0101tu vair\u0101k par m\u016bsu membr\u0101nu tastat\u016bru un klaviat\u016bru risin\u0101jumiem un to, k\u0101 m\u0113s varam pal\u012bdz\u0113t jums izveidot lietot\u0101jam draudz\u012bgas un iztur\u012bgas ievades ier\u012bces j\u016bsu lietojumiem.<\/p>","protected":false},"excerpt":{"rendered":"<p>Membr\u0101nas tastat\u016bras un klaviat\u016bras pied\u0101v\u0101 uzticamu un rentablu risin\u0101jumu pla\u0161am ievades lietojumu kl\u0101stam. \u0160\u012bs ievades ier\u012bces izmanto unik\u0101lu dizainu, kas izmanto spiedienjut\u012bgas membr\u0101nas un vado\u0161us sl\u0101\u0146us, lai re\u0123istr\u0113tu tausti\u0146sitienus, nodro\u0161inot taustes reakciju un ilgsto\u0161u veiktsp\u0113ju.<\/p>","protected":false},"featured_media":1751,"template":"","meta":[],"product_brand":[],"product_cat":[40],"product_tag":[],"class_list":{"0":"post-1795","1":"product","2":"type-product","3":"status-publish","4":"has-post-thumbnail","6":"product_cat-membrane-switch","8":"first","9":"instock","10":"shipping-taxable","11":"product-type-simple"},"_links":{"self":[{"href":"https:\/\/membraneswitchmfg.com\/lv\/wp-json\/wp\/v2\/product\/1795","targetHints":{"allow":["GET"]}}],"collection":[{"href":"https:\/\/membraneswitchmfg.com\/lv\/wp-json\/wp\/v2\/product"}],"about":[{"href":"https:\/\/membraneswitchmfg.com\/lv\/wp-json\/wp\/v2\/types\/product"}],"wp:featuredmedia":[{"embeddable":true,"href":"https:\/\/membraneswitchmfg.com\/lv\/wp-json\/wp\/v2\/media\/1751"}],"wp:attachment":[{"href":"https:\/\/membraneswitchmfg.com\/lv\/wp-json\/wp\/v2\/media?parent=1795"}],"wp:term":[{"taxonomy":"product_brand","embeddable":true,"href":"https:\/\/membraneswitchmfg.com\/lv\/wp-json\/wp\/v2\/product_brand?post=1795"},{"taxonomy":"product_cat","embeddable":true,"href":"https:\/\/membraneswitchmfg.com\/lv\/wp-json\/wp\/v2\/product_cat?post=1795"},{"taxonomy":"product_tag","embeddable":true,"href":"https:\/\/membraneswitchmfg.com\/lv\/wp-json\/wp\/v2\/product_tag?post=1795"}],"curies":[{"name":"wp","href":"https:\/\/api.w.org\/{rel}","templated":true}]}}