{"id":1975,"date":"2024-06-30T14:12:55","date_gmt":"2024-06-30T14:12:55","guid":{"rendered":"https:\/\/membraneswitchmfg.com\/?post_type=product&#038;p=1975"},"modified":"2024-06-30T14:19:38","modified_gmt":"2024-06-30T14:19:38","slug":"pc-print-label","status":"publish","type":"product","link":"https:\/\/membraneswitchmfg.com\/lv\/manufacturer\/pc-print-label\/","title":{"rendered":"Datora druk\u0101\u0161anas eti\u0137ete"},"content":{"rendered":"<p data-sourcepos=\"3:1-3:59\"><strong>Datora druk\u0101\u0161anas eti\u0137ete:<\/strong> Efekt\u012bvu mar\u0137\u0113\u0161anas risin\u0101jumu nodro\u0161in\u0101\u0161ana<\/p>\n<p data-sourcepos=\"5:1-5:8\">PC Print Label ir visaptvero\u0161s programmat\u016bras risin\u0101jums, kas racionaliz\u0113 uzl\u012bmju izveides un druk\u0101\u0161anas procesu visda\u017e\u0101d\u0101kaj\u0101m lietojumprogramm\u0101m. Neatkar\u012bgi no t\u0101, vai jums ir nepiecie\u0161ams mar\u0137\u0113t produktus, nos\u016bt\u012bt iepakojumus vai organiz\u0113t invent\u0101ru, PC Print Label nodro\u0161ina r\u012bkus un elast\u012bbu, lai viegli p\u0101rvald\u012btu mar\u0137\u0113\u0161anas uzdevumus.<\/p>\n<p data-sourcepos=\"7:1-7:17\"><strong>Galven\u0101s funkcijas:<\/strong><\/p>\n<ul data-sourcepos=\"9:1-9:23\">\n<li data-sourcepos=\"9:1-9:23\">\n<p data-sourcepos=\"9:3-9:144\"><strong>Intuit\u012bvs dizains:<\/strong> Programma PC Print Label pied\u0101v\u0101 lietot\u0101jam draudz\u012bgu saskarni, kas \u013cauj viegli izstr\u0101d\u0101t un piel\u0101got eti\u0137etes pat ies\u0101c\u0113jiem.<\/p>\n<\/li>\n<li data-sourcepos=\"11:1-11:46\">\n<p data-sourcepos=\"11:3-11:46\"><strong>Daudzpus\u012bgas eti\u0137e\u0161u veidnes:<\/strong> Izv\u0113lieties no pla\u0161\u0101 iepriek\u0161 izstr\u0101d\u0101to eti\u0137e\u0161u veid\u0146u kl\u0101sta vai izveidojiet savu unik\u0101lo dizainu, izmantojot jaud\u012bgo eti\u0137e\u0161u redaktoru.<\/p>\n<\/li>\n<li data-sourcepos=\"13:1-14:0\">\n<p data-sourcepos=\"13:3-13:189\"><strong>Dinamiska datu integr\u0101cija:<\/strong> Import\u0113jiet datus no da\u017e\u0101diem avotiem, piem\u0113ram, izkl\u0101jlap\u0101m vai datub\u0101z\u0113m, lai personaliz\u0113tu eti\u0137etes ar produktu inform\u0101ciju, klientu inform\u0101ciju vai pieg\u0101des adres\u0113m.<\/p>\n<\/li>\n<li data-sourcepos=\"15:1-16:0\">\n<p data-sourcepos=\"15:3-15:116\"><strong>Sv\u012btrkoda \u0123ener\u0113\u0161ana:<\/strong> \u0122ener\u0113jiet un druk\u0101jiet sv\u012btrkodus efekt\u012bvai produktu identifik\u0101cijai un kr\u0101jumu p\u0101rvald\u012bbai.<\/p>\n<\/li>\n<li data-sourcepos=\"17:1-17:140\">\n<p data-sourcepos=\"17:3-17:140\"><strong>Elast\u012bgas druk\u0101\u0161anas iesp\u0113jas:<\/strong> Druk\u0101jiet eti\u0137etes ar da\u017e\u0101diem eti\u0137e\u0161u printeriem, tostarp standarta galda printeriem, specializ\u0113tiem eti\u0137e\u0161u printeriem un r\u016bpnieciskiem eti\u0137e\u0161u printeriem.<\/p>\n<\/li>\n<\/ul>","protected":false},"excerpt":{"rendered":"<p>PC Print Label ar sav\u0101m visaptvero\u0161aj\u0101m funkcij\u0101m un lietot\u0101jam draudz\u012bgo saskarni ir neaizst\u0101jams r\u012bks uz\u0146\u0113mumiem un priv\u0101tperson\u0101m, kas pa\u013caujas uz efekt\u012bviem un prec\u012bziem mar\u0137\u0113\u0161anas risin\u0101jumiem. Uzlabojiet savu mar\u0137\u0113\u0161anas produktivit\u0101ti un organiz\u0101ciju ar PC Print Label.<\/p>","protected":false},"featured_media":1976,"template":"","meta":[],"product_brand":[],"product_cat":[15],"product_tag":[],"class_list":{"0":"post-1975","1":"product","2":"type-product","3":"status-publish","4":"has-post-thumbnail","6":"product_cat-print-label","8":"first","9":"instock","10":"shipping-taxable","11":"product-type-simple"},"_links":{"self":[{"href":"https:\/\/membraneswitchmfg.com\/lv\/wp-json\/wp\/v2\/product\/1975","targetHints":{"allow":["GET"]}}],"collection":[{"href":"https:\/\/membraneswitchmfg.com\/lv\/wp-json\/wp\/v2\/product"}],"about":[{"href":"https:\/\/membraneswitchmfg.com\/lv\/wp-json\/wp\/v2\/types\/product"}],"wp:featuredmedia":[{"embeddable":true,"href":"https:\/\/membraneswitchmfg.com\/lv\/wp-json\/wp\/v2\/media\/1976"}],"wp:attachment":[{"href":"https:\/\/membraneswitchmfg.com\/lv\/wp-json\/wp\/v2\/media?parent=1975"}],"wp:term":[{"taxonomy":"product_brand","embeddable":true,"href":"https:\/\/membraneswitchmfg.com\/lv\/wp-json\/wp\/v2\/product_brand?post=1975"},{"taxonomy":"product_cat","embeddable":true,"href":"https:\/\/membraneswitchmfg.com\/lv\/wp-json\/wp\/v2\/product_cat?post=1975"},{"taxonomy":"product_tag","embeddable":true,"href":"https:\/\/membraneswitchmfg.com\/lv\/wp-json\/wp\/v2\/product_tag?post=1975"}],"curies":[{"name":"wp","href":"https:\/\/api.w.org\/{rel}","templated":true}]}}